{"id":652,"date":"2024-09-10T07:23:02","date_gmt":"2024-09-10T07:23:02","guid":{"rendered":"http:\/\/10.10.10.150\/mapasidel\/?page_id=652"},"modified":"2026-03-27T13:09:48","modified_gmt":"2026-03-27T13:09:48","slug":"kontakty","status":"publish","type":"page","link":"https:\/\/mapapartnerstva.gov.sk\/?page_id=652","title":{"rendered":"Kontakty"},"content":{"rendered":"<div class=\"idsk-address idsk-address--full-width\" data-module=\"idsk-address\">\n<hr class=\"idsk-address__separator-top\" \/>\n<div class=\"idsk-address__content\">\n<div class=\"idsk-address__description\">\n<h2 class=\"govuk-heading-m\">Ministerstvo invest\u00edci\u00ed, region\u00e1lneho rozvoja a informatiz\u00e1cie SR<\/h2>\n<p class=\"govuk-body\">Pribinova 25<\/p>\n<p class=\"govuk-body\">811 09 Bratislava<\/p>\n<\/div>\n<\/div>\n\n<table id=\"tablepress-13\" class=\"tablepress tablepress-id-13 tbody-has-connected-cells\">\n<thead>\n<tr class=\"row-1\">\n\t<th colspan=\"7\" class=\"column-1\"><span style=\"color:#FF0000;\"><strong>Odbor region\u00e1lnych centier<\/strong><\/span><\/th>\n<\/tr>\n<\/thead>\n<tbody class=\"row-striping row-hover\">\n<tr class=\"row-2\">\n\t<td class=\"column-1\"><\/td><td class=\"column-2\"><\/td><td class=\"column-3\"><\/td><td class=\"column-4\"><\/td><td class=\"column-5\"><\/td><td class=\"column-6\"><\/td><td class=\"column-7\"><\/td>\n<\/tr>\n<tr class=\"row-3\">\n\t<td class=\"column-1\"><strong>Region\u00e1lne centrum<\/strong><\/td><td class=\"column-2\"><strong>Titul pred menom<\/strong><\/td><td class=\"column-3\"><strong>Meno<\/strong><\/td><td class=\"column-4\"><strong>Priezvisko<\/strong><\/td><td class=\"column-5\"><strong>Titul za menom<\/strong><\/td><td class=\"column-6\"><strong>Tel. \u010d\u00edslo<\/strong><\/td><td class=\"column-7\"><strong>Email<\/strong><\/td>\n<\/tr>\n<tr class=\"row-4\">\n\t<td class=\"column-1\">Riadite\u013e<\/td><td class=\"column-2\"><strong>Mgr.<\/strong><\/td><td class=\"column-3\"><strong>Peter<\/strong><\/td><td class=\"column-4\"><strong>Papcun<\/strong><\/td><td class=\"column-5\"><strong><\/strong><\/td><td class=\"column-6\"><strong>0948 292 612<\/strong><\/td><td class=\"column-7\"><strong>peter.papcun@mirri.gov.sk<\/strong><\/td>\n<\/tr>\n<tr class=\"row-5\">\n\t<td rowspan=\"4\" class=\"column-1\">Oddelenie riadenia a koordin\u00e1cie region\u00e1lnch centier (Bratislava)<\/td><td class=\"column-2\">Mgr.<\/td><td class=\"column-3\">Simona<\/td><td class=\"column-4\">Kova\u010d\u00f3cyov\u00e1<\/td><td class=\"column-5\"><\/td><td class=\"column-6\">0948 487 638<\/td><td class=\"column-7\">simona.kovacocyova@mirri.gov.sk<\/td>\n<\/tr>\n<tr class=\"row-6\">\n\t<td class=\"column-2\">Mgr.<\/td><td class=\"column-3\">Tom\u00e1\u0161<\/td><td class=\"column-4\">Luka\u010dovsk\u00fd<\/td><td class=\"column-5\"><\/td><td class=\"column-6\">0949 001 848<\/td><td class=\"column-7\">tomas.lukacovsky.mirri.gov.sk<\/td>\n<\/tr>\n<tr class=\"row-7\">\n\t<td class=\"column-2\">Mgr.<\/td><td class=\"column-3\">Lucia<\/td><td class=\"column-4\">Sigetiov\u00e1<\/td><td class=\"column-5\"><\/td><td class=\"column-6\">0940 613 589<\/td><td class=\"column-7\">lucia.sigetiova@mirri.gov.sk<\/td>\n<\/tr>\n<tr class=\"row-8\">\n\t<td class=\"column-2\">Mgr.<\/td><td class=\"column-3\">M\u00e1ria<\/td><td class=\"column-4\">Zajaro\u0161ov\u00e1<\/td><td class=\"column-5\"><\/td><td class=\"column-6\">0948 363 721<\/td><td class=\"column-7\">maria.zajarosova@mirri.gov.sk<\/td>\n<\/tr>\n<tr class=\"row-9\">\n\t<td rowspan=\"6\" class=\"column-1\">Trnava<\/td><td class=\"column-2\"><strong>Ing.<\/strong><\/td><td class=\"column-3\"><strong>Katar\u00edna<\/strong><\/td><td class=\"column-4\"><strong>Kraj\u010dovi\u010dov\u00e1<\/strong><\/td><td class=\"column-5\"><strong><\/strong><\/td><td class=\"column-6\"><strong>0948 484 963<\/strong><\/td><td class=\"column-7\"><strong>katarina.krajcovicova@mirri.gov.sk<\/strong><\/td>\n<\/tr>\n<tr class=\"row-10\">\n\t<td class=\"column-2\">Bc.<\/td><td class=\"column-3\">Veronika<\/td><td class=\"column-4\">Bokorov\u00e1<\/td><td class=\"column-5\"><\/td><td class=\"column-6\">0947 913 864<\/td><td class=\"column-7\">veronika.bokorova@mirri.gov.sk<\/td>\n<\/tr>\n<tr class=\"row-11\">\n\t<td class=\"column-2\">PhDr.<\/td><td class=\"column-3\">Lucia<\/td><td class=\"column-4\">Andelov\u00e1<\/td><td class=\"column-5\">PhD.<\/td><td class=\"column-6\">0948 956 033<\/td><td class=\"column-7\">lucia.andelova@mirri.gov.sk<\/td>\n<\/tr>\n<tr class=\"row-12\">\n\t<td class=\"column-2\">Ing.<\/td><td class=\"column-3\">Zuzana<\/td><td class=\"column-4\">Gabrielov\u00e1<\/td><td class=\"column-5\"><\/td><td class=\"column-6\">0948 026 052<\/td><td class=\"column-7\">zuzana.gabrielova@mirri.gov.sk<\/td>\n<\/tr>\n<tr class=\"row-13\">\n\t<td class=\"column-2\">PhDr.<\/td><td class=\"column-3\">Lucia<\/td><td class=\"column-4\">Janechov\u00e1<\/td><td class=\"column-5\"><\/td><td class=\"column-6\">0948 490 175<\/td><td class=\"column-7\">lucia.janechova@mirri.gov.sk<\/td>\n<\/tr>\n<tr class=\"row-14\">\n\t<td class=\"column-2\">Ing.<\/td><td class=\"column-3\">Jana<\/td><td class=\"column-4\">Krivi\u010dkov\u00e1<\/td><td class=\"column-5\"><\/td><td class=\"column-6\">0948 015 020<\/td><td class=\"column-7\">jana.krivickova@mirri.gov.sk<\/td>\n<\/tr>\n<tr class=\"row-15\">\n\t<td rowspan=\"9\" class=\"column-1\">Nitra<\/td><td class=\"column-2\"><strong>Ing. Mgr.<\/strong><\/td><td class=\"column-3\"><strong>Roz\u00e1lia<\/strong><\/td><td class=\"column-4\"><strong>\u017didzikov\u00e1<\/strong><\/td><td class=\"column-5\"><strong>PhD.<\/strong><\/td><td class=\"column-6\"><strong>0947 913 861<\/strong><\/td><td class=\"column-7\"><strong>rozalia.zidzikova@mirri.gov.sk<\/strong><\/td>\n<\/tr>\n<tr class=\"row-16\">\n\t<td class=\"column-2\">Ing.<\/td><td class=\"column-3\">Vanesa<\/td><td class=\"column-4\">G\u00e9ciov\u00e1<\/td><td class=\"column-5\"><\/td><td class=\"column-6\">0948 438 831<\/td><td class=\"column-7\">vanesa.geciova@mirri.gov.sk<\/td>\n<\/tr>\n<tr class=\"row-17\">\n\t<td class=\"column-2\">Ing.<\/td><td class=\"column-3\">Katar\u00edna<\/td><td class=\"column-4\">C\u00edsarov\u00e1<\/td><td class=\"column-5\"><\/td><td class=\"column-6\">0948 953 996<\/td><td class=\"column-7\">katarina.cisarova@mirri.gov.sk<\/td>\n<\/tr>\n<tr class=\"row-18\">\n\t<td class=\"column-2\">Ing.<\/td><td class=\"column-3\">Viktor<\/td><td class=\"column-4\">Deszat<\/td><td class=\"column-5\"><\/td><td class=\"column-6\">0947 923 937<\/td><td class=\"column-7\">viktor.deszat@mirri.gov.sk<\/td>\n<\/tr>\n<tr class=\"row-19\">\n\t<td class=\"column-2\">Ing.<\/td><td class=\"column-3\">J\u00e1n<\/td><td class=\"column-4\">Kaminsk\u00fd<\/td><td class=\"column-5\"><\/td><td class=\"column-6\">0948 605 354<\/td><td class=\"column-7\">jan.kaminsky@mirri.gov.sk<\/td>\n<\/tr>\n<tr class=\"row-20\">\n\t<td class=\"column-2\">PhDr.<\/td><td class=\"column-3\">Silvia<\/td><td class=\"column-4\">Kov\u00e1\u010dikov\u00e1<\/td><td class=\"column-5\">MBA, LL.M.<\/td><td class=\"column-6\">0948 487 465<\/td><td class=\"column-7\">silvia.kovacikova@mirri.gov.sk<\/td>\n<\/tr>\n<tr class=\"row-21\">\n\t<td class=\"column-2\">Mgr.<\/td><td class=\"column-3\">Zlatica<\/td><td class=\"column-4\">Laukov\u00e1<\/td><td class=\"column-5\"><\/td><td class=\"column-6\"><\/td><td class=\"column-7\">zlatica.laukova@mirri.gov.sk<\/td>\n<\/tr>\n<tr class=\"row-22\">\n\t<td class=\"column-2\">Mgr.<\/td><td class=\"column-3\">Alexandra<\/td><td class=\"column-4\">Liptayov\u00e1<\/td><td class=\"column-5\"><\/td><td class=\"column-6\">0948 487 458<\/td><td class=\"column-7\">alexandra.liptayova@mirri.gov.sk<\/td>\n<\/tr>\n<tr class=\"row-23\">\n\t<td class=\"column-2\">PhDr.<\/td><td class=\"column-3\">Eva<\/td><td class=\"column-4\">\u0160uster<\/td><td class=\"column-5\"><\/td><td class=\"column-6\">0948 039 376<\/td><td class=\"column-7\">eva.suster@mirri.gov.sk<\/td>\n<\/tr>\n<tr class=\"row-24\">\n\t<td rowspan=\"7\" class=\"column-1\">Tren\u010d\u00edn<\/td><td class=\"column-2\"><strong>Mgr.<\/strong><\/td><td class=\"column-3\"><strong>Andrej<\/strong><\/td><td class=\"column-4\"><strong>P\u00e9li<\/strong><\/td><td class=\"column-5\"><strong><\/strong><\/td><td class=\"column-6\"><strong>0947 923 938<\/strong><\/td><td class=\"column-7\"><strong>andrej.peli@mirri.gov.sk<\/strong><\/td>\n<\/tr>\n<tr class=\"row-25\">\n\t<td class=\"column-2\"><\/td><td class=\"column-3\">Monika<\/td><td class=\"column-4\">Faltinkov\u00e1<\/td><td class=\"column-5\"><\/td><td class=\"column-6\">0940 992 306<\/td><td class=\"column-7\">monika.faltinkova@mirri.gov.sk<\/td>\n<\/tr>\n<tr class=\"row-26\">\n\t<td class=\"column-2\">Ing.<\/td><td class=\"column-3\">Miroslav<\/td><td class=\"column-4\">Dzina<\/td><td class=\"column-5\"><\/td><td class=\"column-6\">0948 365 252<\/td><td class=\"column-7\">miroslav.dzina@mirri.gov.sk<\/td>\n<\/tr>\n<tr class=\"row-27\">\n\t<td class=\"column-2\">Mgr.<\/td><td class=\"column-3\">Rafael<\/td><td class=\"column-4\">Jan\u00ed\u010dek<\/td><td class=\"column-5\">MBA<\/td><td class=\"column-6\">0948 484 961<\/td><td class=\"column-7\">rafael.janicek@mirri.gov.sk<\/td>\n<\/tr>\n<tr class=\"row-28\">\n\t<td class=\"column-2\">Ing.<\/td><td class=\"column-3\">Zuzana<\/td><td class=\"column-4\">Ma\u010dkov\u00e1<\/td><td class=\"column-5\"><\/td><td class=\"column-6\">0947 923 931<\/td><td class=\"column-7\">zuzana.mackova@mirri.gov.sk<\/td>\n<\/tr>\n<tr class=\"row-29\">\n\t<td class=\"column-2\">Ing.<\/td><td class=\"column-3\">Andrej<\/td><td class=\"column-4\">Milo<\/td><td class=\"column-5\"><\/td><td class=\"column-6\">0940 636 478<\/td><td class=\"column-7\">andrej.milo@mirri.gov.sk<\/td>\n<\/tr>\n<tr class=\"row-30\">\n\t<td class=\"column-2\">Ing.<\/td><td class=\"column-3\">Monika<\/td><td class=\"column-4\">\u0160ufliarska<\/td><td class=\"column-5\"><\/td><td class=\"column-6\">0947 913 863<\/td><td class=\"column-7\">monika.sufliarska@mirri.gov.sk<\/td>\n<\/tr>\n<tr class=\"row-31\">\n\t<td rowspan=\"6\" class=\"column-1\">\u017dilina<\/td><td class=\"column-2\">Mgr.<\/td><td class=\"column-3\">Gabriela<\/td><td class=\"column-4\">Kompi\u0161ov\u00e1<\/td><td class=\"column-5\"><\/td><td class=\"column-6\">0947 913 327<\/td><td class=\"column-7\">gabriela.kompisova@mirri.gov.sk<\/td>\n<\/tr>\n<tr class=\"row-32\">\n\t<td class=\"column-2\">Ing.<\/td><td class=\"column-3\">Ivana<\/td><td class=\"column-4\">Bobrovsk\u00e1<\/td><td class=\"column-5\"><\/td><td class=\"column-6\">0940 605 870<\/td><td class=\"column-7\">ivana.bobrovska@mirri.gov.sk<\/td>\n<\/tr>\n<tr class=\"row-33\">\n\t<td class=\"column-2\">Bc.<\/td><td class=\"column-3\">Daniela<\/td><td class=\"column-4\">Chr\u00e1stov\u00e1<\/td><td class=\"column-5\"><\/td><td class=\"column-6\">0940 994 632<\/td><td class=\"column-7\">daniela.chrastova@mirri.gov.sk<\/td>\n<\/tr>\n<tr class=\"row-34\">\n\t<td class=\"column-2\">Ing.<\/td><td class=\"column-3\">Lenka<\/td><td class=\"column-4\">Kuffov\u00e1<\/td><td class=\"column-5\"><\/td><td class=\"column-6\">0948 218 220<\/td><td class=\"column-7\">lenka.kuffova@mirri.gov.sk<\/td>\n<\/tr>\n<tr class=\"row-35\">\n\t<td class=\"column-2\">Ing.<\/td><td class=\"column-3\">Eduard<\/td><td class=\"column-4\">Prielo\u017en\u00fd<\/td><td class=\"column-5\"><\/td><td class=\"column-6\">0948 063 612<\/td><td class=\"column-7\">eduard.prielozny@mirri.gov.sk<\/td>\n<\/tr>\n<tr class=\"row-36\">\n\t<td class=\"column-2\">Ing.<\/td><td class=\"column-3\">M\u00e1ria<\/td><td class=\"column-4\">Boh\u00e1\u010dov\u00e1<\/td><td class=\"column-5\"><\/td><td class=\"column-6\">0948 610 281<\/td><td class=\"column-7\">maria.bohacova@mirri.gov.sk<\/td>\n<\/tr>\n<tr class=\"row-37\">\n\t<td rowspan=\"8\" class=\"column-1\">Bansk\u00e1 Bystrica<\/td><td class=\"column-2\"><strong>Mgr.<\/strong><\/td><td class=\"column-3\"><strong>Lenka<\/strong><\/td><td class=\"column-4\"><strong>Kupcov\u00e1 Zimov\u00e1<\/strong><\/td><td class=\"column-5\"><strong><\/strong><\/td><td class=\"column-6\"><strong>0948 251 783<\/strong><\/td><td class=\"column-7\"><strong>lenka.kupcova@mirri.gov.sk<\/strong><\/td>\n<\/tr>\n<tr class=\"row-38\">\n\t<td class=\"column-2\">Mgr.<\/td><td class=\"column-3\">Jela<\/td><td class=\"column-4\">Su\u0161ienkov\u00e1<\/td><td class=\"column-5\"><\/td><td class=\"column-6\">0948 240 581<\/td><td class=\"column-7\">jela.susienkova@mirri.gov.sk<\/td>\n<\/tr>\n<tr class=\"row-39\">\n\t<td class=\"column-2\">PhDr.<\/td><td class=\"column-3\">Jana<\/td><td class=\"column-4\">Koh\u00fatov\u00e1<\/td><td class=\"column-5\">PhD.<\/td><td class=\"column-6\">0948 047 827<\/td><td class=\"column-7\">jana.kohutova@mirri.gov.sk<\/td>\n<\/tr>\n<tr class=\"row-40\">\n\t<td class=\"column-2\">Mgr.<\/td><td class=\"column-3\">Tom\u00e1\u0161<\/td><td class=\"column-4\">Moravec<\/td><td class=\"column-5\"><\/td><td class=\"column-6\">0948 047 823<\/td><td class=\"column-7\">tomas.moravec@mirri.gov.sk<\/td>\n<\/tr>\n<tr class=\"row-41\">\n\t<td class=\"column-2\">Ing.<\/td><td class=\"column-3\">Peter<\/td><td class=\"column-4\">Ro\u0161ko<\/td><td class=\"column-5\"><\/td><td class=\"column-6\">0948 953 993<\/td><td class=\"column-7\">peter.rosko@mirri.gov.sk<\/td>\n<\/tr>\n<tr class=\"row-42\">\n\t<td class=\"column-2\">Mgr.<\/td><td class=\"column-3\">Andrea<\/td><td class=\"column-4\">S\u00falovcov\u00e1<\/td><td class=\"column-5\">PhD.<\/td><td class=\"column-6\">0947 923 935<\/td><td class=\"column-7\">andrea.sulovcova@mirri.gov.sk<\/td>\n<\/tr>\n<tr class=\"row-43\">\n\t<td class=\"column-2\">Mgr.<\/td><td class=\"column-3\">Vikt\u00f3ria<\/td><td class=\"column-4\">\u0160tepigov\u00e1<\/td><td class=\"column-5\"><\/td><td class=\"column-6\">0940 992 311<\/td><td class=\"column-7\">viktoria.stepigova@mirri.gov.sk<\/td>\n<\/tr>\n<tr class=\"row-44\">\n\t<td class=\"column-2\">Ing.<\/td><td class=\"column-3\">Miroslav<\/td><td class=\"column-4\">Valovi\u010d<\/td><td class=\"column-5\"><\/td><td class=\"column-6\">0948 484 966<\/td><td class=\"column-7\">miroslav.valovic@mirri.gov.sk<\/td>\n<\/tr>\n<tr class=\"row-45\">\n\t<td rowspan=\"9\" class=\"column-1\">Pre\u0161ov<\/td><td class=\"column-2\"><strong>JUDr.<\/strong><\/td><td class=\"column-3\"><strong>Marcel<\/strong><\/td><td class=\"column-4\"><strong>Ko\u017e\u00e1r<\/strong><\/td><td class=\"column-5\"><strong>LL.M.<\/strong><\/td><td class=\"column-6\"><strong>0948 430 104<\/strong><\/td><td class=\"column-7\"><strong>marcel.kozar@mirri.gov.sk<\/strong><\/td>\n<\/tr>\n<tr class=\"row-46\">\n\t<td class=\"column-2\">Ing.<\/td><td class=\"column-3\">Krist\u00edna<\/td><td class=\"column-4\">Jur\u010di\u0161inov\u00e1<\/td><td class=\"column-5\"><\/td><td class=\"column-6\">0948 243 042<\/td><td class=\"column-7\">kristina.jurcisinova@mirri.gov.sk<\/td>\n<\/tr>\n<tr class=\"row-47\">\n\t<td class=\"column-2\">PaedDr.<\/td><td class=\"column-3\">Just\u00edna<\/td><td class=\"column-4\">Besterciov\u00e1<\/td><td class=\"column-5\">MBA<\/td><td class=\"column-6\">0948 427 038<\/td><td class=\"column-7\">justina.besterciova@mirri.gov.sk<\/td>\n<\/tr>\n<tr class=\"row-48\">\n\t<td class=\"column-2\">Ing.<\/td><td class=\"column-3\">Mat\u00fa\u0161<\/td><td class=\"column-4\">Bre\u010dka<\/td><td class=\"column-5\"><\/td><td class=\"column-6\">0948 364 253<\/td><td class=\"column-7\">matus.brecka@mirri.gov.sk<\/td>\n<\/tr>\n<tr class=\"row-49\">\n\t<td class=\"column-2\">Mgr.<\/td><td class=\"column-3\">M\u00e1ria<\/td><td class=\"column-4\">Eli\u00e1\u0161ov\u00e1<\/td><td class=\"column-5\"><\/td><td class=\"column-6\">0948 410 242<\/td><td class=\"column-7\">maria.eliasova@mirri.gov.sk<\/td>\n<\/tr>\n<tr class=\"row-50\">\n\t<td class=\"column-2\">Mgr.<\/td><td class=\"column-3\">Martina<\/td><td class=\"column-4\">Eli\u00e1\u0161ov\u00e1<\/td><td class=\"column-5\">PhD.<\/td><td class=\"column-6\">0948 138 248<\/td><td class=\"column-7\">martina.eliasova@mirri.gov.sk<\/td>\n<\/tr>\n<tr class=\"row-51\">\n\t<td class=\"column-2\">Mgr.<\/td><td class=\"column-3\">Erika<\/td><td class=\"column-4\">Ryp\u00e1kov\u00e1<\/td><td class=\"column-5\"><\/td><td class=\"column-6\">0947 913 326<\/td><td class=\"column-7\">erika.rypakova@mirri.gov.sk<\/td>\n<\/tr>\n<tr class=\"row-52\">\n\t<td class=\"column-2\">Mgr.<\/td><td class=\"column-3\">Linda<\/td><td class=\"column-4\">Sabano\u0161ov\u00e1<\/td><td class=\"column-5\"><\/td><td class=\"column-6\">0940 947 734<\/td><td class=\"column-7\">linda.sabanosova@mirri.gov.sk<\/td>\n<\/tr>\n<tr class=\"row-53\">\n\t<td class=\"column-2\">Mgr.<\/td><td class=\"column-3\">Em\u00edlia<\/td><td class=\"column-4\">Var\u00e1dy<\/td><td class=\"column-5\"><\/td><td class=\"column-6\">0948 028 791<\/td><td class=\"column-7\">emilia.varady@mirri.gov.sk<\/td>\n<\/tr>\n<tr class=\"row-54\">\n\t<td rowspan=\"9\" class=\"column-1\">Ko\u0161ice<\/td><td class=\"column-2\"><strong>JUDr.<\/strong><\/td><td class=\"column-3\"><strong>Richard<\/strong><\/td><td class=\"column-4\"><strong>Johanides<\/strong><\/td><td class=\"column-5\"><strong><\/strong><\/td><td class=\"column-6\"><strong>0948 484 966<\/strong><\/td><td class=\"column-7\"><strong>richard.johanides@mirri.gov.sk<\/strong><\/td>\n<\/tr>\n<tr class=\"row-55\">\n\t<td class=\"column-2\">Mgr.<\/td><td class=\"column-3\">Zuzana<\/td><td class=\"column-4\">Rodzi\u0148\u00e1kov\u00e1<\/td><td class=\"column-5\"><\/td><td class=\"column-6\">0948 409 316<\/td><td class=\"column-7\">zuzana.rodzinakova@mirri.gov.sk<\/td>\n<\/tr>\n<tr class=\"row-56\">\n\t<td class=\"column-2\">Ing.<\/td><td class=\"column-3\">Lenka<\/td><td class=\"column-4\">Baluchov\u00e1 Sarkov\u00e1<\/td><td class=\"column-5\"><\/td><td class=\"column-6\">0948 363 505<\/td><td class=\"column-7\">lenka.sarkova@mirri.gov.sk<\/td>\n<\/tr>\n<tr class=\"row-57\">\n\t<td class=\"column-2\">JUDr.<\/td><td class=\"column-3\">Radko<\/td><td class=\"column-4\">Olej<\/td><td class=\"column-5\"><\/td><td class=\"column-6\">0948 487 470<\/td><td class=\"column-7\">radko.olej@mirri.gov.sk<\/td>\n<\/tr>\n<tr class=\"row-58\">\n\t<td class=\"column-2\">Ing.<\/td><td class=\"column-3\">Iveta<\/td><td class=\"column-4\">Schlosserov\u00e1<\/td><td class=\"column-5\"><\/td><td class=\"column-6\">0948 243 039<\/td><td class=\"column-7\">iveta.schlosserova@mirri.gov.sk<\/td>\n<\/tr>\n<tr class=\"row-59\">\n\t<td class=\"column-2\">Mgr.<\/td><td class=\"column-3\">Ant\u00f3nia<\/td><td class=\"column-4\">\u0160tefanov\u00e1<\/td><td class=\"column-5\"><\/td><td class=\"column-6\">0948 363 486<\/td><td class=\"column-7\">antonia.stefanova@mirri.gov.sk<\/td>\n<\/tr>\n<tr class=\"row-60\">\n\t<td class=\"column-2\">Ing.<\/td><td class=\"column-3\">Sofia<\/td><td class=\"column-4\">\u0160oltesov\u00e1<\/td><td class=\"column-5\"><\/td><td class=\"column-6\">0948 363 498<\/td><td class=\"column-7\">sofia.soltesova@mirri.gov.sk<\/td>\n<\/tr>\n<tr class=\"row-61\">\n\t<td class=\"column-2\">Mgr.<\/td><td class=\"column-3\">Jana<\/td><td class=\"column-4\">Vansov\u00e1<\/td><td class=\"column-5\"><\/td><td class=\"column-6\">0948 434 354<\/td><td class=\"column-7\">jana.vansova@mirri.gov.sk<\/td>\n<\/tr>\n<tr class=\"row-62\">\n\t<td class=\"column-2\">Bc.<\/td><td class=\"column-3\">Timea<\/td><td class=\"column-4\">Tanyasiov\u00e1<\/td><td class=\"column-5\"><\/td><td class=\"column-6\">0948 137 636<\/td><td class=\"column-7\">timea.tanyasova@mirri.gov.sk<\/td>\n<\/tr>\n<\/tbody>\n<\/table>\n<!-- #tablepress-13 from cache -->\n<hr class=\"idsk-address__separator-bottom\" \/>\n<\/div>\n","protected":false},"excerpt":{"rendered":"<p>Ministerstvo invest\u00edci\u00ed, region\u00e1lneho rozvoja a informatiz\u00e1cie SR Pribinova 25 811 09 Bratislava<\/p>\n","protected":false},"author":2,"featured_media":0,"parent":0,"menu_order":0,"comment_status":"closed","ping_status":"closed","template":"","meta":{"_acf_changed":false,"footnotes":""},"class_list":["post-652","page","type-page","status-publish","hentry"],"acf":[],"yoast_head":"<!-- This site is optimized with the Yoast SEO plugin v27.0 - https:\/\/yoast.com\/product\/yoast-seo-wordpress\/ -->\n<title>Kontakty - Mapa partnerstva<\/title>\n<meta name=\"robots\" content=\"index, follow, max-snippet:-1, max-image-preview:large, max-video-preview:-1\" \/>\n<link rel=\"canonical\" href=\"https:\/\/mapapartnerstva.gov.sk\/?page_id=652\" \/>\n<meta property=\"og:locale\" content=\"sk_SK\" \/>\n<meta property=\"og:type\" content=\"article\" \/>\n<meta property=\"og:title\" content=\"Kontakty - Mapa partnerstva\" \/>\n<meta property=\"og:description\" content=\"Ministerstvo invest\u00edci\u00ed, region\u00e1lneho rozvoja a informatiz\u00e1cie SR Pribinova 25 811 09 Bratislava\" \/>\n<meta property=\"og:url\" content=\"https:\/\/mapapartnerstva.gov.sk\/?page_id=652\" \/>\n<meta property=\"og:site_name\" content=\"Mapa partnerstva\" \/>\n<meta property=\"article:modified_time\" content=\"2026-03-27T13:09:48+00:00\" \/>\n<meta name=\"twitter:card\" content=\"summary_large_image\" \/>\n<meta name=\"twitter:label1\" content=\"Predpokladan\u00fd \u010das \u010d\u00edtania\" \/>\n\t<meta name=\"twitter:data1\" content=\"1 min\u00fata\" \/>\n<script type=\"application\/ld+json\" class=\"yoast-schema-graph\">{\"@context\":\"https:\/\/schema.org\",\"@graph\":[{\"@type\":\"WebPage\",\"@id\":\"https:\/\/mapapartnerstva.gov.sk\/?page_id=652\",\"url\":\"https:\/\/mapapartnerstva.gov.sk\/?page_id=652\",\"name\":\"Kontakty - Mapa partnerstva\",\"isPartOf\":{\"@id\":\"https:\/\/mapapartnerstva.gov.sk\/#website\"},\"datePublished\":\"2024-09-10T07:23:02+00:00\",\"dateModified\":\"2026-03-27T13:09:48+00:00\",\"breadcrumb\":{\"@id\":\"https:\/\/mapapartnerstva.gov.sk\/?page_id=652#breadcrumb\"},\"inLanguage\":\"sk-SK\",\"potentialAction\":[{\"@type\":\"ReadAction\",\"target\":[\"https:\/\/mapapartnerstva.gov.sk\/?page_id=652\"]}]},{\"@type\":\"BreadcrumbList\",\"@id\":\"https:\/\/mapapartnerstva.gov.sk\/?page_id=652#breadcrumb\",\"itemListElement\":[{\"@type\":\"ListItem\",\"position\":1,\"name\":\"Domovsk\u00e1 str\u00e1nka\",\"item\":\"https:\/\/mapapartnerstva.gov.sk\/\"},{\"@type\":\"ListItem\",\"position\":2,\"name\":\"Kontakty\"}]},{\"@type\":\"WebSite\",\"@id\":\"https:\/\/mapapartnerstva.gov.sk\/#website\",\"url\":\"https:\/\/mapapartnerstva.gov.sk\/\",\"name\":\"Mapa partnerstva\",\"description\":\"Ministerstvo invest\u00edci\u00ed, region\u00e1lneho rozvoja a informatiz\u00e1cie Slovenskej republiky\",\"potentialAction\":[{\"@type\":\"SearchAction\",\"target\":{\"@type\":\"EntryPoint\",\"urlTemplate\":\"https:\/\/mapapartnerstva.gov.sk\/?s={search_term_string}\"},\"query-input\":{\"@type\":\"PropertyValueSpecification\",\"valueRequired\":true,\"valueName\":\"search_term_string\"}}],\"inLanguage\":\"sk-SK\"}]}<\/script>\n<!-- \/ Yoast SEO plugin. -->","yoast_head_json":{"title":"Kontakty - Mapa partnerstva","robots":{"index":"index","follow":"follow","max-snippet":"max-snippet:-1","max-image-preview":"max-image-preview:large","max-video-preview":"max-video-preview:-1"},"canonical":"https:\/\/mapapartnerstva.gov.sk\/?page_id=652","og_locale":"sk_SK","og_type":"article","og_title":"Kontakty - Mapa partnerstva","og_description":"Ministerstvo invest\u00edci\u00ed, region\u00e1lneho rozvoja a informatiz\u00e1cie SR Pribinova 25 811 09 Bratislava","og_url":"https:\/\/mapapartnerstva.gov.sk\/?page_id=652","og_site_name":"Mapa partnerstva","article_modified_time":"2026-03-27T13:09:48+00:00","twitter_card":"summary_large_image","twitter_misc":{"Predpokladan\u00fd \u010das \u010d\u00edtania":"1 min\u00fata"},"schema":{"@context":"https:\/\/schema.org","@graph":[{"@type":"WebPage","@id":"https:\/\/mapapartnerstva.gov.sk\/?page_id=652","url":"https:\/\/mapapartnerstva.gov.sk\/?page_id=652","name":"Kontakty - Mapa partnerstva","isPartOf":{"@id":"https:\/\/mapapartnerstva.gov.sk\/#website"},"datePublished":"2024-09-10T07:23:02+00:00","dateModified":"2026-03-27T13:09:48+00:00","breadcrumb":{"@id":"https:\/\/mapapartnerstva.gov.sk\/?page_id=652#breadcrumb"},"inLanguage":"sk-SK","potentialAction":[{"@type":"ReadAction","target":["https:\/\/mapapartnerstva.gov.sk\/?page_id=652"]}]},{"@type":"BreadcrumbList","@id":"https:\/\/mapapartnerstva.gov.sk\/?page_id=652#breadcrumb","itemListElement":[{"@type":"ListItem","position":1,"name":"Domovsk\u00e1 str\u00e1nka","item":"https:\/\/mapapartnerstva.gov.sk\/"},{"@type":"ListItem","position":2,"name":"Kontakty"}]},{"@type":"WebSite","@id":"https:\/\/mapapartnerstva.gov.sk\/#website","url":"https:\/\/mapapartnerstva.gov.sk\/","name":"Mapa partnerstva","description":"Ministerstvo invest\u00edci\u00ed, region\u00e1lneho rozvoja a informatiz\u00e1cie Slovenskej republiky","potentialAction":[{"@type":"SearchAction","target":{"@type":"EntryPoint","urlTemplate":"https:\/\/mapapartnerstva.gov.sk\/?s={search_term_string}"},"query-input":{"@type":"PropertyValueSpecification","valueRequired":true,"valueName":"search_term_string"}}],"inLanguage":"sk-SK"}]}},"_links":{"self":[{"href":"https:\/\/mapapartnerstva.gov.sk\/index.php?rest_route=\/wp\/v2\/pages\/652","targetHints":{"allow":["GET"]}}],"collection":[{"href":"https:\/\/mapapartnerstva.gov.sk\/index.php?rest_route=\/wp\/v2\/pages"}],"about":[{"href":"https:\/\/mapapartnerstva.gov.sk\/index.php?rest_route=\/wp\/v2\/types\/page"}],"author":[{"embeddable":true,"href":"https:\/\/mapapartnerstva.gov.sk\/index.php?rest_route=\/wp\/v2\/users\/2"}],"replies":[{"embeddable":true,"href":"https:\/\/mapapartnerstva.gov.sk\/index.php?rest_route=%2Fwp%2Fv2%2Fcomments&post=652"}],"version-history":[{"count":17,"href":"https:\/\/mapapartnerstva.gov.sk\/index.php?rest_route=\/wp\/v2\/pages\/652\/revisions"}],"predecessor-version":[{"id":2881,"href":"https:\/\/mapapartnerstva.gov.sk\/index.php?rest_route=\/wp\/v2\/pages\/652\/revisions\/2881"}],"wp:attachment":[{"href":"https:\/\/mapapartnerstva.gov.sk\/index.php?rest_route=%2Fwp%2Fv2%2Fmedia&parent=652"}],"curies":[{"name":"wp","href":"https:\/\/api.w.org\/{rel}","templated":true}]}}