{"id":608,"date":"2024-09-09T15:11:22","date_gmt":"2024-09-09T15:11:22","guid":{"rendered":"http:\/\/10.10.10.150\/mapasidel\/?page_id=608"},"modified":"2024-09-10T06:56:02","modified_gmt":"2024-09-10T06:56:02","slug":"zilinskeho-kraja","status":"publish","type":"page","link":"https:\/\/mapapartnerstva.gov.sk\/?page_id=608","title":{"rendered":"\u017dilinsk\u00e9ho kraja"},"content":{"rendered":"\n<table id=\"tablepress-9\" class=\"tablepress tablepress-id-9 tbody-has-connected-cells\">\n<thead>\n<tr class=\"row-1\">\n\t<td class=\"column-1\"><\/td><th class=\"column-2\">\u00fazemie<\/th><th class=\"column-3\">meno a priezvisko<\/th><th class=\"column-4\">funckia\/nominovan\u00fd za<\/th><th class=\"column-5\">Komora<\/th><td class=\"column-6\"><\/td>\n<\/tr>\n<\/thead>\n<tbody class=\"row-striping row-hover\">\n<tr class=\"row-2\">\n\t<td class=\"column-1\"><\/td><td class=\"column-2\"><span style=\"color:#222222;\">\u017dSK<\/span><\/td><td class=\"column-3\"><span style=\"color:#222222;\">Ing. Erika Jurinov\u00e1<\/span><\/td><td class=\"column-4\"><span style=\"color:#222222;\">\u017dilinsk\u00fd samospr\u00e1vny kraj \u2013 predseda V\u00daC  <\/span><\/td><td class=\"column-5\"><span style=\"color:#222222;\">Komora region\u00e1lnej samospr\u00e1vy<\/span><\/td><td class=\"column-6\"><\/td>\n<\/tr>\n<tr class=\"row-3\">\n\t<td class=\"column-1\"><\/td><td class=\"column-2\"><span style=\"color:#222222;\">\u017dSK<\/span><\/td><td class=\"column-3\">Mgr. Peter Fiab\u00e1ne<\/td><td rowspan=\"3\" class=\"column-4\"><span style=\"color:#222222;\">nominuje Region\u00e1lna rada partnerstva Horn\u00e9ho Pova\u017eia<\/span><\/td><td class=\"column-5\"><span style=\"color:#222222;\">Komora miestnej samospr\u00e1vy <\/span><\/td><td class=\"column-6\"><\/td>\n<\/tr>\n<tr class=\"row-4\">\n\t<td class=\"column-1\"><\/td><td class=\"column-2\"><span style=\"color:#222222;\">\u017dSK<\/span><\/td><td class=\"column-3\">Ing. Jaroslav Bu\u0161fy (z\u00e1stupca)<\/td><td class=\"column-5\"><span style=\"color:#222222;\">Komora miestnej samospr\u00e1vy <\/span><\/td><td class=\"column-6\"><\/td>\n<\/tr>\n<tr class=\"row-5\">\n\t<td class=\"column-1\"><\/td><td class=\"column-2\"><span style=\"color:#222222;\">\u017dSK<\/span><\/td><td class=\"column-3\">Mgr. Peter Hanus(z\u00e1stupca)<\/td><td class=\"column-5\"><span style=\"color:#222222;\">Komora miestnej samospr\u00e1vy <\/span><\/td><td class=\"column-6\"><\/td>\n<\/tr>\n<tr class=\"row-6\">\n\t<td class=\"column-1\"><\/td><td class=\"column-2\"><span style=\"color:#222222;\">\u017dSK<\/span><\/td><td class=\"column-3\">Ing. Mari\u00e1n Mihalda<\/td><td rowspan=\"2\" class=\"column-4\"><span style=\"color:#222222;\">nominuje Region\u00e1lna rada partnerstva Kys\u00fac<\/span><\/td><td class=\"column-5\"><span style=\"color:#222222;\">Komora miestnej samospr\u00e1vy <\/span><\/td><td class=\"column-6\"><\/td>\n<\/tr>\n<tr class=\"row-7\">\n\t<td class=\"column-1\"><\/td><td class=\"column-2\"><span style=\"color:#222222;\">\u017dSK<\/span><\/td><td class=\"column-3\">Ing. Mari\u00e1n Plevko (z\u00e1stupca)<\/td><td class=\"column-5\"><span style=\"color:#222222;\">Komora miestnej samospr\u00e1vy <\/span><\/td><td class=\"column-6\"><\/td>\n<\/tr>\n<tr class=\"row-8\">\n\t<td class=\"column-1\"><\/td><td class=\"column-2\"><span style=\"color:#222222;\">\u017dSK<\/span><\/td><td class=\"column-3\">Ing. J\u00e1n Blch\u00e1\u010d, PhD.<\/td><td rowspan=\"2\" class=\"column-4\"><span style=\"color:#222222;\">nominuje Region\u00e1lna rada partnerstva Liptova<\/span><\/td><td class=\"column-5\"><span style=\"color:#222222;\">Komora miestnej samospr\u00e1vy <\/span><\/td><td class=\"column-6\"><\/td>\n<\/tr>\n<tr class=\"row-9\">\n\t<td class=\"column-1\"><\/td><td class=\"column-2\"><span style=\"color:#222222;\">\u017dSK<\/span><\/td><td class=\"column-3\">Ing. R\u00f3bert Kol\u00e1r (z\u00e1stupca)<\/td><td class=\"column-5\"><span style=\"color:#222222;\">Komora miestnej samospr\u00e1vy <\/span><\/td><td class=\"column-6\"><\/td>\n<\/tr>\n<tr class=\"row-10\">\n\t<td class=\"column-1\"><\/td><td class=\"column-2\"><span style=\"color:#222222;\">\u017dSK<\/span><\/td><td class=\"column-3\">Ing. Alb\u00edn Masla\u0148\u00e1k<\/td><td rowspan=\"3\" class=\"column-4\"><span style=\"color:#222222;\">nominuje Region\u00e1lna rada partnerstva Oravy<\/span><\/td><td class=\"column-5\"><span style=\"color:#222222;\">Komora miestnej samospr\u00e1vy <\/span><\/td><td class=\"column-6\"><\/td>\n<\/tr>\n<tr class=\"row-11\">\n\t<td class=\"column-1\"><\/td><td class=\"column-2\"><span style=\"color:#222222;\">\u017dSK<\/span><\/td><td class=\"column-3\">Ing. J\u00e1n Pr\u00edlepok (z\u00e1stupca)<\/td><td class=\"column-5\"><span style=\"color:#222222;\">Komora miestnej samospr\u00e1vy <\/span><\/td><td class=\"column-6\"><\/td>\n<\/tr>\n<tr class=\"row-12\">\n\t<td class=\"column-1\"><\/td><td class=\"column-2\"><span style=\"color:#222222;\">\u017dSK<\/span><\/td><td class=\"column-3\">PhDr. Magdal\u00e9na Zmarzl\u00e1kov\u00e1 (z\u00e1stupca)<\/td><td class=\"column-5\"><span style=\"color:#222222;\">Komora miestnej samospr\u00e1vy <\/span><\/td><td class=\"column-6\"><\/td>\n<\/tr>\n<tr class=\"row-13\">\n\t<td class=\"column-1\"><\/td><td class=\"column-2\"><span style=\"color:#222222;\">\u017dSK<\/span><\/td><td class=\"column-3\">Mgr. Branislav Zacharides<\/td><td rowspan=\"2\" class=\"column-4\"><span style=\"color:#222222;\">nominuje Region\u00e1lna rada partnerstva Turiec<\/span><\/td><td class=\"column-5\"><span style=\"color:#222222;\">Komora miestnej samospr\u00e1vy <\/span><\/td><td class=\"column-6\"><\/td>\n<\/tr>\n<tr class=\"row-14\">\n\t<td class=\"column-1\"><\/td><td class=\"column-2\"><span style=\"color:#222222;\">\u017dSK<\/span><\/td><td class=\"column-3\">prof. MUDr. J\u00e1n Danko, CSc. (z\u00e1stupca)<\/td><td class=\"column-5\"><span style=\"color:#222222;\">Komora miestnej samospr\u00e1vy <\/span><\/td><td class=\"column-6\"><\/td>\n<\/tr>\n<tr class=\"row-15\">\n\t<td class=\"column-1\"><\/td><td class=\"column-2\"><span style=\"color:#222222;\">\u017dSK<\/span><\/td><td class=\"column-3\">Bc. Ivana Stillerov\u00e1<\/td><td class=\"column-4\"><span style=\"color:#222222;\">\u00fazemie UMR mesta \u017dilina<\/span><\/td><td class=\"column-5\"><span style=\"color:#222222;\">Komora miestnej samospr\u00e1vy <\/span><\/td><td class=\"column-6\"><\/td>\n<\/tr>\n<tr class=\"row-16\">\n\t<td class=\"column-1\"><\/td><td class=\"column-2\"><span style=\"color:#222222;\">\u017dSK<\/span><\/td><td class=\"column-3\"><span style=\"color:#222222;\">prof. MUDr. J\u00e1n Danko, CSc.<\/span><\/td><td class=\"column-4\"><span style=\"color:#222222;\">\u00fazemie UMR mesta Martin<\/span><\/td><td class=\"column-5\"><span style=\"color:#222222;\">Komora miestnej samospr\u00e1vy <\/span><\/td><td class=\"column-6\"><\/td>\n<\/tr>\n<tr class=\"row-17\">\n\t<td class=\"column-1\"><\/td><td class=\"column-2\"><span style=\"color:#222222;\">\u017dSK<\/span><\/td><td class=\"column-3\"><span style=\"color:#222222;\">JUDr. \u013dubom\u00edr Kub\u00e1\u0148<\/span><\/td><td class=\"column-4\"><span style=\"color:#222222;\">\u00fazemie UMR miest LM-RK<\/span><\/td><td class=\"column-5\"><span style=\"color:#222222;\">Komora miestnej samospr\u00e1vy <\/span><\/td><td class=\"column-6\"><\/td>\n<\/tr>\n<tr class=\"row-18\">\n\t<td class=\"column-1\"><\/td><td class=\"column-2\">\u017dSK<\/td><td class=\"column-3\">Mgr. Martin Hudz\u00edk<\/td><td class=\"column-4\">Ministerstvo invest\u00edci\u00ed, region\u00e1lneho rozvoja a informatiz\u00e1cie Slovenskej republiky<\/td><td class=\"column-5\">Komora \u0161t\u00e1tnej spr\u00e1vy <\/td><td class=\"column-6\"><\/td>\n<\/tr>\n<tr class=\"row-19\">\n\t<td class=\"column-1\"><\/td><td class=\"column-2\">\u017dSK<\/td><td class=\"column-3\">Igor Choma<\/td><td class=\"column-4\">Ministerstvo dopravy Slovenskej republiky<\/td><td class=\"column-5\">Komora \u0161t\u00e1tnej spr\u00e1vy <\/td><td class=\"column-6\"><\/td>\n<\/tr>\n<tr class=\"row-20\">\n\t<td class=\"column-1\"><\/td><td class=\"column-2\">\u017dSK<\/td><td class=\"column-3\">Ing. Zdenko Letanay<\/td><td class=\"column-4\">Ministerstvo hospod\u00e1rstva Slovenskej republiky<\/td><td class=\"column-5\">Komora \u0161t\u00e1tnej spr\u00e1vy <\/td><td class=\"column-6\"><\/td>\n<\/tr>\n<tr class=\"row-21\">\n\t<td class=\"column-1\"><\/td><td class=\"column-2\">\u017dSK<\/td><td class=\"column-3\">RNDr. Slavom\u00edr Partila<\/td><td class=\"column-4\">Ministerstvo \u0161kolstva, v\u00fdskumu, v\u00fdvoja a ml\u00e1de\u017ee Slovenskej republiky<\/td><td class=\"column-5\">Komora \u0161t\u00e1tnej spr\u00e1vy <\/td><td class=\"column-6\"><\/td>\n<\/tr>\n<tr class=\"row-22\">\n\t<td class=\"column-1\"><\/td><td class=\"column-2\">\u017dSK<\/td><td class=\"column-3\">Mgr. Marcela Fazeka\u0161ov\u00e1<\/td><td rowspan=\"2\" class=\"column-4\">Ministerstvo zdravotn\u00edctva Slovenskej republiky<\/td><td class=\"column-5\">Komora \u0161t\u00e1tnej spr\u00e1vy <\/td><td class=\"column-6\"><\/td>\n<\/tr>\n<tr class=\"row-23\">\n\t<td class=\"column-1\"><\/td><td class=\"column-2\">\u017dSK<\/td><td class=\"column-3\">RNDr. Tatiana Bagiov\u00e1 (z\u00e1stupca)<\/td><td class=\"column-5\">Komora \u0161t\u00e1tnej spr\u00e1vy <\/td><td class=\"column-6\"><\/td>\n<\/tr>\n<tr class=\"row-24\">\n\t<td class=\"column-1\"><\/td><td class=\"column-2\">\u017dSK<\/td><td class=\"column-3\">Mgr. Miloslava Moln\u00e1rov\u00e1, PhD.<\/td><td rowspan=\"2\" class=\"column-4\">Ministerstvo \u017eivotn\u00e9ho prostredia Slovenskej republiky<\/td><td class=\"column-5\">Komora \u0161t\u00e1tnej spr\u00e1vy <\/td><td class=\"column-6\"><\/td>\n<\/tr>\n<tr class=\"row-25\">\n\t<td class=\"column-1\"><\/td><td class=\"column-2\">\u017dSK<\/td><td class=\"column-3\">Ing. Jana Rol\u00ednov\u00e1 (z\u00e1stupca)<\/td><td class=\"column-5\">Komora \u0161t\u00e1tnej spr\u00e1vy <\/td><td class=\"column-6\"><\/td>\n<\/tr>\n<tr class=\"row-26\">\n\t<td class=\"column-1\"><\/td><td class=\"column-2\">\u017dSK<\/td><td class=\"column-3\">Mgr. Em\u00edlia Pavlus\u00edkov\u00e1<\/td><td class=\"column-4\">Ministerstvo vn\u00fatra Slovenskej republiky<\/td><td class=\"column-5\">Komora \u0161t\u00e1tnej spr\u00e1vy <\/td><td class=\"column-6\"><\/td>\n<\/tr>\n<tr class=\"row-27\">\n\t<td class=\"column-1\"><\/td><td class=\"column-2\">\u017dSK<\/td><td class=\"column-3\">Ing. Peter Duranka<\/td><td class=\"column-4\">Ministerstvo kult\u00fary Slovenskej republiky<\/td><td class=\"column-5\">Komora \u0161t\u00e1tnej spr\u00e1vy <\/td><td class=\"column-6\"><\/td>\n<\/tr>\n<tr class=\"row-28\">\n\t<td class=\"column-1\"><\/td><td class=\"column-2\">\u017dSK<\/td><td class=\"column-3\">Ing. Michal Straka<\/td><td class=\"column-4\">Ministerstvo pr\u00e1ce, soci\u00e1lnych vec\u00ed a rodiny Slovenskej republiky<\/td><td class=\"column-5\">Komora \u0161t\u00e1tnej spr\u00e1vy <\/td><td class=\"column-6\"><\/td>\n<\/tr>\n<tr class=\"row-29\">\n\t<td class=\"column-1\"><\/td><td class=\"column-2\">\u017dSK<\/td><td class=\"column-3\">Mgr. Denisa L\u00e1nikov\u00e1<\/td><td rowspan=\"2\" class=\"column-4\">Ministerstvo p\u00f4dohospod\u00e1rstva a rozvoja vidieka Slovenskej republiky<\/td><td class=\"column-5\">Komora \u0161t\u00e1tnej spr\u00e1vy <\/td><td class=\"column-6\"><\/td>\n<\/tr>\n<tr class=\"row-30\">\n\t<td class=\"column-1\"><\/td><td class=\"column-2\">\u017dSK<\/td><td class=\"column-3\">Mgr. Lucia Hitkov\u00e1 (z\u00e1stupca)<\/td><td class=\"column-5\">Komora \u0161t\u00e1tnej spr\u00e1vy <\/td><td class=\"column-6\"><\/td>\n<\/tr>\n<tr class=\"row-31\">\n\t<td class=\"column-1\"><\/td><td class=\"column-2\">\u017dSK<\/td><td class=\"column-3\">Ing. \u0160tefan Adam, PhD.<\/td><td rowspan=\"2\" class=\"column-4\">Ministerstvo cestovn\u00e9ho ruchu a \u0161portu Slovenskej republiky<\/td><td rowspan=\"2\" class=\"column-5\">Komora \u0161t\u00e1tnej spr\u00e1vy <\/td><td class=\"column-6\"><\/td>\n<\/tr>\n<tr class=\"row-32\">\n\t<td class=\"column-1\"><\/td><td class=\"column-2\">\u017dSK<\/td><td class=\"column-3\">PhDr. Kristi\u00e1n Chyla (z\u00e1stupca)<\/td><td class=\"column-6\"><\/td>\n<\/tr>\n<tr class=\"row-33\">\n\t<td class=\"column-1\"><\/td><td class=\"column-2\">\u017dSK<\/td><td class=\"column-3\">Mgr. Mari\u00e1n Balog<\/td><td class=\"column-4\">\u00darad vl\u00e1dy Slovenskej republiky<\/td><td class=\"column-5\">Komora \u0161t\u00e1tnej spr\u00e1vy <\/td><td class=\"column-6\"><\/td>\n<\/tr>\n<tr class=\"row-34\">\n\t<td class=\"column-1\"><\/td><td class=\"column-2\"><span style=\"color:#222222;\"> \u017dSK<\/span><\/td><td class=\"column-3\"><span style=\"color:#222222;\">prof. Ing. J\u00e1n \u010celko, CSc.<\/span><\/td><td class=\"column-4\"><span style=\"color:#222222;\">\u017dilinsk\u00e1 univerzita v \u017diline - rektor<\/span><\/td><td class=\"column-5\"><span style=\"color:#222222;\">Komora socioekonomick\u00fdch partnerov<\/span><\/td><td class=\"column-6\"><\/td>\n<\/tr>\n<tr class=\"row-35\">\n\t<td class=\"column-1\"><\/td><td class=\"column-2\"><span style=\"color:#222222;\"> \u017dSK<\/span><\/td><td class=\"column-3\"><span style=\"color:#222222;\">Ing. Bc. Branislav \u010cul\u00e1k<\/span><\/td><td class=\"column-4\"><span style=\"color:#222222;\">podnikate\u013esk\u00fd sektor (1 \u2013RK SOPK)<\/span><\/td><td class=\"column-5\"><span style=\"color:#222222;\">Komora socioekonomick\u00fdch partnerov<\/span><\/td><td class=\"column-6\"><\/td>\n<\/tr>\n<tr class=\"row-36\">\n\t<td class=\"column-1\"><\/td><td class=\"column-2\"><span style=\"color:#222222;\">\u017dSK<\/span><\/td><td class=\"column-3\"><span style=\"color:#222222;\">Rastislav Ku\u0161p\u00e1l<\/span><\/td><td class=\"column-4\"><span style=\"color:#222222;\">klaster Z@ict<\/span><\/td><td class=\"column-5\"><span style=\"color:#222222;\">Komora socioekonomick\u00fdch partnerov<\/span><\/td><td class=\"column-6\"><\/td>\n<\/tr>\n<tr class=\"row-37\">\n\t<td class=\"column-1\"><\/td><td rowspan=\"2\" class=\"column-2\"><span style=\"color:#222222;\">\u017dSK<\/span><\/td><td rowspan=\"2\" class=\"column-3\"><span style=\"color:#222222;\">Mgr. Ing. Peter Dubec<\/span><\/td><td rowspan=\"2\" class=\"column-4\"><span style=\"color:#222222;\">z\u00e1stupca cirkvi zria\u010fuj\u00facich poskytovate\u013eov soci\u00e1lnych, vzdel\u00e1vac\u00edch alebo charitat\u00edvnych slu\u017eieb <\/span><\/td><td rowspan=\"2\" class=\"column-5\"><span style=\"color:#222222;\">Komora socioekonomick\u00fdch partnerov<\/span><\/td><td class=\"column-6\"><\/td>\n<\/tr>\n<tr class=\"row-38\">\n\t<td class=\"column-1\"><\/td><td class=\"column-6\"><\/td>\n<\/tr>\n<tr class=\"row-39\">\n\t<td class=\"column-1\"><\/td><td class=\"column-2\"><span style=\"color:#222222;\">\u017dSK<\/span><\/td><td class=\"column-3\"><span style=\"color:#222222;\">Zuzana Pol\u00e1\u010dkov\u00e1<\/span><\/td><td class=\"column-4\"><span style=\"color:#222222;\">z\u00e1stupca za mimovl\u00e1dnych NO(SocioF\u00f3rum) <\/span><\/td><td class=\"column-5\"><span style=\"color:#222222;\">Komora socioekonomick\u00fdch partnerov<\/span><\/td><td class=\"column-6\"><\/td>\n<\/tr>\n<tr class=\"row-40\">\n\t<td class=\"column-1\"><\/td><td class=\"column-2\"><span style=\"color:#222222;\">\u017dSK<\/span><\/td><td class=\"column-3\"><span style=\"color:#222222;\">Ing. Jana Mrlianov\u00e1<\/span><\/td><td class=\"column-4\"><span style=\"color:#222222;\">z\u00e1stupca za mimovl\u00e1dnych NO  (Komunitn\u00e1 nad\u00e1cia Liptov) <\/span><\/td><td class=\"column-5\"><span style=\"color:#222222;\">Komora socioekonomick\u00fdch partnerov<\/span><\/td><td class=\"column-6\"><\/td>\n<\/tr>\n<tr class=\"row-41\">\n\t<td class=\"column-1\"><\/td><td class=\"column-2\"><span style=\"color:#222222;\">\u017dSK<\/span><\/td><td class=\"column-3\"><span style=\"color:#222222;\">Ing. Iveta Chabadov\u00e1<\/span><\/td><td class=\"column-4\"><span style=\"color:#222222;\">z\u00e1stupca organiz\u00e1ci\u00ed region\u00e1lneho rozvoja (1-  RA\/ OOCR\/KOCR )<\/span><\/td><td class=\"column-5\"><span style=\"color:#222222;\">Komora socioekonomick\u00fdch partnerov<\/span><\/td><td class=\"column-6\"><\/td>\n<\/tr>\n<tr class=\"row-42\">\n\t<td class=\"column-1\"><\/td><td class=\"column-2\"><span style=\"color:#222222;\"> \u017dSK<\/span><\/td><td class=\"column-3\"><span style=\"color:#222222;\">Mgr. Peter Madig\u00e1r<\/span><\/td><td class=\"column-4\"><span style=\"color:#222222;\">z\u00e1stupca miestnych ak\u010dn\u00fdch skup\u00edn<\/span><\/td><td class=\"column-5\"><span style=\"color:#222222;\">Komora socioekonomick\u00fdch partnerov<\/span><\/td><td class=\"column-6\"><\/td>\n<\/tr>\n<\/tbody>\n<\/table>\n<!-- #tablepress-9 from cache -->\n","protected":false},"excerpt":{"rendered":"","protected":false},"author":2,"featured_media":0,"parent":0,"menu_order":0,"comment_status":"closed","ping_status":"closed","template":"","meta":{"_acf_changed":false,"footnotes":""},"class_list":["post-608","page","type-page","status-publish","hentry"],"acf":[],"yoast_head":"<!-- This site is optimized with the Yoast SEO plugin v27.0 - https:\/\/yoast.com\/product\/yoast-seo-wordpress\/ -->\n<title>\u017dilinsk\u00e9ho kraja - Mapa partnerstva<\/title>\n<meta name=\"robots\" content=\"index, follow, max-snippet:-1, max-image-preview:large, max-video-preview:-1\" \/>\n<link rel=\"canonical\" href=\"https:\/\/mapapartnerstva.gov.sk\/?page_id=608\" \/>\n<meta property=\"og:locale\" content=\"sk_SK\" \/>\n<meta property=\"og:type\" content=\"article\" \/>\n<meta property=\"og:title\" content=\"\u017dilinsk\u00e9ho kraja - Mapa partnerstva\" \/>\n<meta property=\"og:url\" content=\"https:\/\/mapapartnerstva.gov.sk\/?page_id=608\" \/>\n<meta property=\"og:site_name\" content=\"Mapa partnerstva\" \/>\n<meta property=\"article:modified_time\" content=\"2024-09-10T06:56:02+00:00\" \/>\n<meta name=\"twitter:card\" content=\"summary_large_image\" \/>\n<script type=\"application\/ld+json\" class=\"yoast-schema-graph\">{\"@context\":\"https:\/\/schema.org\",\"@graph\":[{\"@type\":\"WebPage\",\"@id\":\"https:\/\/mapapartnerstva.gov.sk\/?page_id=608\",\"url\":\"https:\/\/mapapartnerstva.gov.sk\/?page_id=608\",\"name\":\"\u017dilinsk\u00e9ho kraja - Mapa partnerstva\",\"isPartOf\":{\"@id\":\"https:\/\/mapapartnerstva.gov.sk\/#website\"},\"datePublished\":\"2024-09-09T15:11:22+00:00\",\"dateModified\":\"2024-09-10T06:56:02+00:00\",\"breadcrumb\":{\"@id\":\"https:\/\/mapapartnerstva.gov.sk\/?page_id=608#breadcrumb\"},\"inLanguage\":\"sk-SK\",\"potentialAction\":[{\"@type\":\"ReadAction\",\"target\":[\"https:\/\/mapapartnerstva.gov.sk\/?page_id=608\"]}]},{\"@type\":\"BreadcrumbList\",\"@id\":\"https:\/\/mapapartnerstva.gov.sk\/?page_id=608#breadcrumb\",\"itemListElement\":[{\"@type\":\"ListItem\",\"position\":1,\"name\":\"Domovsk\u00e1 str\u00e1nka\",\"item\":\"https:\/\/mapapartnerstva.gov.sk\/\"},{\"@type\":\"ListItem\",\"position\":2,\"name\":\"\u017dilinsk\u00e9ho kraja\"}]},{\"@type\":\"WebSite\",\"@id\":\"https:\/\/mapapartnerstva.gov.sk\/#website\",\"url\":\"https:\/\/mapapartnerstva.gov.sk\/\",\"name\":\"Mapa partnerstva\",\"description\":\"Ministerstvo invest\u00edci\u00ed, region\u00e1lneho rozvoja a informatiz\u00e1cie Slovenskej republiky\",\"potentialAction\":[{\"@type\":\"SearchAction\",\"target\":{\"@type\":\"EntryPoint\",\"urlTemplate\":\"https:\/\/mapapartnerstva.gov.sk\/?s={search_term_string}\"},\"query-input\":{\"@type\":\"PropertyValueSpecification\",\"valueRequired\":true,\"valueName\":\"search_term_string\"}}],\"inLanguage\":\"sk-SK\"}]}<\/script>\n<!-- \/ Yoast SEO plugin. -->","yoast_head_json":{"title":"\u017dilinsk\u00e9ho kraja - Mapa partnerstva","robots":{"index":"index","follow":"follow","max-snippet":"max-snippet:-1","max-image-preview":"max-image-preview:large","max-video-preview":"max-video-preview:-1"},"canonical":"https:\/\/mapapartnerstva.gov.sk\/?page_id=608","og_locale":"sk_SK","og_type":"article","og_title":"\u017dilinsk\u00e9ho kraja - Mapa partnerstva","og_url":"https:\/\/mapapartnerstva.gov.sk\/?page_id=608","og_site_name":"Mapa partnerstva","article_modified_time":"2024-09-10T06:56:02+00:00","twitter_card":"summary_large_image","schema":{"@context":"https:\/\/schema.org","@graph":[{"@type":"WebPage","@id":"https:\/\/mapapartnerstva.gov.sk\/?page_id=608","url":"https:\/\/mapapartnerstva.gov.sk\/?page_id=608","name":"\u017dilinsk\u00e9ho kraja - Mapa partnerstva","isPartOf":{"@id":"https:\/\/mapapartnerstva.gov.sk\/#website"},"datePublished":"2024-09-09T15:11:22+00:00","dateModified":"2024-09-10T06:56:02+00:00","breadcrumb":{"@id":"https:\/\/mapapartnerstva.gov.sk\/?page_id=608#breadcrumb"},"inLanguage":"sk-SK","potentialAction":[{"@type":"ReadAction","target":["https:\/\/mapapartnerstva.gov.sk\/?page_id=608"]}]},{"@type":"BreadcrumbList","@id":"https:\/\/mapapartnerstva.gov.sk\/?page_id=608#breadcrumb","itemListElement":[{"@type":"ListItem","position":1,"name":"Domovsk\u00e1 str\u00e1nka","item":"https:\/\/mapapartnerstva.gov.sk\/"},{"@type":"ListItem","position":2,"name":"\u017dilinsk\u00e9ho kraja"}]},{"@type":"WebSite","@id":"https:\/\/mapapartnerstva.gov.sk\/#website","url":"https:\/\/mapapartnerstva.gov.sk\/","name":"Mapa partnerstva","description":"Ministerstvo invest\u00edci\u00ed, region\u00e1lneho rozvoja a informatiz\u00e1cie Slovenskej republiky","potentialAction":[{"@type":"SearchAction","target":{"@type":"EntryPoint","urlTemplate":"https:\/\/mapapartnerstva.gov.sk\/?s={search_term_string}"},"query-input":{"@type":"PropertyValueSpecification","valueRequired":true,"valueName":"search_term_string"}}],"inLanguage":"sk-SK"}]}},"_links":{"self":[{"href":"https:\/\/mapapartnerstva.gov.sk\/index.php?rest_route=\/wp\/v2\/pages\/608","targetHints":{"allow":["GET"]}}],"collection":[{"href":"https:\/\/mapapartnerstva.gov.sk\/index.php?rest_route=\/wp\/v2\/pages"}],"about":[{"href":"https:\/\/mapapartnerstva.gov.sk\/index.php?rest_route=\/wp\/v2\/types\/page"}],"author":[{"embeddable":true,"href":"https:\/\/mapapartnerstva.gov.sk\/index.php?rest_route=\/wp\/v2\/users\/2"}],"replies":[{"embeddable":true,"href":"https:\/\/mapapartnerstva.gov.sk\/index.php?rest_route=%2Fwp%2Fv2%2Fcomments&post=608"}],"version-history":[{"count":2,"href":"https:\/\/mapapartnerstva.gov.sk\/index.php?rest_route=\/wp\/v2\/pages\/608\/revisions"}],"predecessor-version":[{"id":649,"href":"https:\/\/mapapartnerstva.gov.sk\/index.php?rest_route=\/wp\/v2\/pages\/608\/revisions\/649"}],"wp:attachment":[{"href":"https:\/\/mapapartnerstva.gov.sk\/index.php?rest_route=%2Fwp%2Fv2%2Fmedia&parent=608"}],"curies":[{"name":"wp","href":"https:\/\/api.w.org\/{rel}","templated":true}]}}