{"id":604,"date":"2024-09-09T15:08:58","date_gmt":"2024-09-09T15:08:58","guid":{"rendered":"http:\/\/10.10.10.150\/mapasidel\/?page_id=604"},"modified":"2024-09-10T06:51:43","modified_gmt":"2024-09-10T06:51:43","slug":"trencianskeho-kraja","status":"publish","type":"page","link":"https:\/\/mapapartnerstva.gov.sk\/?page_id=604","title":{"rendered":"Tren\u010dianskeho kraja"},"content":{"rendered":"\n<table id=\"tablepress-7\" class=\"tablepress tablepress-id-7 tbody-has-connected-cells\">\n<thead>\n<tr class=\"row-1\">\n\t<th class=\"column-1\">\u00fazemie<\/th><th class=\"column-2\">meno a priezvisko<\/th><th class=\"column-3\">funckia\/nominovan\u00fd za<\/th><th class=\"column-4\">Komora<\/th>\n<\/tr>\n<\/thead>\n<tbody class=\"row-striping row-hover\">\n<tr class=\"row-2\">\n\t<td class=\"column-1\"><span style=\"color:#222222;\">TSK<\/span><\/td><td class=\"column-2\"><span style=\"color:#222222;\">Ing. Jaroslav Ba\u0161ka<\/span><\/td><td class=\"column-3\"><span style=\"color:#222222;\">Tren\u010diansky samospr\u00e1vny kraj<\/span><\/td><td class=\"column-4\"><span style=\"color:#222222;\">Komora region\u00e1lnej samospr\u00e1vy<\/span><\/td>\n<\/tr>\n<tr class=\"row-3\">\n\t<td class=\"column-1\"><span style=\"color:#222222;\">TSK<\/span><\/td><td class=\"column-2\"><span style=\"color:#222222;\">Ing. Zuzana M\u00e1\u010dekov\u00e1<\/span><\/td><td class=\"column-3\"><span style=\"color:#222222;\">starostka obce Uhrovec<\/span><\/td><td class=\"column-4\"><span style=\"color:#222222;\">Komora miestnej samospr\u00e1vy <\/span><\/td>\n<\/tr>\n<tr class=\"row-4\">\n\t<td class=\"column-1\"><span style=\"color:#222222;\">TSK<\/span><\/td><td class=\"column-2\"><span style=\"color:#222222;\">Mgr. et Mgr. Peter Wolf<\/span><\/td><td class=\"column-3\"><span style=\"color:#222222;\">prim\u00e1tor mesta Dubnica nad V\u00e1hom <\/span><\/td><td class=\"column-4\"><span style=\"color:#222222;\">Komora miestnej samospr\u00e1vy <\/span><\/td>\n<\/tr>\n<tr class=\"row-5\">\n\t<td class=\"column-1\"><span style=\"color:#222222;\">TSK<\/span><\/td><td class=\"column-2\"><span style=\"color:#222222;\">PharmDr. Leopold Barszcz<\/span><\/td><td class=\"column-3\"><span style=\"color:#222222;\">prim\u00e1tor mesta Star\u00e1 Tur\u00e1<\/span><\/td><td class=\"column-4\"><span style=\"color:#222222;\">Komora miestnej samospr\u00e1vy <\/span><\/td>\n<\/tr>\n<tr class=\"row-6\">\n\t<td class=\"column-1\"><span style=\"color:#222222;\">TSK<\/span><\/td><td class=\"column-2\"><span style=\"color:#222222;\">Marcela Paveskov\u00e1<\/span><\/td><td class=\"column-3\"><span style=\"color:#222222;\">starostka obce Bukovec<\/span><\/td><td class=\"column-4\"><span style=\"color:#222222;\">Komora miestnej samospr\u00e1vy <\/span><\/td>\n<\/tr>\n<tr class=\"row-7\">\n\t<td class=\"column-1\"><span style=\"color:#222222;\">TSK<\/span><\/td><td class=\"column-2\"><span style=\"color:#222222;\">Ing. Iveta Randziakov\u00e1<\/span><\/td><td class=\"column-3\"><span style=\"color:#222222;\">starostka obce Kl\u00e1tov\u00e1 Nov\u00e1 Ves<\/span><\/td><td class=\"column-4\"><span style=\"color:#222222;\">Komora miestnej samospr\u00e1vy <\/span><\/td>\n<\/tr>\n<tr class=\"row-8\">\n\t<td class=\"column-1\"><span style=\"color:#222222;\">TSK<\/span><\/td><td class=\"column-2\"><span style=\"color:#222222;\">PaeDr. Jozef Bo\u017e\u00edk<\/span><\/td><td class=\"column-3\"><span style=\"color:#222222;\">prim\u00e1tor mesta Partiz\u00e1nske<\/span><\/td><td class=\"column-4\"><span style=\"color:#222222;\">Komora miestnej samospr\u00e1vy <\/span><\/td>\n<\/tr>\n<tr class=\"row-9\">\n\t<td class=\"column-1\"><span style=\"color:#222222;\">TSK<\/span><\/td><td class=\"column-2\"><span style=\"color:#222222;\">Ing. Roman \u0160panihel<\/span><\/td><td class=\"column-3\"><span style=\"color:#222222;\">starosta obce Papradno<\/span><\/td><td class=\"column-4\"><span style=\"color:#222222;\">Komora miestnej samospr\u00e1vy <\/span><\/td>\n<\/tr>\n<tr class=\"row-10\">\n\t<td class=\"column-1\"><span style=\"color:#222222;\">TSK<\/span><\/td><td class=\"column-2\"><span style=\"color:#222222;\">JUDr. Katar\u00edna Henekov\u00e1 <\/span><\/td><td class=\"column-3\"><span style=\"color:#222222;\">prim\u00e1torka mesta P\u00fachov<\/span><\/td><td class=\"column-4\"><span style=\"color:#222222;\">Komora miestnej samospr\u00e1vy <\/span><\/td>\n<\/tr>\n<tr class=\"row-11\">\n\t<td class=\"column-1\">TSK<\/td><td class=\"column-2\">Miroslav Dzina<\/td><td class=\"column-3\">starosta obce Tu\u017eina<\/td><td class=\"column-4\">Komora miestnej samospr\u00e1vy <\/td>\n<\/tr>\n<tr class=\"row-12\">\n\t<td class=\"column-1\"><span style=\"color:#222222;\">TSK<\/span><\/td><td class=\"column-2\"><span style=\"color:#222222;\">Frajkov\u00e1 \u010eurmekov\u00e1 Zuzana<\/span><\/td><td class=\"column-3\"><span style=\"color:#222222;\">prim\u00e1torka mesta Tren\u010dianske Teplice<\/span><\/td><td class=\"column-4\"><span style=\"color:#222222;\">Komora miestnej samospr\u00e1vy <\/span><\/td>\n<\/tr>\n<tr class=\"row-13\">\n\t<td class=\"column-1\">TSK<\/td><td class=\"column-2\">JUDr. Veronika Voz\u00e1rov\u00e1<\/td><td class=\"column-3\">Ministerstvo invest\u00edci\u00ed, region\u00e1lneho rozvoja a informatiz\u00e1cie Slovenskej republiky<\/td><td class=\"column-4\">Komora \u0161t\u00e1tnej spr\u00e1vy <\/td>\n<\/tr>\n<tr class=\"row-14\">\n\t<td class=\"column-1\">TSK<\/td><td class=\"column-2\">Ing., Mgr. J\u00e1n Galv\u00e1nek<\/td><td class=\"column-3\">Ministerstvo dopravy Slovenskej republiky<\/td><td class=\"column-4\">Komora \u0161t\u00e1tnej spr\u00e1vy <\/td>\n<\/tr>\n<tr class=\"row-15\">\n\t<td class=\"column-1\">TSK<\/td><td class=\"column-2\">Ing. Marcela Magov\u00e1<\/td><td class=\"column-3\">Ministerstvo hospod\u00e1rstva Slovenskej republiky<\/td><td class=\"column-4\">Komora \u0161t\u00e1tnej spr\u00e1vy <\/td>\n<\/tr>\n<tr class=\"row-16\">\n\t<td class=\"column-1\">TSK<\/td><td class=\"column-2\">Ing J\u00e1n Hrinko, PhD. <\/td><td class=\"column-3\">Ministerstvo \u0161kolstva, v\u00fdskumu, v\u00fdvoja a ml\u00e1de\u017ee Slovenskej republiky<\/td><td class=\"column-4\">Komora \u0161t\u00e1tnej spr\u00e1vy <\/td>\n<\/tr>\n<tr class=\"row-17\">\n\t<td class=\"column-1\">TSK<\/td><td class=\"column-2\">Mgr. Marcela Fazeka\u0161ov\u00e1<\/td><td rowspan=\"2\" class=\"column-3\">Ministerstvo zdravotn\u00edctva Slovenskej republiky<\/td><td class=\"column-4\">Komora \u0161t\u00e1tnej spr\u00e1vy <\/td>\n<\/tr>\n<tr class=\"row-18\">\n\t<td class=\"column-1\">TSK<\/td><td class=\"column-2\">Ing. Zuzana T\u00f3thov\u00e1<\/td><td class=\"column-4\">Komora \u0161t\u00e1tnej spr\u00e1vy <\/td>\n<\/tr>\n<tr class=\"row-19\">\n\t<td class=\"column-1\">TSK<\/td><td class=\"column-2\">Mgr. Miloslava Moln\u00e1rov\u00e1, PhD.<\/td><td rowspan=\"2\" class=\"column-3\">Ministerstvo \u017eivotn\u00e9ho prostredia Slovenskej republiky<\/td><td class=\"column-4\">Komora \u0161t\u00e1tnej spr\u00e1vy <\/td>\n<\/tr>\n<tr class=\"row-20\">\n\t<td class=\"column-1\">TSK<\/td><td class=\"column-2\">Ing. Jana Rol\u00ednov\u00e1 <\/td><td class=\"column-4\">Komora \u0161t\u00e1tnej spr\u00e1vy <\/td>\n<\/tr>\n<tr class=\"row-21\">\n\t<td class=\"column-1\">TSK<\/td><td class=\"column-2\">JUDr. Peter Par\u00e1k<\/td><td class=\"column-3\">Ministerstvo vn\u00fatra Slovenskej republiky<\/td><td class=\"column-4\">Komora \u0161t\u00e1tnej spr\u00e1vy <\/td>\n<\/tr>\n<tr class=\"row-22\">\n\t<td class=\"column-1\">TSK<\/td><td class=\"column-2\">Ing. Peter Duranka<\/td><td class=\"column-3\">Ministerstvo kult\u00fary Slovenskej republiky<\/td><td class=\"column-4\">Komora \u0161t\u00e1tnej spr\u00e1vy <\/td>\n<\/tr>\n<tr class=\"row-23\">\n\t<td class=\"column-1\">TSK<\/td><td class=\"column-2\">Ing. Michal Straka<\/td><td class=\"column-3\">Ministerstvo pr\u00e1ce, soci\u00e1lnych vec\u00ed a rodiny Slovenskej republiky<\/td><td class=\"column-4\">Komora \u0161t\u00e1tnej spr\u00e1vy <\/td>\n<\/tr>\n<tr class=\"row-24\">\n\t<td class=\"column-1\">TSK<\/td><td class=\"column-2\">Mgr. Denisa L\u00e1nikov\u00e1<\/td><td rowspan=\"2\" class=\"column-3\">Ministerstvo p\u00f4dohospod\u00e1rstva a rozvoja vidieka Slovenskej republiky<\/td><td class=\"column-4\">Komora \u0161t\u00e1tnej spr\u00e1vy <\/td>\n<\/tr>\n<tr class=\"row-25\">\n\t<td class=\"column-1\">TSK<\/td><td class=\"column-2\">Mgr. Lucia Hitkov\u00e1 (z\u00e1stupca)<\/td><td class=\"column-4\">Komora \u0161t\u00e1tnej spr\u00e1vy <\/td>\n<\/tr>\n<tr class=\"row-26\">\n\t<td class=\"column-1\">TSK<\/td><td class=\"column-2\">Ing. \u0160tefan Adam, PhD.<\/td><td rowspan=\"2\" class=\"column-3\">Ministerstvo cestovn\u00e9ho ruchu a \u0161portu Slovenskej republiky<\/td><td class=\"column-4\">Komora \u0161t\u00e1tnej spr\u00e1vy <\/td>\n<\/tr>\n<tr class=\"row-27\">\n\t<td class=\"column-1\">TSK<\/td><td class=\"column-2\">PhDr. Kristi\u00e1n Chyla<\/td><td class=\"column-4\">Komora \u0161t\u00e1tnej spr\u00e1vy <\/td>\n<\/tr>\n<tr class=\"row-28\">\n\t<td class=\"column-1\">TSK<\/td><td class=\"column-2\">Mgr. Eduard \u010conka<\/td><td class=\"column-3\">\u00darad vl\u00e1dy Slovenskej republiky<\/td><td class=\"column-4\">Komora \u0161t\u00e1tnej spr\u00e1vy <\/td>\n<\/tr>\n<tr class=\"row-29\">\n\t<td class=\"column-1\"><span style=\"color:#222222;\">TSK<\/span><\/td><td class=\"column-2\"><span style=\"color:#222222;\">Daniel Pavla\u010dka<\/span><\/td><td class=\"column-3\"><span style=\"color:#222222;\">MAS Str\u00e1\u017eovsk\u00e9 vrchy,<br \/>\nN\u00e1rodn\u00e1 sie\u0165 MAS SR<\/span><\/td><td class=\"column-4\"><span style=\"color:#222222;\">Komora socioekonomick\u00fdch partnerov<\/span><\/td>\n<\/tr>\n<tr class=\"row-30\">\n\t<td class=\"column-1\"><span style=\"color:#222222;\">TSK<\/span><\/td><td class=\"column-2\"><span style=\"color:#222222;\">Ing. Boris Paulen, PhD.<\/span><\/td><td class=\"column-3\"><span style=\"color:#222222;\">Slovensk\u00e1 obchodn\u00e1 a\u00a0priemyseln\u00e1 komora v\u00a0Tren\u010d\u00edne<\/span><\/td><td class=\"column-4\"><span style=\"color:#222222;\">Komora socioekonomick\u00fdch partnerov<\/span><\/td>\n<\/tr>\n<tr class=\"row-31\">\n\t<td class=\"column-1\"><span style=\"color:#222222;\">TSK<\/span><\/td><td class=\"column-2\"><span style=\"color:#222222;\">doc. Ing. Jozef Hab\u00e1nik, PhD,<\/span><\/td><td class=\"column-3\"><span style=\"color:#222222;\">Tren\u010dianska Univerzita Alexandra Dub\u010deka v Tren\u010d\u00edne<\/span><\/td><td class=\"column-4\"><span style=\"color:#222222;\">Komora socioekonomick\u00fdch partnerov<\/span><\/td>\n<\/tr>\n<tr class=\"row-32\">\n\t<td class=\"column-1\"><span style=\"color:#222222;\">TSK<\/span><\/td><td class=\"column-2\"><span style=\"color:#222222;\">Ing. Franti\u0161ek Komora<\/span><\/td><td class=\"column-3\"><span style=\"color:#222222;\">Asoci\u00e1cia priemyseln\u00fdch zv\u00e4zov<\/span><\/td><td class=\"column-4\"><span style=\"color:#222222;\">Komora socioekonomick\u00fdch partnerov<\/span><\/td>\n<\/tr>\n<tr class=\"row-33\">\n\t<td class=\"column-1\"><span style=\"color:#222222;\">TSK<\/span><\/td><td class=\"column-2\"><span style=\"color:#222222;\">Ing. Mari\u00e1n Korti\u0161, PhD. <\/span><\/td><td class=\"column-3\"><span style=\"color:#222222;\">Asoci\u00e1cia vod\u00e1rensk\u00fdch spolo\u010dnost\u00ed<\/span><\/td><td class=\"column-4\"><span style=\"color:#222222;\">Komora socioekonomick\u00fdch partnerov<\/span><\/td>\n<\/tr>\n<tr class=\"row-34\">\n\t<td class=\"column-1\"><span style=\"color:#222222;\">TSK<\/span><\/td><td class=\"column-2\"><span style=\"color:#222222;\">JUDr. Vladim\u00edr Zachar<\/span><\/td><td class=\"column-3\"><span style=\"color:#222222;\">Zv\u00e4z autobusovej dopravy (ZAD) <\/span><\/td><td class=\"column-4\"><span style=\"color:#222222;\">Komora socioekonomick\u00fdch partnerov<\/span><\/td>\n<\/tr>\n<tr class=\"row-35\">\n\t<td class=\"column-1\"><span style=\"color:#222222;\">TSK<\/span><\/td><td class=\"column-2\"><span style=\"color:#222222;\">Ing. Andrej Kulina<\/span><\/td><td class=\"column-3\"><span style=\"color:#222222;\">Asoci\u00e1cia zamestn\u00e1vate\u013esk\u00fdch zv\u00e4zov a\u00a0zdru\u017een\u00ed SR<\/span><\/td><td class=\"column-4\"><span style=\"color:#222222;\">Komora socioekonomick\u00fdch partnerov<\/span><\/td>\n<\/tr>\n<tr class=\"row-36\">\n\t<td class=\"column-1\"><span style=\"color:#222222;\">TSK<\/span><\/td><td class=\"column-2\">Mgr. Juraj Geczy<\/td><td class=\"column-3\">Asoci\u00e1cia poskytovate\u013eov soci\u00e1lnych slu\u017eieb<\/td><td class=\"column-4\">Komora socioekonomick\u00fdch partnerov<\/td>\n<\/tr>\n<tr class=\"row-37\">\n\t<td class=\"column-1\"><span style=\"color:#222222;\">TSK<\/span><\/td><td class=\"column-2\"><span style=\"color:#222222;\">PhDr. Eva Fr\u00fdvaldsk\u00e1<\/span><\/td><td class=\"column-3\"><span style=\"color:#222222;\">Krajsk\u00e1 organiz\u00e1cia cestovn\u00e9ho ruchu<\/span><\/td><td class=\"column-4\"><span style=\"color:#222222;\">Komora socioekonomick\u00fdch partnerov<\/span><\/td>\n<\/tr>\n<tr class=\"row-38\">\n\t<td class=\"column-1\"><span style=\"color:#222222;\">TSK<\/span><\/td><td class=\"column-2\"><span style=\"color:#222222;\">Ing. Lenka Il\u010d\u00edkov\u00e1 <\/span><\/td><td class=\"column-3\"><span style=\"color:#222222;\">Priatelia Zeme-CEPA, Prievidza <\/span><\/td><td class=\"column-4\"><span style=\"color:#222222;\">Komora socioekonomick\u00fdch partnerov<\/span><\/td>\n<\/tr>\n<tr class=\"row-39\">\n\t<td class=\"column-1\"><span style=\"color:#222222;\">TSK<\/span><\/td><td class=\"column-2\"><span style=\"color:#222222;\">vdp. Mgr. Stanislav \u0160tef\u00e1nik<\/span><\/td><td class=\"column-3\"><span style=\"color:#222222;\">R\u00edmskokatol\u00edcka cirkev<\/span><\/td><td class=\"column-4\"><span style=\"color:#222222;\">Komora socioekonomick\u00fdch partnerov<\/span><\/td>\n<\/tr>\n<tr class=\"row-40\">\n\t<td class=\"column-1\"><span style=\"color:#222222;\">TSK<\/span><\/td><td class=\"column-2\"><span style=\"color:#222222;\">Ing. Tom\u00e1\u0161 Vranka<\/span><\/td><td class=\"column-3\"><span style=\"color:#222222;\">Asoci\u00e1cia slovensk\u00fdch k\u00fape\u013eov<\/span><\/td><td class=\"column-4\"><span style=\"color:#222222;\">Komora socioekonomick\u00fdch partnerov<\/span><\/td>\n<\/tr>\n<\/tbody>\n<\/table>\n<!-- #tablepress-7 from cache -->\n","protected":false},"excerpt":{"rendered":"","protected":false},"author":2,"featured_media":0,"parent":0,"menu_order":0,"comment_status":"closed","ping_status":"closed","template":"","meta":{"_acf_changed":false,"footnotes":""},"class_list":["post-604","page","type-page","status-publish","hentry"],"acf":[],"yoast_head":"<!-- This site is optimized with the Yoast SEO plugin v27.0 - https:\/\/yoast.com\/product\/yoast-seo-wordpress\/ -->\n<title>Tren\u010dianskeho kraja - Mapa partnerstva<\/title>\n<meta name=\"robots\" content=\"index, follow, max-snippet:-1, max-image-preview:large, max-video-preview:-1\" \/>\n<link rel=\"canonical\" href=\"https:\/\/mapapartnerstva.gov.sk\/?page_id=604\" \/>\n<meta property=\"og:locale\" content=\"sk_SK\" \/>\n<meta property=\"og:type\" content=\"article\" \/>\n<meta property=\"og:title\" content=\"Tren\u010dianskeho kraja - Mapa partnerstva\" \/>\n<meta property=\"og:url\" content=\"https:\/\/mapapartnerstva.gov.sk\/?page_id=604\" \/>\n<meta property=\"og:site_name\" content=\"Mapa partnerstva\" \/>\n<meta property=\"article:modified_time\" content=\"2024-09-10T06:51:43+00:00\" \/>\n<meta name=\"twitter:card\" content=\"summary_large_image\" \/>\n<script type=\"application\/ld+json\" class=\"yoast-schema-graph\">{\"@context\":\"https:\/\/schema.org\",\"@graph\":[{\"@type\":\"WebPage\",\"@id\":\"https:\/\/mapapartnerstva.gov.sk\/?page_id=604\",\"url\":\"https:\/\/mapapartnerstva.gov.sk\/?page_id=604\",\"name\":\"Tren\u010dianskeho kraja - Mapa partnerstva\",\"isPartOf\":{\"@id\":\"https:\/\/mapapartnerstva.gov.sk\/#website\"},\"datePublished\":\"2024-09-09T15:08:58+00:00\",\"dateModified\":\"2024-09-10T06:51:43+00:00\",\"breadcrumb\":{\"@id\":\"https:\/\/mapapartnerstva.gov.sk\/?page_id=604#breadcrumb\"},\"inLanguage\":\"sk-SK\",\"potentialAction\":[{\"@type\":\"ReadAction\",\"target\":[\"https:\/\/mapapartnerstva.gov.sk\/?page_id=604\"]}]},{\"@type\":\"BreadcrumbList\",\"@id\":\"https:\/\/mapapartnerstva.gov.sk\/?page_id=604#breadcrumb\",\"itemListElement\":[{\"@type\":\"ListItem\",\"position\":1,\"name\":\"Domovsk\u00e1 str\u00e1nka\",\"item\":\"https:\/\/mapapartnerstva.gov.sk\/\"},{\"@type\":\"ListItem\",\"position\":2,\"name\":\"Tren\u010dianskeho kraja\"}]},{\"@type\":\"WebSite\",\"@id\":\"https:\/\/mapapartnerstva.gov.sk\/#website\",\"url\":\"https:\/\/mapapartnerstva.gov.sk\/\",\"name\":\"Mapa partnerstva\",\"description\":\"Ministerstvo invest\u00edci\u00ed, region\u00e1lneho rozvoja a informatiz\u00e1cie Slovenskej republiky\",\"potentialAction\":[{\"@type\":\"SearchAction\",\"target\":{\"@type\":\"EntryPoint\",\"urlTemplate\":\"https:\/\/mapapartnerstva.gov.sk\/?s={search_term_string}\"},\"query-input\":{\"@type\":\"PropertyValueSpecification\",\"valueRequired\":true,\"valueName\":\"search_term_string\"}}],\"inLanguage\":\"sk-SK\"}]}<\/script>\n<!-- \/ Yoast SEO plugin. -->","yoast_head_json":{"title":"Tren\u010dianskeho kraja - Mapa partnerstva","robots":{"index":"index","follow":"follow","max-snippet":"max-snippet:-1","max-image-preview":"max-image-preview:large","max-video-preview":"max-video-preview:-1"},"canonical":"https:\/\/mapapartnerstva.gov.sk\/?page_id=604","og_locale":"sk_SK","og_type":"article","og_title":"Tren\u010dianskeho kraja - Mapa partnerstva","og_url":"https:\/\/mapapartnerstva.gov.sk\/?page_id=604","og_site_name":"Mapa partnerstva","article_modified_time":"2024-09-10T06:51:43+00:00","twitter_card":"summary_large_image","schema":{"@context":"https:\/\/schema.org","@graph":[{"@type":"WebPage","@id":"https:\/\/mapapartnerstva.gov.sk\/?page_id=604","url":"https:\/\/mapapartnerstva.gov.sk\/?page_id=604","name":"Tren\u010dianskeho kraja - Mapa partnerstva","isPartOf":{"@id":"https:\/\/mapapartnerstva.gov.sk\/#website"},"datePublished":"2024-09-09T15:08:58+00:00","dateModified":"2024-09-10T06:51:43+00:00","breadcrumb":{"@id":"https:\/\/mapapartnerstva.gov.sk\/?page_id=604#breadcrumb"},"inLanguage":"sk-SK","potentialAction":[{"@type":"ReadAction","target":["https:\/\/mapapartnerstva.gov.sk\/?page_id=604"]}]},{"@type":"BreadcrumbList","@id":"https:\/\/mapapartnerstva.gov.sk\/?page_id=604#breadcrumb","itemListElement":[{"@type":"ListItem","position":1,"name":"Domovsk\u00e1 str\u00e1nka","item":"https:\/\/mapapartnerstva.gov.sk\/"},{"@type":"ListItem","position":2,"name":"Tren\u010dianskeho kraja"}]},{"@type":"WebSite","@id":"https:\/\/mapapartnerstva.gov.sk\/#website","url":"https:\/\/mapapartnerstva.gov.sk\/","name":"Mapa partnerstva","description":"Ministerstvo invest\u00edci\u00ed, region\u00e1lneho rozvoja a informatiz\u00e1cie Slovenskej republiky","potentialAction":[{"@type":"SearchAction","target":{"@type":"EntryPoint","urlTemplate":"https:\/\/mapapartnerstva.gov.sk\/?s={search_term_string}"},"query-input":{"@type":"PropertyValueSpecification","valueRequired":true,"valueName":"search_term_string"}}],"inLanguage":"sk-SK"}]}},"_links":{"self":[{"href":"https:\/\/mapapartnerstva.gov.sk\/index.php?rest_route=\/wp\/v2\/pages\/604","targetHints":{"allow":["GET"]}}],"collection":[{"href":"https:\/\/mapapartnerstva.gov.sk\/index.php?rest_route=\/wp\/v2\/pages"}],"about":[{"href":"https:\/\/mapapartnerstva.gov.sk\/index.php?rest_route=\/wp\/v2\/types\/page"}],"author":[{"embeddable":true,"href":"https:\/\/mapapartnerstva.gov.sk\/index.php?rest_route=\/wp\/v2\/users\/2"}],"replies":[{"embeddable":true,"href":"https:\/\/mapapartnerstva.gov.sk\/index.php?rest_route=%2Fwp%2Fv2%2Fcomments&post=604"}],"version-history":[{"count":2,"href":"https:\/\/mapapartnerstva.gov.sk\/index.php?rest_route=\/wp\/v2\/pages\/604\/revisions"}],"predecessor-version":[{"id":643,"href":"https:\/\/mapapartnerstva.gov.sk\/index.php?rest_route=\/wp\/v2\/pages\/604\/revisions\/643"}],"wp:attachment":[{"href":"https:\/\/mapapartnerstva.gov.sk\/index.php?rest_route=%2Fwp%2Fv2%2Fmedia&parent=604"}],"curies":[{"name":"wp","href":"https:\/\/api.w.org\/{rel}","templated":true}]}}