{"id":596,"date":"2024-09-09T15:08:22","date_gmt":"2024-09-09T15:08:22","guid":{"rendered":"http:\/\/10.10.10.150\/mapasidel\/?page_id=596"},"modified":"2024-09-10T06:34:20","modified_gmt":"2024-09-10T06:34:20","slug":"bratislavskeho-kraja","status":"publish","type":"page","link":"https:\/\/mapapartnerstva.gov.sk\/?page_id=596","title":{"rendered":"Bratislavsk\u00e9ho kraja"},"content":{"rendered":"\n<table id=\"tablepress-2\" class=\"tablepress tablepress-id-2 tbody-has-connected-cells\">\n<thead>\n<tr class=\"row-1\">\n\t<td class=\"column-1\"><\/td><th class=\"column-2\">\u00fazemie<\/th><th class=\"column-3\">meno a priezvisko<\/th><th class=\"column-4\">funckia\/nominovan\u00fd za<\/th><th class=\"column-5\">Komora<\/th><td class=\"column-6\"><\/td>\n<\/tr>\n<\/thead>\n<tbody class=\"row-striping row-hover\">\n<tr class=\"row-2\">\n\t<td class=\"column-1\"><\/td><td class=\"column-2\"><span style=\"color:#222222;\">BSK<\/span><\/td><td class=\"column-3\"><span style=\"color:#222222;\">Mgr. Juraj Droba, MBA, MA<\/span><\/td><td class=\"column-4\"><span style=\"color:#222222;\">Predseda BSK<\/span><\/td><td class=\"column-5\"><span style=\"color:#222222;\">Komora region\u00e1lnej samospr\u00e1vy<\/span><\/td><td class=\"column-6\"><\/td>\n<\/tr>\n<tr class=\"row-3\">\n\t<td class=\"column-1\"><\/td><td class=\"column-2\"><span style=\"color:#222222;\">BSK <\/span><\/td><td class=\"column-3\">JUDr. Mgr. Jozef Uhler<\/td><td class=\"column-4\">starosta obce Jarovce \/ nominovan\u00fd za Region\u00e1lne zdru\u017eenie M.\u010c. Hl. mesta SR Bratislavy<\/td><td class=\"column-5\">Komora miestnej samospr\u00e1vy <\/td><td class=\"column-6\"><\/td>\n<\/tr>\n<tr class=\"row-4\">\n\t<td class=\"column-1\"><\/td><td class=\"column-2\"><span style=\"color:#222222;\">BSK <\/span><\/td><td class=\"column-3\">JUDr. Mgr. Juraj Petrakovi\u010d<\/td><td class=\"column-4\">prim\u00e1tor Modra \/ nominovan\u00fd za Zdru\u017eenie miest a obc\u00ed Malokarpatsk\u00e9ho regi\u00f3nu<\/td><td class=\"column-5\">Komora miestnej samospr\u00e1vy <\/td><td class=\"column-6\"><\/td>\n<\/tr>\n<tr class=\"row-5\">\n\t<td class=\"column-1\"><\/td><td class=\"column-2\"><span style=\"color:#222222;\">BSK <\/span><\/td><td class=\"column-3\">Ing. arch. Mat\u00fa\u0161 Vallo<\/td><td class=\"column-4\">prim\u00e1tor hl.m.SR BA<\/td><td class=\"column-5\">Komora miestnej samospr\u00e1vy <\/td><td class=\"column-6\"><\/td>\n<\/tr>\n<tr class=\"row-6\">\n\t<td class=\"column-1\"><\/td><td class=\"column-2\"><span style=\"color:#222222;\">BSK <\/span><\/td><td class=\"column-3\">JUDr. Ing. Juraj \u0158\u00edha, PhD.<\/td><td class=\"column-4\">Prim\u00e1tor Malacky<\/td><td class=\"column-5\">Komora miestnej samospr\u00e1vy <\/td><td class=\"column-6\"><\/td>\n<\/tr>\n<tr class=\"row-7\">\n\t<td class=\"column-1\"><\/td><td class=\"column-2\"><span style=\"color:#222222;\">BSK <\/span><\/td><td class=\"column-3\">JUDr. Roman M\u00e1cs<\/td><td class=\"column-4\">Prim\u00e1tor Pezinok<\/td><td class=\"column-5\">Komora miestnej samospr\u00e1vy <\/td><td class=\"column-6\"><\/td>\n<\/tr>\n<tr class=\"row-8\">\n\t<td class=\"column-1\"><\/td><td class=\"column-2\"><span style=\"color:#222222;\">BSK <\/span><\/td><td class=\"column-3\">Ing. Pavol Kv\u00e1l<\/td><td class=\"column-4\">Prim\u00e1tor Senec<\/td><td class=\"column-5\">Komora miestnej samospr\u00e1vy <\/td><td class=\"column-6\"><\/td>\n<\/tr>\n<tr class=\"row-9\">\n\t<td class=\"column-1\"><\/td><td class=\"column-2\"><span style=\"color:#222222;\">BSK <\/span><\/td><td class=\"column-3\">Mgr. Peter \u0160v\u00e1ral<\/td><td class=\"column-4\">starosta obce  Roho\u017en\u00edk \/ nominovan\u00fd za Zdru\u017eenie miest a obc\u00ed Z\u00e1horia<\/td><td class=\"column-5\">Komora miestnej samospr\u00e1vy <\/td><td class=\"column-6\"><\/td>\n<\/tr>\n<tr class=\"row-10\">\n\t<td class=\"column-1\"><\/td><td class=\"column-2\"><span style=\"color:#222222;\">BSK <\/span><\/td><td class=\"column-3\">Ing. Istv\u00e1n Pomichal, PhD.<\/td><td class=\"column-4\">starosta obce Tom\u00e1\u0161ov \/ nominovan\u00fd za Region\u00e1lne zdru\u017eenie obc\u00ed Podunajskej oblasti<\/td><td class=\"column-5\">Komora miestnej samospr\u00e1vy <\/td><td class=\"column-6\"><\/td>\n<\/tr>\n<tr class=\"row-11\">\n\t<td class=\"column-1\"><\/td><td class=\"column-2\">BSK <\/td><td class=\"column-3\">JUDr. Veronika Voz\u00e1rov\u00e1<\/td><td class=\"column-4\">Ministerstvo invest\u00edci\u00ed, region\u00e1lneho rozvoja a informatiz\u00e1cie Slovenskej republiky<\/td><td class=\"column-5\">Komora \u0161t\u00e1tnej spr\u00e1vy <\/td><td class=\"column-6\"><\/td>\n<\/tr>\n<tr class=\"row-12\">\n\t<td class=\"column-1\"><\/td><td class=\"column-2\">BSK <\/td><td class=\"column-3\">Ing. Peter \u0160palek<\/td><td class=\"column-4\">Ministerstvo dopravy Slovenskej republiky<\/td><td class=\"column-5\">Komora \u0161t\u00e1tnej spr\u00e1vy <\/td><td class=\"column-6\"><\/td>\n<\/tr>\n<tr class=\"row-13\">\n\t<td class=\"column-1\"><\/td><td class=\"column-2\">BSK <\/td><td class=\"column-3\">Ing. Marcela Magov\u00e1, MBA<\/td><td class=\"column-4\">SIEA \/ Ministerstvo hospod\u00e1rstva Slovenskej republiky<\/td><td class=\"column-5\">Komora \u0161t\u00e1tnej spr\u00e1vy <\/td><td class=\"column-6\"><\/td>\n<\/tr>\n<tr class=\"row-14\">\n\t<td class=\"column-1\"><\/td><td class=\"column-2\">BSK <\/td><td class=\"column-3\">Mgr. R\u00f3bert Zsembera<\/td><td class=\"column-4\">Ministerstvo \u0161kolstva, v\u00fdskumu, v\u00fdvoja a ml\u00e1de\u017ee Slovenskej republiky<\/td><td class=\"column-5\">Komora \u0161t\u00e1tnej spr\u00e1vy <\/td><td class=\"column-6\"><\/td>\n<\/tr>\n<tr class=\"row-15\">\n\t<td class=\"column-1\"><\/td><td class=\"column-2\">BSK <\/td><td class=\"column-3\">Ing. Zuzana T\u00f3thov\u00e1<\/td><td rowspan=\"2\" class=\"column-4\">Ministerstvo zdravotn\u00edctva Slovenskej republiky<\/td><td class=\"column-5\">Komora \u0161t\u00e1tnej spr\u00e1vy <\/td><td class=\"column-6\"><\/td>\n<\/tr>\n<tr class=\"row-16\">\n\t<td class=\"column-1\"><\/td><td class=\"column-2\">BSK <\/td><td class=\"column-3\">Mgr. Marcela Fazeka\u0161ov\u00e1 (z\u00e1stupca)<\/td><td class=\"column-5\">Komora \u0161t\u00e1tnej spr\u00e1vy <\/td><td class=\"column-6\"><\/td>\n<\/tr>\n<tr class=\"row-17\">\n\t<td class=\"column-1\"><\/td><td class=\"column-2\">BSK <\/td><td class=\"column-3\">Mgr. Miloslava Moln\u00e1rov\u00e1, PhD.<\/td><td class=\"column-4\">Ministerstvo \u017eivotn\u00e9ho prostredia Slovenskej republiky<\/td><td class=\"column-5\">Komora \u0161t\u00e1tnej spr\u00e1vy <\/td><td class=\"column-6\"><\/td>\n<\/tr>\n<tr class=\"row-18\">\n\t<td class=\"column-1\"><\/td><td class=\"column-2\">BSK <\/td><td class=\"column-3\">Mgr. Rastislav Gajarsk\u00fd, MBA<\/td><td class=\"column-4\">O\u00da Bratislava \/ Ministerstvo vn\u00fatra Slovenskej republiky<\/td><td class=\"column-5\">Komora \u0161t\u00e1tnej spr\u00e1vy <\/td><td class=\"column-6\"><\/td>\n<\/tr>\n<tr class=\"row-19\">\n\t<td class=\"column-1\"><\/td><td class=\"column-2\">BSK <\/td><td class=\"column-3\">Ing. Peter Duranka<\/td><td class=\"column-4\">Ministerstvo kult\u00fary Slovenskej republiky<\/td><td class=\"column-5\">Komora \u0161t\u00e1tnej spr\u00e1vy <\/td><td class=\"column-6\"><\/td>\n<\/tr>\n<tr class=\"row-20\">\n\t<td class=\"column-1\"><\/td><td class=\"column-2\">BSK <\/td><td class=\"column-3\">Ing. Katar\u00edna Cegl\u00e9di<\/td><td class=\"column-4\">Ministerstvo pr\u00e1ce, soci\u00e1lnych vec\u00ed a rodiny Slovenskej republiky<\/td><td class=\"column-5\">Komora \u0161t\u00e1tnej spr\u00e1vy <\/td><td class=\"column-6\"><\/td>\n<\/tr>\n<tr class=\"row-21\">\n\t<td class=\"column-1\"><\/td><td class=\"column-2\">BSK <\/td><td class=\"column-3\">Mgr. Denisa L\u00e1nikov\u00e1, PhD.<\/td><td class=\"column-4\">Ministerstvo p\u00f4dohospod\u00e1rstva a rozvoja vidieka Slovenskej republiky<\/td><td class=\"column-5\">Komora \u0161t\u00e1tnej spr\u00e1vy <\/td><td class=\"column-6\"><\/td>\n<\/tr>\n<tr class=\"row-22\">\n\t<td class=\"column-1\"><\/td><td class=\"column-2\">BSK <\/td><td class=\"column-3\">Mgr. Franti\u0161ek Morong   <\/td><td class=\"column-4\">Ministerstvo cestovn\u00e9ho ruchu a \u0161portu Slovenskej republiky<\/td><td class=\"column-5\">Komora \u0161t\u00e1tnej spr\u00e1vy <\/td><td class=\"column-6\"><\/td>\n<\/tr>\n<tr class=\"row-23\">\n\t<td class=\"column-1\"><\/td><td class=\"column-2\">BSK <\/td><td class=\"column-3\">Mgr. J\u00e1n Ma\u017eg\u00fat<\/td><td class=\"column-4\">\u00darad vl\u00e1dy Slovenskej republiky<\/td><td class=\"column-5\">Komora \u0161t\u00e1tnej spr\u00e1vy <\/td><td class=\"column-6\"><\/td>\n<\/tr>\n<tr class=\"row-24\">\n\t<td class=\"column-1\"><\/td><td class=\"column-2\"><span style=\"color:#222222;\">BSK<\/span><\/td><td class=\"column-3\"><del><br \/>\nMgr. Juraj Orvan<\/del><\/td><td class=\"column-4\">BID, pr\u00e1vnik<\/td><td class=\"column-5\">Komora socioekonomick\u00fdch partnerov<\/td><td class=\"column-6\"><\/td>\n<\/tr>\n<tr class=\"row-25\">\n\t<td class=\"column-1\"><\/td><td class=\"column-2\"><span style=\"color:#222222;\">BSK<\/span><\/td><td class=\"column-3\">Ing. Martin Rybansk\u00fd<\/td><td class=\"column-4\">DPB<\/td><td class=\"column-5\">Komora socioekonomick\u00fdch partnerov<\/td><td class=\"column-6\"><\/td>\n<\/tr>\n<tr class=\"row-26\">\n\t<td class=\"column-1\"><\/td><td class=\"column-2\"><span style=\"color:#222222;\">BSK<\/span><\/td><td class=\"column-3\"><del><br \/>\nIvan Bedn\u00e1rik, MBA<del><br \/>\n<\/del>Ing. Miroslav Garaj<\/del><\/td><td class=\"column-4\">\u017dSR, gener\u00e1lny riadite\u013e <br \/>\nriadite\u013e odboru strat\u00e9gie a zahrani\u010dnej spolupr\u00e1ce<\/td><td class=\"column-5\">Komora socioekonomick\u00fdch partnerov<\/td><td class=\"column-6\"><\/td>\n<\/tr>\n<tr class=\"row-27\">\n\t<td class=\"column-1\"><\/td><td class=\"column-2\"><span style=\"color:#222222;\">BSK<\/span><\/td><td class=\"column-3\">Dan Koll\u00e1r<\/td><td class=\"column-4\">Cyklokoal\u00edcia, projektov\u00fd mana\u017e\u00e9r<\/td><td class=\"column-5\">Komora socioekonomick\u00fdch partnerov<\/td><td class=\"column-6\"><\/td>\n<\/tr>\n<tr class=\"row-28\">\n\t<td class=\"column-1\"><\/td><td class=\"column-2\"><span style=\"color:#222222;\">BSK<\/span><\/td><td class=\"column-3\"><br \/>\nIng. Marek Radvansk\u00fd, PhD.<\/td><td class=\"column-4\">SAV, podpredseda SAV pre ekonomiku a\u00a0legislat\u00edvu<\/td><td class=\"column-5\">Komora socioekonomick\u00fdch partnerov<\/td><td class=\"column-6\"><\/td>\n<\/tr>\n<tr class=\"row-29\">\n\t<td class=\"column-1\"><\/td><td class=\"column-2\"><span style=\"color:#222222;\">BSK<\/span><\/td><td class=\"column-3\">prof. Ing. Maximili\u00e1n Str\u00e9my, PhD.<\/td><td class=\"column-4\">STU, rektor<\/td><td class=\"column-5\">Komora socioekonomick\u00fdch partnerov<\/td><td class=\"column-6\"><\/td>\n<\/tr>\n<tr class=\"row-30\">\n\t<td class=\"column-1\"><\/td><td class=\"column-2\"><span style=\"color:#222222;\">BSK<\/span><\/td><td class=\"column-3\">doc. Ing. Paula Pu\u0161k\u00e1rov\u00e1, DiS. art., PhD.<\/td><td class=\"column-4\">EUBA, prorektorka pre vedu a doktorandsk\u00e9 \u0161t\u00fadium<\/td><td class=\"column-5\">Komora socioekonomick\u00fdch partnerov<\/td><td class=\"column-6\"><\/td>\n<\/tr>\n<tr class=\"row-31\">\n\t<td class=\"column-1\"><\/td><td class=\"column-2\"><span style=\"color:#222222;\">BSK<\/span><\/td><td class=\"column-3\">RNDr. M\u00e1ria Smrekov\u00e1<\/td><td class=\"column-4\">Asoci\u00e1cia s\u00fakromn\u00fdch \u0161k\u00f4l a \u0161kolsk\u00fdch zariaden\u00ed, viceprezidentka<\/td><td class=\"column-5\">Komora socioekonomick\u00fdch partnerov<\/td><td class=\"column-6\"><\/td>\n<\/tr>\n<tr class=\"row-32\">\n\t<td class=\"column-1\"><\/td><td class=\"column-2\"><span style=\"color:#222222;\">BSK<\/span><\/td><td class=\"column-3\">Ing. Martin Kov\u00e1\u010d<\/td><td class=\"column-4\">Ekumenick\u00e1 rada cirkv\u00ed v Slovenskej republike, \u010dlen<\/td><td class=\"column-5\">Komora socioekonomick\u00fdch partnerov<\/td><td class=\"column-6\"><\/td>\n<\/tr>\n<tr class=\"row-33\">\n\t<td class=\"column-1\"><\/td><td class=\"column-2\"><span style=\"color:#222222;\">BSK<\/span><\/td><td class=\"column-3\">Ing. M\u00e1rio Lelovsk\u00fd<\/td><td class=\"column-4\">Republikov\u00e1 \u00fania zamestn\u00e1vate\u013eov, viceprezident ITAS<\/td><td class=\"column-5\">Komora socioekonomick\u00fdch partnerov<\/td><td class=\"column-6\"><\/td>\n<\/tr>\n<tr class=\"row-34\">\n\t<td class=\"column-1\"><\/td><td class=\"column-2\"><span style=\"color:#222222;\">BSK<\/span><\/td><td class=\"column-3\">Mgr. Andrej Hutta, MBA<\/td><td class=\"column-4\">Asoci\u00e1cia zamestn\u00e1vate\u013esk\u00fdch zv\u00e4zov, predseda Rady zamestn\u00e1vate\u013eov pre OVP, viceprezident AZZZ SR<\/td><td class=\"column-5\">Komora socioekonomick\u00fdch partnerov<\/td><td class=\"column-6\"><\/td>\n<\/tr>\n<tr class=\"row-35\">\n\t<td class=\"column-1\"><\/td><td class=\"column-2\"><span style=\"color:#222222;\">BSK<\/span><\/td><td class=\"column-3\">Petra Fornayov\u00e1 <\/td><td class=\"column-4\">KU.BA - Kult\u00farna Bratislava, \u010dlenka<\/td><td class=\"column-5\">Komora socioekonomick\u00fdch partnerov<\/td><td class=\"column-6\"><\/td>\n<\/tr>\n<tr class=\"row-36\">\n\t<td class=\"column-1\"><\/td><td class=\"column-2\"><span style=\"color:#222222;\">BSK<\/span><\/td><td class=\"column-3\">Ing. Tom\u00e1\u0161 Zajac<\/td><td class=\"column-4\">Bratislava Region Tourism, predseda<\/td><td class=\"column-5\">Komora socioekonomick\u00fdch partnerov<\/td><td class=\"column-6\"><\/td>\n<\/tr>\n<tr class=\"row-37\">\n\t<td class=\"column-1\"><\/td><td class=\"column-2\"><span style=\"color:#222222;\">BSK<\/span><\/td><td class=\"column-3\">\u013dudov\u00edt Ru\u017ei\u010dka<\/td><td class=\"column-4\">starosta obce Dubov\u00e1 \/ nominovan\u00fd za MAS Malokarpatsk\u00fd regi\u00f3n<\/td><td class=\"column-5\">Komora socioekonomick\u00fdch partnerov<\/td><td class=\"column-6\"><\/td>\n<\/tr>\n<tr class=\"row-38\">\n\t<td class=\"column-1\"><\/td><td class=\"column-2\"><span style=\"color:#222222;\">BSK<\/span><\/td><td class=\"column-3\">Mgr. J\u00e1n Kla\u010dko<\/td><td class=\"column-4\">starosta obce Hrub\u00e1 Bor\u0161a \/ nominovan\u00fd za MAS Malodunajsko<\/td><td class=\"column-5\">Komora socioekonomick\u00fdch partnerov<\/td><td class=\"column-6\"><\/td>\n<\/tr>\n<tr class=\"row-39\">\n\t<td class=\"column-1\"><\/td><td class=\"column-2\"><span style=\"color:#222222;\">BSK<\/span><\/td><td class=\"column-3\">Ing. Ondrej Uhliarik<\/td><td class=\"column-4\"> starosta obce Jablonov\u00e9 \/ nominovan\u00fd za MAS Podhoran<\/td><td class=\"column-5\">Komora socioekonomick\u00fdch partnerov<\/td><td class=\"column-6\"><\/td>\n<\/tr>\n<tr class=\"row-40\">\n\t<td class=\"column-1\"><\/td><td class=\"column-2\"><span style=\"color:#222222;\">BSK<\/span><\/td><td class=\"column-3\">Ing. Adrian Perneck\u00fd<\/td><td class=\"column-4\"> starosta obce Mal\u00e9 Lev\u00e1re \/ nominovan\u00fd za MAS Doln\u00e9 Z\u00e1horie<\/td><td class=\"column-5\">Komora socioekonomick\u00fdch partnerov<\/td><td class=\"column-6\"><\/td>\n<\/tr>\n<tr class=\"row-41\">\n\t<td class=\"column-1\"><\/td><td class=\"column-2\"><span style=\"color:#222222;\">BSK<\/span><\/td><td class=\"column-3\">MUDr. Alexander Mayer, PhD., MPH, MHA<\/td><td class=\"column-4\">Univerzitn\u00e1 nemocnica Bratislava, riadite\u013e<\/td><td class=\"column-5\">Komora socioekonomick\u00fdch partnerov<\/td><td class=\"column-6\"><\/td>\n<\/tr>\n<tr class=\"row-42\">\n\t<td class=\"column-1\"><\/td><td class=\"column-2\"><span style=\"color:#222222;\">BSK<\/span><\/td><td class=\"column-3\">PhDr. Denisa Vlkov\u00e1, MPH, MHA <\/td><td class=\"column-4\">Asoci\u00e1cia nemocn\u00edc Slovenska, riadite\u013eka \u0160pecializovanej nemocnice pre ortopedick\u00fa protetiku a \u010dlenka Rady ANS<\/td><td class=\"column-5\">Komora socioekonomick\u00fdch partnerov<\/td><td class=\"column-6\"><\/td>\n<\/tr>\n<tr class=\"row-43\">\n\t<td class=\"column-1\"><\/td><td class=\"column-2\"><span style=\"color:#222222;\">BSK<\/span><\/td><td class=\"column-3\">Ing. Peter Sobota, MSc.<\/td><td class=\"column-4\">Asoci\u00e1cia s\u00fakromn\u00fdch lek\u00e1rov Slovenskej republiky<\/td><td class=\"column-5\">Komora socioekonomick\u00fdch partnerov<\/td><td class=\"column-6\"><\/td>\n<\/tr>\n<tr class=\"row-44\">\n\t<td class=\"column-1\"><\/td><td class=\"column-2\"><span style=\"color:#222222;\">BSK<\/span><\/td><td class=\"column-3\">Mgr. Anna Ghannamov\u00e1<\/td><td class=\"column-4\">Asoci\u00e1cia poskytovate\u013eov soci\u00e1lnych slu\u017eieb v SR, predsedn\u00ed\u010dka<\/td><td class=\"column-5\">Komora socioekonomick\u00fdch partnerov<\/td><td class=\"column-6\"><\/td>\n<\/tr>\n<tr class=\"row-45\">\n\t<td class=\"column-1\"><\/td><td class=\"column-2\"><span style=\"color:#222222;\">BSK<\/span><\/td><td class=\"column-3\">Mgr. Ren\u00e9 K\u0148az\u00far<\/td><td class=\"column-4\">Slovensk\u00e1 komora soci\u00e1lnych pracovn\u00edkov a asistentov soci\u00e1lnej pr\u00e1ce, \u010dlen predstavenstva                                                          <\/td><td class=\"column-5\">Komora socioekonomick\u00fdch partnerov<\/td><td class=\"column-6\"><\/td>\n<\/tr>\n<tr class=\"row-46\">\n\t<td class=\"column-1\"><\/td><td class=\"column-2\"><span style=\"color:#222222;\">BSK<\/span><\/td><td class=\"column-3\">Mgr. Viera Str\u00e1\u0148avov\u00e1<\/td><td class=\"column-4\">OZ Br\u00e1na do \u017eivota<\/td><td class=\"column-5\">Komora socioekonomick\u00fdch partnerov<\/td><td class=\"column-6\"><\/td>\n<\/tr>\n<tr class=\"row-47\">\n\t<td class=\"column-1\"><\/td><td class=\"column-2\"><span style=\"color:#222222;\">BSK<\/span><\/td><td class=\"column-3\">Bogl\u00e1rka Kurka Ivanegov\u00e1<\/td><td class=\"column-4\">\u0160pir\u00e1la<\/td><td class=\"column-5\">Komora socioekonomick\u00fdch partnerov<\/td><td class=\"column-6\"><\/td>\n<\/tr>\n<tr class=\"row-48\">\n\t<td class=\"column-1\"><\/td><td class=\"column-2\"><span style=\"color:#222222;\">BSK<\/span><\/td><td class=\"column-3\">Ing. Tom\u00e1\u0161 Hadzima<\/td><td class=\"column-4\">Asoci\u00e1cia podnikate\u013eov v odpadovom hospod\u00e1rstve  <\/td><td class=\"column-5\">Komora socioekonomick\u00fdch partnerov<\/td><td class=\"column-6\"><\/td>\n<\/tr>\n<tr class=\"row-49\">\n\t<td class=\"column-1\"><\/td><td class=\"column-2\"><span style=\"color:#222222;\">BSK<\/span><\/td><td class=\"column-3\"><del><br \/>\nIng. Miroslava \u010calfov\u00e1<\/del><\/td><td class=\"column-4\">OLO a.s., \u010clen predstavenstva, CFO<\/td><td class=\"column-5\">Komora socioekonomick\u00fdch partnerov<\/td><td class=\"column-6\"><\/td>\n<\/tr>\n<tr class=\"row-50\">\n\t<td class=\"column-1\"><\/td><td class=\"column-2\"><span style=\"color:#222222;\">BSK<\/span><\/td><td class=\"column-3\"><span style=\"color:#222222;\">Ing. Ladislav Kizak<\/span><\/td><td class=\"column-4\"><span style=\"color:#222222;\">Asoci\u00e1cia vod\u00e1rensk\u00fdch spolo\u010dnost\u00ed, \u010clen predstavenstva \/ riadite\u013e \u00faseku obchodn\u00fdch vz\u0165ahov BVS, a.s.         <\/span><\/td><td class=\"column-5\"><span style=\"color:#222222;\">Komora socioekonomick\u00fdch partnerov<\/span><\/td><td class=\"column-6\"><\/td>\n<\/tr>\n<\/tbody>\n<\/table>\n<!-- #tablepress-2 from cache -->\n","protected":false},"excerpt":{"rendered":"","protected":false},"author":2,"featured_media":0,"parent":0,"menu_order":0,"comment_status":"closed","ping_status":"closed","template":"","meta":{"_acf_changed":false,"footnotes":""},"class_list":["post-596","page","type-page","status-publish","hentry"],"acf":[],"yoast_head":"<!-- This site is optimized with the Yoast SEO plugin v27.0 - https:\/\/yoast.com\/product\/yoast-seo-wordpress\/ -->\n<title>Bratislavsk\u00e9ho kraja - Mapa partnerstva<\/title>\n<meta name=\"robots\" content=\"index, follow, max-snippet:-1, max-image-preview:large, max-video-preview:-1\" \/>\n<link rel=\"canonical\" href=\"https:\/\/mapapartnerstva.gov.sk\/?page_id=596\" \/>\n<meta property=\"og:locale\" content=\"sk_SK\" \/>\n<meta property=\"og:type\" content=\"article\" \/>\n<meta property=\"og:title\" content=\"Bratislavsk\u00e9ho kraja - Mapa partnerstva\" \/>\n<meta property=\"og:url\" content=\"https:\/\/mapapartnerstva.gov.sk\/?page_id=596\" \/>\n<meta property=\"og:site_name\" content=\"Mapa partnerstva\" \/>\n<meta property=\"article:modified_time\" content=\"2024-09-10T06:34:20+00:00\" \/>\n<meta name=\"twitter:card\" content=\"summary_large_image\" \/>\n<script type=\"application\/ld+json\" class=\"yoast-schema-graph\">{\"@context\":\"https:\/\/schema.org\",\"@graph\":[{\"@type\":\"WebPage\",\"@id\":\"https:\/\/mapapartnerstva.gov.sk\/?page_id=596\",\"url\":\"https:\/\/mapapartnerstva.gov.sk\/?page_id=596\",\"name\":\"Bratislavsk\u00e9ho kraja - Mapa partnerstva\",\"isPartOf\":{\"@id\":\"https:\/\/mapapartnerstva.gov.sk\/#website\"},\"datePublished\":\"2024-09-09T15:08:22+00:00\",\"dateModified\":\"2024-09-10T06:34:20+00:00\",\"breadcrumb\":{\"@id\":\"https:\/\/mapapartnerstva.gov.sk\/?page_id=596#breadcrumb\"},\"inLanguage\":\"sk-SK\",\"potentialAction\":[{\"@type\":\"ReadAction\",\"target\":[\"https:\/\/mapapartnerstva.gov.sk\/?page_id=596\"]}]},{\"@type\":\"BreadcrumbList\",\"@id\":\"https:\/\/mapapartnerstva.gov.sk\/?page_id=596#breadcrumb\",\"itemListElement\":[{\"@type\":\"ListItem\",\"position\":1,\"name\":\"Domovsk\u00e1 str\u00e1nka\",\"item\":\"https:\/\/mapapartnerstva.gov.sk\/\"},{\"@type\":\"ListItem\",\"position\":2,\"name\":\"Bratislavsk\u00e9ho kraja\"}]},{\"@type\":\"WebSite\",\"@id\":\"https:\/\/mapapartnerstva.gov.sk\/#website\",\"url\":\"https:\/\/mapapartnerstva.gov.sk\/\",\"name\":\"Mapa partnerstva\",\"description\":\"Ministerstvo invest\u00edci\u00ed, region\u00e1lneho rozvoja a informatiz\u00e1cie Slovenskej republiky\",\"potentialAction\":[{\"@type\":\"SearchAction\",\"target\":{\"@type\":\"EntryPoint\",\"urlTemplate\":\"https:\/\/mapapartnerstva.gov.sk\/?s={search_term_string}\"},\"query-input\":{\"@type\":\"PropertyValueSpecification\",\"valueRequired\":true,\"valueName\":\"search_term_string\"}}],\"inLanguage\":\"sk-SK\"}]}<\/script>\n<!-- \/ Yoast SEO plugin. -->","yoast_head_json":{"title":"Bratislavsk\u00e9ho kraja - Mapa partnerstva","robots":{"index":"index","follow":"follow","max-snippet":"max-snippet:-1","max-image-preview":"max-image-preview:large","max-video-preview":"max-video-preview:-1"},"canonical":"https:\/\/mapapartnerstva.gov.sk\/?page_id=596","og_locale":"sk_SK","og_type":"article","og_title":"Bratislavsk\u00e9ho kraja - Mapa partnerstva","og_url":"https:\/\/mapapartnerstva.gov.sk\/?page_id=596","og_site_name":"Mapa partnerstva","article_modified_time":"2024-09-10T06:34:20+00:00","twitter_card":"summary_large_image","schema":{"@context":"https:\/\/schema.org","@graph":[{"@type":"WebPage","@id":"https:\/\/mapapartnerstva.gov.sk\/?page_id=596","url":"https:\/\/mapapartnerstva.gov.sk\/?page_id=596","name":"Bratislavsk\u00e9ho kraja - Mapa partnerstva","isPartOf":{"@id":"https:\/\/mapapartnerstva.gov.sk\/#website"},"datePublished":"2024-09-09T15:08:22+00:00","dateModified":"2024-09-10T06:34:20+00:00","breadcrumb":{"@id":"https:\/\/mapapartnerstva.gov.sk\/?page_id=596#breadcrumb"},"inLanguage":"sk-SK","potentialAction":[{"@type":"ReadAction","target":["https:\/\/mapapartnerstva.gov.sk\/?page_id=596"]}]},{"@type":"BreadcrumbList","@id":"https:\/\/mapapartnerstva.gov.sk\/?page_id=596#breadcrumb","itemListElement":[{"@type":"ListItem","position":1,"name":"Domovsk\u00e1 str\u00e1nka","item":"https:\/\/mapapartnerstva.gov.sk\/"},{"@type":"ListItem","position":2,"name":"Bratislavsk\u00e9ho kraja"}]},{"@type":"WebSite","@id":"https:\/\/mapapartnerstva.gov.sk\/#website","url":"https:\/\/mapapartnerstva.gov.sk\/","name":"Mapa partnerstva","description":"Ministerstvo invest\u00edci\u00ed, region\u00e1lneho rozvoja a informatiz\u00e1cie Slovenskej republiky","potentialAction":[{"@type":"SearchAction","target":{"@type":"EntryPoint","urlTemplate":"https:\/\/mapapartnerstva.gov.sk\/?s={search_term_string}"},"query-input":{"@type":"PropertyValueSpecification","valueRequired":true,"valueName":"search_term_string"}}],"inLanguage":"sk-SK"}]}},"_links":{"self":[{"href":"https:\/\/mapapartnerstva.gov.sk\/index.php?rest_route=\/wp\/v2\/pages\/596","targetHints":{"allow":["GET"]}}],"collection":[{"href":"https:\/\/mapapartnerstva.gov.sk\/index.php?rest_route=\/wp\/v2\/pages"}],"about":[{"href":"https:\/\/mapapartnerstva.gov.sk\/index.php?rest_route=\/wp\/v2\/types\/page"}],"author":[{"embeddable":true,"href":"https:\/\/mapapartnerstva.gov.sk\/index.php?rest_route=\/wp\/v2\/users\/2"}],"replies":[{"embeddable":true,"href":"https:\/\/mapapartnerstva.gov.sk\/index.php?rest_route=%2Fwp%2Fv2%2Fcomments&post=596"}],"version-history":[{"count":2,"href":"https:\/\/mapapartnerstva.gov.sk\/index.php?rest_route=\/wp\/v2\/pages\/596\/revisions"}],"predecessor-version":[{"id":626,"href":"https:\/\/mapapartnerstva.gov.sk\/index.php?rest_route=\/wp\/v2\/pages\/596\/revisions\/626"}],"wp:attachment":[{"href":"https:\/\/mapapartnerstva.gov.sk\/index.php?rest_route=%2Fwp%2Fv2%2Fmedia&parent=596"}],"curies":[{"name":"wp","href":"https:\/\/api.w.org\/{rel}","templated":true}]}}