{"id":592,"date":"2024-09-09T15:03:39","date_gmt":"2024-09-09T15:03:39","guid":{"rendered":"http:\/\/10.10.10.150\/mapasidel\/?page_id=592"},"modified":"2024-09-10T06:29:53","modified_gmt":"2024-09-10T06:29:53","slug":"banskobystrickeho-kraja","status":"publish","type":"page","link":"https:\/\/mapapartnerstva.gov.sk\/?page_id=592","title":{"rendered":"Banskobystrick\u00e9ho kraja"},"content":{"rendered":"\n<table id=\"tablepress-1\" class=\"tablepress tablepress-id-1 tbody-has-connected-cells\">\n<thead>\n<tr class=\"row-1\">\n\t<td class=\"column-1\"><\/td><th class=\"column-2\">\u00fazemie<\/th><th class=\"column-3\">meno a priezvisko<\/th><th class=\"column-4\">funckia\/nominovan\u00fd za<\/th><th class=\"column-5\">Komora<\/th><td class=\"column-6\"><\/td>\n<\/tr>\n<\/thead>\n<tbody class=\"row-striping row-hover\">\n<tr class=\"row-2\">\n\t<td class=\"column-1\"><\/td><td class=\"column-2\"><span style=\"color:#222222;\">BBSK<\/span><\/td><td class=\"column-3\"><span style=\"color:#222222;\">Mgr. Ondrej Lunter<\/span><\/td><td class=\"column-4\"><span style=\"color:#222222;\">predseda BBSK<\/span><\/td><td class=\"column-5\"><span style=\"color:#222222;\">Komora region\u00e1lnej samospr\u00e1vy<\/span><\/td><td class=\"column-6\"><\/td>\n<\/tr>\n<tr class=\"row-3\">\n\t<td class=\"column-1\"><\/td><td class=\"column-2\"><span style=\"color:#222222;\">BBSK<\/span><\/td><td class=\"column-3\"><span style=\"color:#222222;\">Martina Kubi\u0161ov\u00e1<\/span><\/td><td class=\"column-4\"><span style=\"color:#222222;\">starostka obce Kynce\u013eov\u00e1<\/span><\/td><td class=\"column-5\"><span style=\"color:#222222;\">Komora miestnej samospr\u00e1vy <\/span><\/td><td class=\"column-6\"><\/td>\n<\/tr>\n<tr class=\"row-4\">\n\t<td class=\"column-1\"><\/td><td class=\"column-2\"><span style=\"color:#222222;\">BBSK<\/span><\/td><td class=\"column-3\"><span style=\"color:#222222;\">Vladim\u00edr Ma\u0148ka<\/span><\/td><td class=\"column-4\"><span style=\"color:#222222;\">prim\u00e1tor mesta Zvolen<\/span><\/td><td class=\"column-5\"><span style=\"color:#222222;\">Komora miestnej samospr\u00e1vy <\/span><\/td><td class=\"column-6\"><\/td>\n<\/tr>\n<tr class=\"row-5\">\n\t<td class=\"column-1\"><\/td><td class=\"column-2\"><span style=\"color:#222222;\">BBSK<\/span><\/td><td class=\"column-3\"><span style=\"color:#222222;\">J\u00falius Buchta<\/span><\/td><td class=\"column-4\"><span style=\"color:#222222;\">prim\u00e1tor mesta Rev\u00faca<\/span><\/td><td class=\"column-5\"><span style=\"color:#222222;\">Komora miestnej samospr\u00e1vy <\/span><\/td><td class=\"column-6\"><\/td>\n<\/tr>\n<tr class=\"row-6\">\n\t<td class=\"column-1\"><\/td><td class=\"column-2\"><span style=\"color:#222222;\">BBSK<\/span><\/td><td class=\"column-3\"><span style=\"color:#222222;\">\u0160tefan Hen\u017eel<\/span><\/td><td class=\"column-4\"><span style=\"color:#222222;\">starosta obce Nevolne<\/span><\/td><td class=\"column-5\"><span style=\"color:#222222;\">Komora miestnej samospr\u00e1vy <\/span><\/td><td class=\"column-6\"><\/td>\n<\/tr>\n<tr class=\"row-7\">\n\t<td class=\"column-1\"><\/td><td class=\"column-2\"><span style=\"color:#222222;\">BBSK<\/span><\/td><td class=\"column-3\"><span style=\"color:#222222;\">Dalibor Surko\u0161<\/span><\/td><td class=\"column-4\"><span style=\"color:#222222;\">prim\u00e1tor mesta Ve\u013ek\u00fd Krt\u00ed\u0161<\/span><\/td><td class=\"column-5\"><span style=\"color:#222222;\">Komora miestnej samospr\u00e1vy <\/span><\/td><td class=\"column-6\"><\/td>\n<\/tr>\n<tr class=\"row-8\">\n\t<td class=\"column-1\"><\/td><td class=\"column-2\"><span style=\"color:#222222;\">BBSK<\/span><\/td><td class=\"column-3\"><span style=\"color:#222222;\">Attila Ag\u00f3cs<\/span><\/td><td class=\"column-4\"><span style=\"color:#222222;\">prim\u00e1tor mesta Fi\u013eakovo<\/span><\/td><td class=\"column-5\"><span style=\"color:#222222;\">Komora miestnej samospr\u00e1vy <\/span><\/td><td class=\"column-6\"><\/td>\n<\/tr>\n<tr class=\"row-9\">\n\t<td class=\"column-1\"><\/td><td class=\"column-2\"><span style=\"color:#222222;\">BBSK<\/span><\/td><td class=\"column-3\"><span style=\"color:#222222;\">Mari\u00e1n Habov\u010d\u00edk<\/span><\/td><td class=\"column-4\"><span style=\"color:#222222;\">starosta obce Lenka<\/span><\/td><td class=\"column-5\"><span style=\"color:#222222;\">Komora miestnej samospr\u00e1vy <\/span><\/td><td class=\"column-6\"><\/td>\n<\/tr>\n<tr class=\"row-10\">\n\t<td class=\"column-1\"><\/td><td class=\"column-2\"><span style=\"color:#222222;\">BBSK<\/span><\/td><td class=\"column-3\"><span style=\"color:#222222;\">Tatiana \u010contofalsk\u00e1<\/span><\/td><td class=\"column-4\"><span style=\"color:#222222;\">starostka obce Predajn\u00e1<\/span><\/td><td class=\"column-5\"><span style=\"color:#222222;\">Komora miestnej samospr\u00e1vy <\/span><\/td><td class=\"column-6\"><\/td>\n<\/tr>\n<tr class=\"row-11\">\n\t<td class=\"column-1\"><\/td><td class=\"column-2\">BBSK<\/td><td class=\"column-3\">Mgr. Lucia Za\u0165kovov\u00e1<\/td><td class=\"column-4\">starostka obce Doln\u00e9 Mladonice<\/td><td class=\"column-5\">Komora miestnej samospr\u00e1vy <\/td><td class=\"column-6\"><\/td>\n<\/tr>\n<tr class=\"row-12\">\n\t<td class=\"column-1\"><\/td><td class=\"column-2\">BBSK<\/td><td class=\"column-3\">JUDr. Veronika Voz\u00e1rov\u00e1<\/td><td class=\"column-4\">Ministerstvo invest\u00edci\u00ed, region\u00e1lneho rozvoja a informatiz\u00e1cie Slovenskej republiky<\/td><td class=\"column-5\">Komora \u0161t\u00e1tnej spr\u00e1vy <\/td><td class=\"column-6\"><\/td>\n<\/tr>\n<tr class=\"row-13\">\n\t<td class=\"column-1\"><\/td><td class=\"column-2\">BBSK<\/td><td class=\"column-3\">JUDr. Denisa \u017dil\u00e1kov\u00e1, MBA, LL.M.<\/td><td class=\"column-4\">Ministerstvo dopravy Slovenskej republiky<\/td><td class=\"column-5\">Komora \u0161t\u00e1tnej spr\u00e1vy <\/td><td class=\"column-6\"><\/td>\n<\/tr>\n<tr class=\"row-14\">\n\t<td class=\"column-1\"><\/td><td class=\"column-2\">BBSK<\/td><td class=\"column-3\">Ing. Zdenko Letenay<\/td><td class=\"column-4\">Ministerstvo hospod\u00e1rstva Slovenskej republiky<\/td><td class=\"column-5\">Komora \u0161t\u00e1tnej spr\u00e1vy <\/td><td class=\"column-6\"><\/td>\n<\/tr>\n<tr class=\"row-15\">\n\t<td class=\"column-1\"><\/td><td class=\"column-2\">BBSK<\/td><td class=\"column-3\">Mgr. \u00c1bel Ravasz<\/td><td class=\"column-4\">Ministerstvo \u0161kolstva, v\u00fdskumu, v\u00fdvoja a ml\u00e1de\u017ee Slovenskej republiky<\/td><td class=\"column-5\">Komora \u0161t\u00e1tnej spr\u00e1vy <\/td><td class=\"column-6\"><\/td>\n<\/tr>\n<tr class=\"row-16\">\n\t<td class=\"column-1\"><\/td><td class=\"column-2\">BBSK<\/td><td class=\"column-3\">Mgr. Marcela Fazeka\u0161ov\u00e1<\/td><td rowspan=\"2\" class=\"column-4\">Ministerstvo zdravotn\u00edctva Slovenskej republiky<\/td><td class=\"column-5\">Komora \u0161t\u00e1tnej spr\u00e1vy <\/td><td class=\"column-6\"><\/td>\n<\/tr>\n<tr class=\"row-17\">\n\t<td class=\"column-1\"><\/td><td class=\"column-2\">BBSK<\/td><td class=\"column-3\">RNDr. Tatiana Bagiov\u00e1 (z\u00e1stupca)<\/td><td class=\"column-5\">Komora \u0161t\u00e1tnej spr\u00e1vy <\/td><td class=\"column-6\"><\/td>\n<\/tr>\n<tr class=\"row-18\">\n\t<td class=\"column-1\"><\/td><td class=\"column-2\">BBSK<\/td><td class=\"column-3\">Mgr. Miloslava Moln\u00e1rov\u00e1, PhD.<\/td><td rowspan=\"2\" class=\"column-4\">Ministerstvo \u017eivotn\u00e9ho prostredia Slovenskej republiky<\/td><td class=\"column-5\">Komora \u0161t\u00e1tnej spr\u00e1vy <\/td><td class=\"column-6\"><\/td>\n<\/tr>\n<tr class=\"row-19\">\n\t<td class=\"column-1\"><\/td><td class=\"column-2\">BBSK<\/td><td class=\"column-3\">Ing. Jana Rol\u00ednov\u00e1 <\/td><td class=\"column-5\">Komora \u0161t\u00e1tnej spr\u00e1vy <\/td><td class=\"column-6\"><\/td>\n<\/tr>\n<tr class=\"row-20\">\n\t<td class=\"column-1\"><\/td><td class=\"column-2\">BBSK<\/td><td class=\"column-3\">JUDr. Juraj D\u017emura<\/td><td class=\"column-4\">Ministerstvo vn\u00fatra Slovenskej republiky<\/td><td class=\"column-5\">Komora \u0161t\u00e1tnej spr\u00e1vy <\/td><td class=\"column-6\"><\/td>\n<\/tr>\n<tr class=\"row-21\">\n\t<td class=\"column-1\"><\/td><td class=\"column-2\">BBSK<\/td><td class=\"column-3\">Ing. Peter Duranka<\/td><td class=\"column-4\">Ministerstvo kult\u00fary Slovenskej republiky<\/td><td class=\"column-5\">Komora \u0161t\u00e1tnej spr\u00e1vy <\/td><td class=\"column-6\"><\/td>\n<\/tr>\n<tr class=\"row-22\">\n\t<td class=\"column-1\"><\/td><td class=\"column-2\">BBSK<\/td><td class=\"column-3\">Ing. Michal Straka<\/td><td class=\"column-4\">Ministerstvo pr\u00e1ce, soci\u00e1lnych vec\u00ed a rodiny Slovenskej republiky<\/td><td class=\"column-5\">Komora \u0161t\u00e1tnej spr\u00e1vy <\/td><td class=\"column-6\"><\/td>\n<\/tr>\n<tr class=\"row-23\">\n\t<td class=\"column-1\"><\/td><td class=\"column-2\">BBSK<\/td><td class=\"column-3\">Mgr. Denisa L\u00e1nikov\u00e1<\/td><td rowspan=\"2\" class=\"column-4\">Ministerstvo p\u00f4dohospod\u00e1rstva a rozvoja vidieka Slovenskej republiky<\/td><td class=\"column-5\">Komora \u0161t\u00e1tnej spr\u00e1vy <\/td><td class=\"column-6\"><\/td>\n<\/tr>\n<tr class=\"row-24\">\n\t<td class=\"column-1\"><\/td><td class=\"column-2\">BBSK<\/td><td class=\"column-3\">Mgr. Lucia Hitkov\u00e1<\/td><td class=\"column-5\">Komora \u0161t\u00e1tnej spr\u00e1vy <\/td><td class=\"column-6\"><\/td>\n<\/tr>\n<tr class=\"row-25\">\n\t<td class=\"column-1\"><\/td><td class=\"column-2\">BBSK<\/td><td class=\"column-3\">Ing. Igor Donoval<\/td><td rowspan=\"2\" class=\"column-4\">Ministerstvo cestovn\u00e9ho ruchu a \u0161portu Slovenskej republiky<\/td><td class=\"column-5\">Komora \u0161t\u00e1tnej spr\u00e1vy <\/td><td class=\"column-6\"><\/td>\n<\/tr>\n<tr class=\"row-26\">\n\t<td class=\"column-1\"><\/td><td class=\"column-2\">BBSK<\/td><td class=\"column-3\">Mgr. J\u00falius Ernek<\/td><td class=\"column-5\">Komora \u0161t\u00e1tnej spr\u00e1vy <\/td><td class=\"column-6\"><\/td>\n<\/tr>\n<tr class=\"row-27\">\n\t<td class=\"column-1\"><\/td><td class=\"column-2\">BBSK<\/td><td class=\"column-3\">Mgr. Mari\u00e1n Balog<\/td><td class=\"column-4\">\u00darad vl\u00e1dy Slovenskej republiky<\/td><td class=\"column-5\">Komora \u0161t\u00e1tnej spr\u00e1vy <\/td><td class=\"column-6\"><\/td>\n<\/tr>\n<tr class=\"row-28\">\n\t<td class=\"column-1\"><\/td><td class=\"column-2\"><span style=\"color:#222222;\">BBSK<\/span><\/td><td class=\"column-3\"><span style=\"color:#222222;\">prof. PhDr. Peter Terem, PhD.<\/span><\/td><td class=\"column-4\"><span style=\"color:#222222;\">Z\u00e1stupca akademick\u00e9ho sektora<\/span><\/td><td class=\"column-5\"><span style=\"color:#222222;\">Komora socioekonomick\u00fdch partnerov<\/span><\/td><td class=\"column-6\"><\/td>\n<\/tr>\n<tr class=\"row-29\">\n\t<td class=\"column-1\"><\/td><td class=\"column-2\"><span style=\"color:#222222;\">BBSK<\/span><\/td><td class=\"column-3\"><span style=\"color:#222222;\">Martina Strme\u0148ov\u00e1<\/span><\/td><td class=\"column-4\"><span style=\"color:#222222;\">Z\u00e1stupca ob\u010dianskeho sektora<\/span><\/td><td class=\"column-5\"><span style=\"color:#222222;\">Komora socioekonomick\u00fdch partnerov<\/span><\/td><td class=\"column-6\"><\/td>\n<\/tr>\n<tr class=\"row-30\">\n\t<td class=\"column-1\"><\/td><td class=\"column-2\"><span style=\"color:#222222;\">BBSK<\/span><\/td><td class=\"column-3\"><span style=\"color:#222222;\">Ing. J\u00e1n Gyulai<\/span><\/td><td class=\"column-4\"><span style=\"color:#222222;\">Z\u00e1stupca poskytovate\u013eov soci\u00e1lnych slu\u017eieb alebo cirkv\u00ed zria\u010fuj\u00facich poskytovate\u013eov soci\u00e1lnych, vzdel\u00e1vac\u00edch alebo charitat\u00edvnych slu\u017eieb na \u00fazem\u00ed BBSK\u00a0\u00a0<\/span><\/td><td class=\"column-5\"><span style=\"color:#222222;\">Komora socioekonomick\u00fdch partnerov<\/span><\/td><td class=\"column-6\"><\/td>\n<\/tr>\n<tr class=\"row-31\">\n\t<td class=\"column-1\"><\/td><td class=\"column-2\"><span style=\"color:#222222;\">BBSK<\/span><\/td><td class=\"column-3\"><del> Ing. Martin Domovec<\/del><\/td><td class=\"column-4\"><span style=\"color:#222222;\">Z\u00e1stupca podnikate\u013esk\u00e9ho sektora<\/span><\/td><td class=\"column-5\">Komora socioekonomick\u00fdch partnerov<\/td><td class=\"column-6\"><\/td>\n<\/tr>\n<\/tbody>\n<tfoot>\n<tr class=\"row-32\">\n\t<td class=\"column-1\"><\/td><th class=\"column-2\"><span style=\"color:#222222;\">BBSK<\/span><\/th><th class=\"column-3\"><span style=\"color:#222222;\">PhDr. Igor Pa\u0161m\u00edk<\/span><\/th><th class=\"column-4\"><span style=\"color:#222222;\">Z\u00e1stupca miestnych ak\u010dn\u00fdch skup\u00edn (MAS)<\/span><\/th><th class=\"column-5\"><span style=\"color:#222222;\">Komora socioekonomick\u00fdch partnerov<\/span><\/th><td class=\"column-6\"><\/td>\n<\/tr>\n<\/tfoot>\n<\/table>\n<!-- #tablepress-1 from cache -->\n","protected":false},"excerpt":{"rendered":"","protected":false},"author":2,"featured_media":0,"parent":0,"menu_order":0,"comment_status":"closed","ping_status":"closed","template":"","meta":{"_acf_changed":false,"footnotes":""},"class_list":["post-592","page","type-page","status-publish","hentry"],"acf":[],"yoast_head":"<!-- This site is optimized with the Yoast SEO plugin v27.0 - https:\/\/yoast.com\/product\/yoast-seo-wordpress\/ -->\n<title>Banskobystrick\u00e9ho kraja - Mapa partnerstva<\/title>\n<meta name=\"robots\" content=\"index, follow, max-snippet:-1, max-image-preview:large, max-video-preview:-1\" \/>\n<link rel=\"canonical\" href=\"https:\/\/mapapartnerstva.gov.sk\/?page_id=592\" \/>\n<meta property=\"og:locale\" content=\"sk_SK\" \/>\n<meta property=\"og:type\" content=\"article\" \/>\n<meta property=\"og:title\" content=\"Banskobystrick\u00e9ho kraja - Mapa partnerstva\" \/>\n<meta property=\"og:url\" content=\"https:\/\/mapapartnerstva.gov.sk\/?page_id=592\" \/>\n<meta property=\"og:site_name\" content=\"Mapa partnerstva\" \/>\n<meta property=\"article:modified_time\" content=\"2024-09-10T06:29:53+00:00\" \/>\n<meta name=\"twitter:card\" content=\"summary_large_image\" \/>\n<script type=\"application\/ld+json\" class=\"yoast-schema-graph\">{\"@context\":\"https:\/\/schema.org\",\"@graph\":[{\"@type\":\"WebPage\",\"@id\":\"https:\/\/mapapartnerstva.gov.sk\/?page_id=592\",\"url\":\"https:\/\/mapapartnerstva.gov.sk\/?page_id=592\",\"name\":\"Banskobystrick\u00e9ho kraja - Mapa partnerstva\",\"isPartOf\":{\"@id\":\"https:\/\/mapapartnerstva.gov.sk\/#website\"},\"datePublished\":\"2024-09-09T15:03:39+00:00\",\"dateModified\":\"2024-09-10T06:29:53+00:00\",\"breadcrumb\":{\"@id\":\"https:\/\/mapapartnerstva.gov.sk\/?page_id=592#breadcrumb\"},\"inLanguage\":\"sk-SK\",\"potentialAction\":[{\"@type\":\"ReadAction\",\"target\":[\"https:\/\/mapapartnerstva.gov.sk\/?page_id=592\"]}]},{\"@type\":\"BreadcrumbList\",\"@id\":\"https:\/\/mapapartnerstva.gov.sk\/?page_id=592#breadcrumb\",\"itemListElement\":[{\"@type\":\"ListItem\",\"position\":1,\"name\":\"Domovsk\u00e1 str\u00e1nka\",\"item\":\"https:\/\/mapapartnerstva.gov.sk\/\"},{\"@type\":\"ListItem\",\"position\":2,\"name\":\"Banskobystrick\u00e9ho kraja\"}]},{\"@type\":\"WebSite\",\"@id\":\"https:\/\/mapapartnerstva.gov.sk\/#website\",\"url\":\"https:\/\/mapapartnerstva.gov.sk\/\",\"name\":\"Mapa partnerstva\",\"description\":\"Ministerstvo invest\u00edci\u00ed, region\u00e1lneho rozvoja a informatiz\u00e1cie Slovenskej republiky\",\"potentialAction\":[{\"@type\":\"SearchAction\",\"target\":{\"@type\":\"EntryPoint\",\"urlTemplate\":\"https:\/\/mapapartnerstva.gov.sk\/?s={search_term_string}\"},\"query-input\":{\"@type\":\"PropertyValueSpecification\",\"valueRequired\":true,\"valueName\":\"search_term_string\"}}],\"inLanguage\":\"sk-SK\"}]}<\/script>\n<!-- \/ Yoast SEO plugin. -->","yoast_head_json":{"title":"Banskobystrick\u00e9ho kraja - Mapa partnerstva","robots":{"index":"index","follow":"follow","max-snippet":"max-snippet:-1","max-image-preview":"max-image-preview:large","max-video-preview":"max-video-preview:-1"},"canonical":"https:\/\/mapapartnerstva.gov.sk\/?page_id=592","og_locale":"sk_SK","og_type":"article","og_title":"Banskobystrick\u00e9ho kraja - Mapa partnerstva","og_url":"https:\/\/mapapartnerstva.gov.sk\/?page_id=592","og_site_name":"Mapa partnerstva","article_modified_time":"2024-09-10T06:29:53+00:00","twitter_card":"summary_large_image","schema":{"@context":"https:\/\/schema.org","@graph":[{"@type":"WebPage","@id":"https:\/\/mapapartnerstva.gov.sk\/?page_id=592","url":"https:\/\/mapapartnerstva.gov.sk\/?page_id=592","name":"Banskobystrick\u00e9ho kraja - Mapa partnerstva","isPartOf":{"@id":"https:\/\/mapapartnerstva.gov.sk\/#website"},"datePublished":"2024-09-09T15:03:39+00:00","dateModified":"2024-09-10T06:29:53+00:00","breadcrumb":{"@id":"https:\/\/mapapartnerstva.gov.sk\/?page_id=592#breadcrumb"},"inLanguage":"sk-SK","potentialAction":[{"@type":"ReadAction","target":["https:\/\/mapapartnerstva.gov.sk\/?page_id=592"]}]},{"@type":"BreadcrumbList","@id":"https:\/\/mapapartnerstva.gov.sk\/?page_id=592#breadcrumb","itemListElement":[{"@type":"ListItem","position":1,"name":"Domovsk\u00e1 str\u00e1nka","item":"https:\/\/mapapartnerstva.gov.sk\/"},{"@type":"ListItem","position":2,"name":"Banskobystrick\u00e9ho kraja"}]},{"@type":"WebSite","@id":"https:\/\/mapapartnerstva.gov.sk\/#website","url":"https:\/\/mapapartnerstva.gov.sk\/","name":"Mapa partnerstva","description":"Ministerstvo invest\u00edci\u00ed, region\u00e1lneho rozvoja a informatiz\u00e1cie Slovenskej republiky","potentialAction":[{"@type":"SearchAction","target":{"@type":"EntryPoint","urlTemplate":"https:\/\/mapapartnerstva.gov.sk\/?s={search_term_string}"},"query-input":{"@type":"PropertyValueSpecification","valueRequired":true,"valueName":"search_term_string"}}],"inLanguage":"sk-SK"}]}},"_links":{"self":[{"href":"https:\/\/mapapartnerstva.gov.sk\/index.php?rest_route=\/wp\/v2\/pages\/592","targetHints":{"allow":["GET"]}}],"collection":[{"href":"https:\/\/mapapartnerstva.gov.sk\/index.php?rest_route=\/wp\/v2\/pages"}],"about":[{"href":"https:\/\/mapapartnerstva.gov.sk\/index.php?rest_route=\/wp\/v2\/types\/page"}],"author":[{"embeddable":true,"href":"https:\/\/mapapartnerstva.gov.sk\/index.php?rest_route=\/wp\/v2\/users\/2"}],"replies":[{"embeddable":true,"href":"https:\/\/mapapartnerstva.gov.sk\/index.php?rest_route=%2Fwp%2Fv2%2Fcomments&post=592"}],"version-history":[{"count":3,"href":"https:\/\/mapapartnerstva.gov.sk\/index.php?rest_route=\/wp\/v2\/pages\/592\/revisions"}],"predecessor-version":[{"id":623,"href":"https:\/\/mapapartnerstva.gov.sk\/index.php?rest_route=\/wp\/v2\/pages\/592\/revisions\/623"}],"wp:attachment":[{"href":"https:\/\/mapapartnerstva.gov.sk\/index.php?rest_route=%2Fwp%2Fv2%2Fmedia&parent=592"}],"curies":[{"name":"wp","href":"https:\/\/api.w.org\/{rel}","templated":true}]}}