{"id":443,"date":"2024-09-04T05:16:46","date_gmt":"2024-09-04T05:16:46","guid":{"rendered":"http:\/\/10.10.10.150\/mapasidel\/?page_id=443"},"modified":"2025-07-28T12:24:37","modified_gmt":"2025-07-28T12:24:37","slug":"popis-udajov","status":"publish","type":"page","link":"https:\/\/mapapartnerstva.gov.sk\/?page_id=443","title":{"rendered":"Popis \u00fadajov"},"content":{"rendered":"<table border=\"2\">\n<tbody>\n<tr>\n<td width=\"478\"><strong>Inform\u00e1cia o v\u00fdzve<\/strong><\/td>\n<td width=\"557\"><strong>Popis<\/strong><\/td>\n<\/tr>\n<tr>\n<td width=\"478\">N\u00c1ZOV V\u00ddZVY<\/td>\n<td>Ofici\u00e1lny n\u00e1zov v\u00fdzvy uverejnen\u00fd na ofici\u00e1lnej webovej str\u00e1nke zo strany vyhlasovate\u013ea<\/td>\n<\/tr>\n<tr>\n<td width=\"478\">OPR\u00c1VNEN\u00dd \u017dIADATE\u013d<br \/>\nsubjekt opr\u00e1vnen\u00fd \u017eiada\u0165 o NFP<\/td>\n<td width=\"557\">\u0160t\u00e1tna spr\u00e1va (\u00fastredn\u00fd org\u00e1n \u0161t\u00e1tnej spr\u00e1vy, ostatn\u00e9 \u00fastredn\u00e9 org\u00e1ny \u0161t\u00e1tnej spr\u00e1vy, org\u00e1ny \u0161t\u00e1tnej spr\u00e1vy s celo\u0161t\u00e1tnou p\u00f4sobnos\u0165ou,\u00a0 organiz\u00e1cie v ich p\u00f4sobnosti, org\u00e1n miestnej \u0161t\u00e1tnej spr\u00e1vy)<br \/>\n\u00dazemn\u00e1 samospr\u00e1va (obec, samospr\u00e1vny kraj)<br \/>\nPodnikate\u013e<br \/>\nVedecko-v\u00fdskumn\u00e1 organiz\u00e1cia<br \/>\nNeziskov\u00e1 organiz\u00e1cia (MNO, cirkvi a n\u00e1bo\u017eensk\u00e9 spolo\u010dnosti)<br \/>\nOb\u010dan<br \/>\nOstatn\u00fd subjekt<br \/>\nPoskytovate\u013e zdravotnej starostlivosti<\/td>\n<\/tr>\n<tr>\n<td width=\"478\">OPR\u00c1VNEN\u00c9 \u00daZEMIE<\/td>\n<td width=\"557\">BSK -Bratislavsk\u00fd samospr\u00e1vny kraj<br \/>\nTTSK \u2013 Trnavsk\u00fd samospr\u00e1vny kraj<br \/>\n\u017dSK \u2013 \u017dilinsk\u00fd samospr\u00e1vny kraj<br \/>\nTSK \u2013 Tren\u010diansky samospr\u00e1vny kraj<br \/>\nBBSK \u2013 Banskobystrick\u00fd samospr\u00e1vny kraj<br \/>\nNSK \u2013 Nitriansky samospr\u00e1vny kraj<br \/>\nPSK \u2013 Pre\u0161ovsk\u00fd samospr\u00e1vny kraj<br \/>\nKSK \u2013 Ko\u0161ick\u00fd samospr\u00e1vny kraj<\/td>\n<\/tr>\n<tr>\n<td width=\"478\">TERM\u00cdN VYHL\u00c1SENIA<br \/>\nofici\u00e1lny d\u00e1tum vyhl\u00e1senia v\u00fdzvy<\/td>\n<td>ofici\u00e1lny d\u00e1tum vyhl\u00e1senia v\u00fdzvy<\/td>\n<\/tr>\n<tr>\n<td width=\"478\">TERM\u00cdN UZAVRETIA V\u00ddZVY<br \/>\nofici\u00e1lny d\u00e1tum ukon\u010denia v\u00fdzvy<\/td>\n<td width=\"557\">V pr\u00edpade nezverejnen\u00e9ho d\u00e1tumu term\u00ednu uzavretia v\u00fdzvy ide o otvoren\u00fa v\u00fdzvu, teda je mo\u017en\u00e9 predklada\u0165 \u017eiadosti do vy\u010derpania alok\u00e1cie alebo do rozhodnutia vykon\u00e1vate\u013ea<\/td>\n<\/tr>\n<tr>\n<td width=\"478\">TEMATICK\u00c1 KATEG\u00d3RIA<br \/>\noblas\u0165 zamerania v\u00fdzvy<\/td>\n<td width=\"557\">Zaradenie v\u00fdzvy do \u010do najbli\u017e\u0161ej tematickej kateg\u00f3rie v zmysle obsahu a cie\u013ea v\u00fdzvy. V\u00fdzva m\u00f4\u017ee by\u0165 zaraden\u00e1 do viac ako jednej kateg\u00f3rie.<\/td>\n<\/tr>\n<tr>\n<td width=\"478\">VYHLASOVATE\u013d V\u00ddZVY<\/td>\n<td>Subjekt, ktor\u00fd je zodpovedn\u00fd za vyhl\u00e1senie v\u00fdzvy.<\/td>\n<\/tr>\n<tr>\n<td width=\"478\">TYP V\u00ddZVY<\/td>\n<td width=\"557\">DOV \u2013 dopytov\u00e1 v\u00fdzva;<br \/>\nNP \u2013 v\u00fdzva pre n\u00e1rodn\u00fd projekt resp. priame vyzvanie;<br \/>\nNP-FA \u2013 v\u00fdzva pre f\u00e1zovan\u00fd n\u00e1rodn\u00fd projekt;<br \/>\nI\u00daI \u2013 projekt integrovan\u00fdch \u00fazemn\u00fdch invest\u00edci\u00ed;<br \/>\nFN &#8211; finan\u010dn\u00e9 n\u00e1stroje;<br \/>\nHE &#8211; Priamo podporen\u00fd projekt so zn\u00e1mkou\u00a0excelentnosti;<br \/>\nPOO \u2013 v\u00fdzva z Pl\u00e1nu obnovy a odolnosti;<br \/>\ndot\u00e1cia &#8211; dota\u010dn\u00fd mechanizmus zo zdrojov \u0161t\u00e1tneho rozpo\u010dtu<\/td>\n<\/tr>\n<tr>\n<td width=\"478\">STAV V\u00ddZVY<br \/>\nstav aktu\u00e1lnej evidencie v\u00fdzvy<\/td>\n<td>Pre \u00fa\u010dely Mapy partnerstva sa zverej\u0148uj\u00fa vyhl\u00e1sen\u00e9, zru\u0161en\u00e9 a ukon\u010den\u00e9 v\u00fdzvy<\/td>\n<\/tr>\n<tr>\n<td width=\"478\">URL NA VYHL\u00c1SEN\u00da V\u00ddZVU<br \/>\nlink na presmerovanie k detailom v\u00fdzvy (v pr\u00edpade neprelinkovania, skop\u00edrujte URL do internetov\u00e9ho prehliada\u010da)<\/td>\n<td>URL (Uniform Resource Locator) \u2013 jedine\u010dn\u00e1 internetov\u00e1 adresa\/odkaz zverejnenej v\u00fdzvy<\/td>\n<\/tr>\n<tr>\n<td width=\"478\">Program<\/td>\n<td width=\"557\">Program, prostredn\u00edctvom ktor\u00e9ho je v\u00fdzva zverejnen\u00e1 (PSK = Program Slovensko, POO = Pl\u00e1n obnovy a odolnosti)<\/td>\n<\/tr>\n<\/tbody>\n<\/table>\n","protected":false},"excerpt":{"rendered":"<p>Inform\u00e1cia o v\u00fdzve Popis N\u00c1ZOV V\u00ddZVY Ofici\u00e1lny n\u00e1zov v\u00fdzvy uverejnen\u00fd na ofici\u00e1lnej webovej str\u00e1nke zo strany vyhlasovate\u013ea OPR\u00c1VNEN\u00dd \u017dIADATE\u013d subjekt opr\u00e1vnen\u00fd \u017eiada\u0165 o NFP \u0160t\u00e1tna spr\u00e1va (\u00fastredn\u00fd org\u00e1n \u0161t\u00e1tnej spr\u00e1vy, ostatn\u00e9 \u00fastredn\u00e9 org\u00e1ny \u0161t\u00e1tnej spr\u00e1vy, org\u00e1ny \u0161t\u00e1tnej spr\u00e1vy s celo\u0161t\u00e1tnou p\u00f4sobnos\u0165ou,\u00a0 organiz\u00e1cie v ich p\u00f4sobnosti, org\u00e1n miestnej \u0161t\u00e1tnej spr\u00e1vy) \u00dazemn\u00e1 samospr\u00e1va (obec, samospr\u00e1vny kraj) Podnikate\u013e&#8230;<\/p>\n","protected":false},"author":2,"featured_media":0,"parent":0,"menu_order":0,"comment_status":"closed","ping_status":"closed","template":"","meta":{"_acf_changed":false,"footnotes":""},"class_list":["post-443","page","type-page","status-publish","hentry"],"acf":[],"yoast_head":"<!-- This site is optimized with the Yoast SEO plugin v27.0 - https:\/\/yoast.com\/product\/yoast-seo-wordpress\/ -->\n<title>Popis \u00fadajov - Mapa partnerstva<\/title>\n<meta name=\"robots\" content=\"index, follow, max-snippet:-1, max-image-preview:large, max-video-preview:-1\" \/>\n<link rel=\"canonical\" href=\"https:\/\/mapapartnerstva.gov.sk\/?page_id=443\" \/>\n<meta property=\"og:locale\" content=\"sk_SK\" \/>\n<meta property=\"og:type\" content=\"article\" \/>\n<meta property=\"og:title\" content=\"Popis \u00fadajov - Mapa partnerstva\" \/>\n<meta property=\"og:description\" content=\"Inform\u00e1cia o v\u00fdzve Popis N\u00c1ZOV V\u00ddZVY Ofici\u00e1lny n\u00e1zov v\u00fdzvy uverejnen\u00fd na ofici\u00e1lnej webovej str\u00e1nke zo strany vyhlasovate\u013ea OPR\u00c1VNEN\u00dd \u017dIADATE\u013d subjekt opr\u00e1vnen\u00fd \u017eiada\u0165 o NFP \u0160t\u00e1tna spr\u00e1va (\u00fastredn\u00fd org\u00e1n \u0161t\u00e1tnej spr\u00e1vy, ostatn\u00e9 \u00fastredn\u00e9 org\u00e1ny \u0161t\u00e1tnej spr\u00e1vy, org\u00e1ny \u0161t\u00e1tnej spr\u00e1vy s celo\u0161t\u00e1tnou p\u00f4sobnos\u0165ou,\u00a0 organiz\u00e1cie v ich p\u00f4sobnosti, org\u00e1n miestnej \u0161t\u00e1tnej spr\u00e1vy) \u00dazemn\u00e1 samospr\u00e1va (obec, samospr\u00e1vny kraj) Podnikate\u013e...\" \/>\n<meta property=\"og:url\" content=\"https:\/\/mapapartnerstva.gov.sk\/?page_id=443\" \/>\n<meta property=\"og:site_name\" content=\"Mapa partnerstva\" \/>\n<meta property=\"article:modified_time\" content=\"2025-07-28T12:24:37+00:00\" \/>\n<meta name=\"twitter:card\" content=\"summary_large_image\" \/>\n<meta name=\"twitter:label1\" content=\"Predpokladan\u00fd \u010das \u010d\u00edtania\" \/>\n\t<meta name=\"twitter:data1\" content=\"2 min\u00faty\" \/>\n<script type=\"application\/ld+json\" class=\"yoast-schema-graph\">{\"@context\":\"https:\/\/schema.org\",\"@graph\":[{\"@type\":\"WebPage\",\"@id\":\"https:\/\/mapapartnerstva.gov.sk\/?page_id=443\",\"url\":\"https:\/\/mapapartnerstva.gov.sk\/?page_id=443\",\"name\":\"Popis \u00fadajov - Mapa partnerstva\",\"isPartOf\":{\"@id\":\"https:\/\/mapapartnerstva.gov.sk\/#website\"},\"datePublished\":\"2024-09-04T05:16:46+00:00\",\"dateModified\":\"2025-07-28T12:24:37+00:00\",\"breadcrumb\":{\"@id\":\"https:\/\/mapapartnerstva.gov.sk\/?page_id=443#breadcrumb\"},\"inLanguage\":\"sk-SK\",\"potentialAction\":[{\"@type\":\"ReadAction\",\"target\":[\"https:\/\/mapapartnerstva.gov.sk\/?page_id=443\"]}]},{\"@type\":\"BreadcrumbList\",\"@id\":\"https:\/\/mapapartnerstva.gov.sk\/?page_id=443#breadcrumb\",\"itemListElement\":[{\"@type\":\"ListItem\",\"position\":1,\"name\":\"Domovsk\u00e1 str\u00e1nka\",\"item\":\"https:\/\/mapapartnerstva.gov.sk\/\"},{\"@type\":\"ListItem\",\"position\":2,\"name\":\"Popis \u00fadajov\"}]},{\"@type\":\"WebSite\",\"@id\":\"https:\/\/mapapartnerstva.gov.sk\/#website\",\"url\":\"https:\/\/mapapartnerstva.gov.sk\/\",\"name\":\"Mapa partnerstva\",\"description\":\"Ministerstvo invest\u00edci\u00ed, region\u00e1lneho rozvoja a informatiz\u00e1cie Slovenskej republiky\",\"potentialAction\":[{\"@type\":\"SearchAction\",\"target\":{\"@type\":\"EntryPoint\",\"urlTemplate\":\"https:\/\/mapapartnerstva.gov.sk\/?s={search_term_string}\"},\"query-input\":{\"@type\":\"PropertyValueSpecification\",\"valueRequired\":true,\"valueName\":\"search_term_string\"}}],\"inLanguage\":\"sk-SK\"}]}<\/script>\n<!-- \/ Yoast SEO plugin. -->","yoast_head_json":{"title":"Popis \u00fadajov - Mapa partnerstva","robots":{"index":"index","follow":"follow","max-snippet":"max-snippet:-1","max-image-preview":"max-image-preview:large","max-video-preview":"max-video-preview:-1"},"canonical":"https:\/\/mapapartnerstva.gov.sk\/?page_id=443","og_locale":"sk_SK","og_type":"article","og_title":"Popis \u00fadajov - Mapa partnerstva","og_description":"Inform\u00e1cia o v\u00fdzve Popis N\u00c1ZOV V\u00ddZVY Ofici\u00e1lny n\u00e1zov v\u00fdzvy uverejnen\u00fd na ofici\u00e1lnej webovej str\u00e1nke zo strany vyhlasovate\u013ea OPR\u00c1VNEN\u00dd \u017dIADATE\u013d subjekt opr\u00e1vnen\u00fd \u017eiada\u0165 o NFP \u0160t\u00e1tna spr\u00e1va (\u00fastredn\u00fd org\u00e1n \u0161t\u00e1tnej spr\u00e1vy, ostatn\u00e9 \u00fastredn\u00e9 org\u00e1ny \u0161t\u00e1tnej spr\u00e1vy, org\u00e1ny \u0161t\u00e1tnej spr\u00e1vy s celo\u0161t\u00e1tnou p\u00f4sobnos\u0165ou,\u00a0 organiz\u00e1cie v ich p\u00f4sobnosti, org\u00e1n miestnej \u0161t\u00e1tnej spr\u00e1vy) \u00dazemn\u00e1 samospr\u00e1va (obec, samospr\u00e1vny kraj) Podnikate\u013e...","og_url":"https:\/\/mapapartnerstva.gov.sk\/?page_id=443","og_site_name":"Mapa partnerstva","article_modified_time":"2025-07-28T12:24:37+00:00","twitter_card":"summary_large_image","twitter_misc":{"Predpokladan\u00fd \u010das \u010d\u00edtania":"2 min\u00faty"},"schema":{"@context":"https:\/\/schema.org","@graph":[{"@type":"WebPage","@id":"https:\/\/mapapartnerstva.gov.sk\/?page_id=443","url":"https:\/\/mapapartnerstva.gov.sk\/?page_id=443","name":"Popis \u00fadajov - Mapa partnerstva","isPartOf":{"@id":"https:\/\/mapapartnerstva.gov.sk\/#website"},"datePublished":"2024-09-04T05:16:46+00:00","dateModified":"2025-07-28T12:24:37+00:00","breadcrumb":{"@id":"https:\/\/mapapartnerstva.gov.sk\/?page_id=443#breadcrumb"},"inLanguage":"sk-SK","potentialAction":[{"@type":"ReadAction","target":["https:\/\/mapapartnerstva.gov.sk\/?page_id=443"]}]},{"@type":"BreadcrumbList","@id":"https:\/\/mapapartnerstva.gov.sk\/?page_id=443#breadcrumb","itemListElement":[{"@type":"ListItem","position":1,"name":"Domovsk\u00e1 str\u00e1nka","item":"https:\/\/mapapartnerstva.gov.sk\/"},{"@type":"ListItem","position":2,"name":"Popis \u00fadajov"}]},{"@type":"WebSite","@id":"https:\/\/mapapartnerstva.gov.sk\/#website","url":"https:\/\/mapapartnerstva.gov.sk\/","name":"Mapa partnerstva","description":"Ministerstvo invest\u00edci\u00ed, region\u00e1lneho rozvoja a informatiz\u00e1cie Slovenskej republiky","potentialAction":[{"@type":"SearchAction","target":{"@type":"EntryPoint","urlTemplate":"https:\/\/mapapartnerstva.gov.sk\/?s={search_term_string}"},"query-input":{"@type":"PropertyValueSpecification","valueRequired":true,"valueName":"search_term_string"}}],"inLanguage":"sk-SK"}]}},"_links":{"self":[{"href":"https:\/\/mapapartnerstva.gov.sk\/index.php?rest_route=\/wp\/v2\/pages\/443","targetHints":{"allow":["GET"]}}],"collection":[{"href":"https:\/\/mapapartnerstva.gov.sk\/index.php?rest_route=\/wp\/v2\/pages"}],"about":[{"href":"https:\/\/mapapartnerstva.gov.sk\/index.php?rest_route=\/wp\/v2\/types\/page"}],"author":[{"embeddable":true,"href":"https:\/\/mapapartnerstva.gov.sk\/index.php?rest_route=\/wp\/v2\/users\/2"}],"replies":[{"embeddable":true,"href":"https:\/\/mapapartnerstva.gov.sk\/index.php?rest_route=%2Fwp%2Fv2%2Fcomments&post=443"}],"version-history":[{"count":9,"href":"https:\/\/mapapartnerstva.gov.sk\/index.php?rest_route=\/wp\/v2\/pages\/443\/revisions"}],"predecessor-version":[{"id":2082,"href":"https:\/\/mapapartnerstva.gov.sk\/index.php?rest_route=\/wp\/v2\/pages\/443\/revisions\/2082"}],"wp:attachment":[{"href":"https:\/\/mapapartnerstva.gov.sk\/index.php?rest_route=%2Fwp%2Fv2%2Fmedia&parent=443"}],"curies":[{"name":"wp","href":"https:\/\/api.w.org\/{rel}","templated":true}]}}