{"id":2556,"date":"2025-11-18T07:40:40","date_gmt":"2025-11-18T07:40:40","guid":{"rendered":"https:\/\/mapapartnerstva.gov.sk\/?page_id=2556"},"modified":"2025-11-18T14:58:21","modified_gmt":"2025-11-18T14:58:21","slug":"virtualny-asistent-navod","status":"publish","type":"page","link":"https:\/\/mapapartnerstva.gov.sk\/?page_id=2556","title":{"rendered":"Virtu\u00e1lny asistent"},"content":{"rendered":"<p><strong>\u010co je virtu\u00e1lny asistent a na \u010do sl\u00fa\u017ei<\/strong><\/p>\n<p>Virtu\u00e1lny asistent na str\u00e1nke Mapa partnerstva je digit\u00e1lny n\u00e1stroj, ktor\u00fd komunikuje s pou\u017e\u00edvate\u013emi prostredn\u00edctvom textu. Jeho hlavnou \u00falohou je u\u013eah\u010di\u0165 vyh\u013ead\u00e1vanie inform\u00e1ci\u00ed priamo na str\u00e1nke mapapartnerstva.sk a pom\u00f4c\u0165 V\u00e1m r\u00fdchlo z\u00edska\u0165 preh\u013ead o mo\u017enostiach \u010derpania eurofondov, dostupn\u00fdch v\u00fdzvach a pl\u00e1novan\u00fdch invest\u00edci\u00e1ch. Asistent odpoved\u00e1 na naj\u010dastej\u0161ie ot\u00e1zky, naviguje v\u00e1s na spr\u00e1vne miesta a je dostupn\u00fd 24 hod\u00edn denne.<\/p>\n<p><strong>S \u010d\u00edm V\u00e1m vie pom\u00f4c\u0165:<\/strong><\/p>\n<ul>\n<li>Vyh\u013eada\u0165 inform\u00e1cie o aktu\u00e1lnych a pripravovan\u00fdch v\u00fdzvach.<\/li>\n<li>Nasmerova\u0165 V\u00e1s na spr\u00e1vne \u010dasti webu.<\/li>\n<li>Poskytn\u00fa\u0165 odpovede na naj\u010dastej\u0161ie ot\u00e1zky.<\/li>\n<\/ul>\n<p><strong>Na \u010do nesl\u00fa\u017ei:<\/strong><\/p>\n<ul>\n<li>Neposkytuje pr\u00e1vne poradenstvo.<\/li>\n<li>Nevybavuje registr\u00e1cie ani podanie \u017eiadost\u00ed.<\/li>\n<li>Neodpoved\u00e1 na ot\u00e1zky, ktor\u00e9 sa net\u00fdkaj\u00fa obsahu webu <a href=\"http:\/\/www.mapapartnerstva.sk\">mapapartnerstva.sk<\/a>.<\/li>\n<\/ul>\n<p><strong>Ako pou\u017e\u00edva\u0165 virtu\u00e1lneho asistenta<\/strong><\/p>\n<p>Pou\u017e\u00edvanie virtu\u00e1lneho asistenta na str\u00e1nke Mapa partnerstva je jednoduch\u00e9. Postupujte pod\u013ea t\u00fdchto krokov:<\/p>\n<ol>\n<li><strong>Spustenie asistenta <\/strong><\/li>\n<\/ol>\n<ul>\n<li>Kliknite na ikonu asistenta v pravom dolnom rohu str\u00e1nky.<\/li>\n<li>Otvor\u00ed sa okno, do ktor\u00e9ho m\u00f4\u017eete nap\u00edsa\u0165 svoju ot\u00e1zku.<\/li>\n<\/ul>\n<ol start=\"2\">\n<li><strong>Polo\u017ete ot\u00e1zku<\/strong><\/li>\n<\/ol>\n<ul>\n<li>Nap\u00ed\u0161te ot\u00e1zku v prirodzenej re\u010di.<\/li>\n<li>Virtu\u00e1lny asistent V\u00e1m poskytne odpove\u010f alebo odkaz na relevantn\u00fa \u010das\u0165 webu.<\/li>\n<\/ul>\n<ol start=\"3\">\n<li><strong>Pr\u00edklady ot\u00e1zok<\/strong><\/li>\n<\/ol>\n<ul>\n<li>\u201eAk\u00e9 s\u00fa aktu\u00e1lne v\u00fdzvy?\u201c<\/li>\n<li>\u201eN\u00e1jdi mi v\u00fdzvu na opravu hradu Beckov\u201c<\/li>\n<li>\u201eAk\u00e9 typy v\u00fdziev existuj\u00fa?\u201c<\/li>\n<\/ul>\n<ol start=\"4\">\n<li><strong>Tipy pre efekt\u00edvne pou\u017e\u00edvanie (Best practices)<\/strong><\/li>\n<\/ol>\n<ul>\n<li>P\u00ed\u0161te stru\u010dne a jasne.<\/li>\n<li>Pou\u017e\u00edvajte konkr\u00e9tne k\u013e\u00fa\u010dov\u00e9 slov\u00e1 (napr. \u201ev\u00fdzvy\u201c, \u201epartneri\u201c, \u201einvest\u00edcie\u201c).<\/li>\n<li>V pr\u00edpade opakovan\u00e9ho vyh\u013ead\u00e1vania odpor\u00fa\u010dame obnovi\u0165 str\u00e1nku a za\u010da\u0165 konverz\u00e1ciu odznova.<\/li>\n<\/ul>\n","protected":false},"excerpt":{"rendered":"<p>\u010co je virtu\u00e1lny asistent a na \u010do sl\u00fa\u017ei Virtu\u00e1lny asistent na str\u00e1nke Mapa partnerstva je digit\u00e1lny n\u00e1stroj, ktor\u00fd komunikuje s pou\u017e\u00edvate\u013emi prostredn\u00edctvom textu. Jeho hlavnou \u00falohou je u\u013eah\u010di\u0165 vyh\u013ead\u00e1vanie inform\u00e1ci\u00ed priamo na str\u00e1nke mapapartnerstva.sk a pom\u00f4c\u0165 V\u00e1m r\u00fdchlo z\u00edska\u0165 preh\u013ead o mo\u017enostiach \u010derpania eurofondov, dostupn\u00fdch v\u00fdzvach a pl\u00e1novan\u00fdch invest\u00edci\u00e1ch. Asistent odpoved\u00e1 na naj\u010dastej\u0161ie ot\u00e1zky, naviguje&#8230;<\/p>\n","protected":false},"author":2,"featured_media":0,"parent":0,"menu_order":0,"comment_status":"closed","ping_status":"closed","template":"","meta":{"_acf_changed":false,"footnotes":""},"class_list":["post-2556","page","type-page","status-publish","hentry"],"acf":[],"yoast_head":"<!-- This site is optimized with the Yoast SEO plugin v27.0 - https:\/\/yoast.com\/product\/yoast-seo-wordpress\/ -->\n<title>Virtu\u00e1lny asistent - Mapa partnerstva<\/title>\n<meta name=\"robots\" content=\"index, follow, max-snippet:-1, max-image-preview:large, max-video-preview:-1\" \/>\n<link rel=\"canonical\" href=\"https:\/\/mapapartnerstva.gov.sk\/?page_id=2556\" \/>\n<meta property=\"og:locale\" content=\"sk_SK\" \/>\n<meta property=\"og:type\" content=\"article\" \/>\n<meta property=\"og:title\" content=\"Virtu\u00e1lny asistent - Mapa partnerstva\" \/>\n<meta property=\"og:description\" content=\"\u010co je virtu\u00e1lny asistent a na \u010do sl\u00fa\u017ei Virtu\u00e1lny asistent na str\u00e1nke Mapa partnerstva je digit\u00e1lny n\u00e1stroj, ktor\u00fd komunikuje s pou\u017e\u00edvate\u013emi prostredn\u00edctvom textu. Jeho hlavnou \u00falohou je u\u013eah\u010di\u0165 vyh\u013ead\u00e1vanie inform\u00e1ci\u00ed priamo na str\u00e1nke mapapartnerstva.sk a pom\u00f4c\u0165 V\u00e1m r\u00fdchlo z\u00edska\u0165 preh\u013ead o mo\u017enostiach \u010derpania eurofondov, dostupn\u00fdch v\u00fdzvach a pl\u00e1novan\u00fdch invest\u00edci\u00e1ch. Asistent odpoved\u00e1 na naj\u010dastej\u0161ie ot\u00e1zky, naviguje...\" \/>\n<meta property=\"og:url\" content=\"https:\/\/mapapartnerstva.gov.sk\/?page_id=2556\" \/>\n<meta property=\"og:site_name\" content=\"Mapa partnerstva\" \/>\n<meta property=\"article:modified_time\" content=\"2025-11-18T14:58:21+00:00\" \/>\n<meta name=\"twitter:card\" content=\"summary_large_image\" \/>\n<meta name=\"twitter:label1\" content=\"Predpokladan\u00fd \u010das \u010d\u00edtania\" \/>\n\t<meta name=\"twitter:data1\" content=\"2 min\u00faty\" \/>\n<script type=\"application\/ld+json\" class=\"yoast-schema-graph\">{\"@context\":\"https:\/\/schema.org\",\"@graph\":[{\"@type\":\"WebPage\",\"@id\":\"https:\/\/mapapartnerstva.gov.sk\/?page_id=2556\",\"url\":\"https:\/\/mapapartnerstva.gov.sk\/?page_id=2556\",\"name\":\"Virtu\u00e1lny asistent - Mapa partnerstva\",\"isPartOf\":{\"@id\":\"https:\/\/mapapartnerstva.gov.sk\/#website\"},\"datePublished\":\"2025-11-18T07:40:40+00:00\",\"dateModified\":\"2025-11-18T14:58:21+00:00\",\"breadcrumb\":{\"@id\":\"https:\/\/mapapartnerstva.gov.sk\/?page_id=2556#breadcrumb\"},\"inLanguage\":\"sk-SK\",\"potentialAction\":[{\"@type\":\"ReadAction\",\"target\":[\"https:\/\/mapapartnerstva.gov.sk\/?page_id=2556\"]}]},{\"@type\":\"BreadcrumbList\",\"@id\":\"https:\/\/mapapartnerstva.gov.sk\/?page_id=2556#breadcrumb\",\"itemListElement\":[{\"@type\":\"ListItem\",\"position\":1,\"name\":\"Domovsk\u00e1 str\u00e1nka\",\"item\":\"https:\/\/mapapartnerstva.gov.sk\/\"},{\"@type\":\"ListItem\",\"position\":2,\"name\":\"Virtu\u00e1lny asistent\"}]},{\"@type\":\"WebSite\",\"@id\":\"https:\/\/mapapartnerstva.gov.sk\/#website\",\"url\":\"https:\/\/mapapartnerstva.gov.sk\/\",\"name\":\"Mapa partnerstva\",\"description\":\"Ministerstvo invest\u00edci\u00ed, region\u00e1lneho rozvoja a informatiz\u00e1cie Slovenskej republiky\",\"potentialAction\":[{\"@type\":\"SearchAction\",\"target\":{\"@type\":\"EntryPoint\",\"urlTemplate\":\"https:\/\/mapapartnerstva.gov.sk\/?s={search_term_string}\"},\"query-input\":{\"@type\":\"PropertyValueSpecification\",\"valueRequired\":true,\"valueName\":\"search_term_string\"}}],\"inLanguage\":\"sk-SK\"}]}<\/script>\n<!-- \/ Yoast SEO plugin. -->","yoast_head_json":{"title":"Virtu\u00e1lny asistent - Mapa partnerstva","robots":{"index":"index","follow":"follow","max-snippet":"max-snippet:-1","max-image-preview":"max-image-preview:large","max-video-preview":"max-video-preview:-1"},"canonical":"https:\/\/mapapartnerstva.gov.sk\/?page_id=2556","og_locale":"sk_SK","og_type":"article","og_title":"Virtu\u00e1lny asistent - Mapa partnerstva","og_description":"\u010co je virtu\u00e1lny asistent a na \u010do sl\u00fa\u017ei Virtu\u00e1lny asistent na str\u00e1nke Mapa partnerstva je digit\u00e1lny n\u00e1stroj, ktor\u00fd komunikuje s pou\u017e\u00edvate\u013emi prostredn\u00edctvom textu. Jeho hlavnou \u00falohou je u\u013eah\u010di\u0165 vyh\u013ead\u00e1vanie inform\u00e1ci\u00ed priamo na str\u00e1nke mapapartnerstva.sk a pom\u00f4c\u0165 V\u00e1m r\u00fdchlo z\u00edska\u0165 preh\u013ead o mo\u017enostiach \u010derpania eurofondov, dostupn\u00fdch v\u00fdzvach a pl\u00e1novan\u00fdch invest\u00edci\u00e1ch. Asistent odpoved\u00e1 na naj\u010dastej\u0161ie ot\u00e1zky, naviguje...","og_url":"https:\/\/mapapartnerstva.gov.sk\/?page_id=2556","og_site_name":"Mapa partnerstva","article_modified_time":"2025-11-18T14:58:21+00:00","twitter_card":"summary_large_image","twitter_misc":{"Predpokladan\u00fd \u010das \u010d\u00edtania":"2 min\u00faty"},"schema":{"@context":"https:\/\/schema.org","@graph":[{"@type":"WebPage","@id":"https:\/\/mapapartnerstva.gov.sk\/?page_id=2556","url":"https:\/\/mapapartnerstva.gov.sk\/?page_id=2556","name":"Virtu\u00e1lny asistent - Mapa partnerstva","isPartOf":{"@id":"https:\/\/mapapartnerstva.gov.sk\/#website"},"datePublished":"2025-11-18T07:40:40+00:00","dateModified":"2025-11-18T14:58:21+00:00","breadcrumb":{"@id":"https:\/\/mapapartnerstva.gov.sk\/?page_id=2556#breadcrumb"},"inLanguage":"sk-SK","potentialAction":[{"@type":"ReadAction","target":["https:\/\/mapapartnerstva.gov.sk\/?page_id=2556"]}]},{"@type":"BreadcrumbList","@id":"https:\/\/mapapartnerstva.gov.sk\/?page_id=2556#breadcrumb","itemListElement":[{"@type":"ListItem","position":1,"name":"Domovsk\u00e1 str\u00e1nka","item":"https:\/\/mapapartnerstva.gov.sk\/"},{"@type":"ListItem","position":2,"name":"Virtu\u00e1lny asistent"}]},{"@type":"WebSite","@id":"https:\/\/mapapartnerstva.gov.sk\/#website","url":"https:\/\/mapapartnerstva.gov.sk\/","name":"Mapa partnerstva","description":"Ministerstvo invest\u00edci\u00ed, region\u00e1lneho rozvoja a informatiz\u00e1cie Slovenskej republiky","potentialAction":[{"@type":"SearchAction","target":{"@type":"EntryPoint","urlTemplate":"https:\/\/mapapartnerstva.gov.sk\/?s={search_term_string}"},"query-input":{"@type":"PropertyValueSpecification","valueRequired":true,"valueName":"search_term_string"}}],"inLanguage":"sk-SK"}]}},"_links":{"self":[{"href":"https:\/\/mapapartnerstva.gov.sk\/index.php?rest_route=\/wp\/v2\/pages\/2556","targetHints":{"allow":["GET"]}}],"collection":[{"href":"https:\/\/mapapartnerstva.gov.sk\/index.php?rest_route=\/wp\/v2\/pages"}],"about":[{"href":"https:\/\/mapapartnerstva.gov.sk\/index.php?rest_route=\/wp\/v2\/types\/page"}],"author":[{"embeddable":true,"href":"https:\/\/mapapartnerstva.gov.sk\/index.php?rest_route=\/wp\/v2\/users\/2"}],"replies":[{"embeddable":true,"href":"https:\/\/mapapartnerstva.gov.sk\/index.php?rest_route=%2Fwp%2Fv2%2Fcomments&post=2556"}],"version-history":[{"count":5,"href":"https:\/\/mapapartnerstva.gov.sk\/index.php?rest_route=\/wp\/v2\/pages\/2556\/revisions"}],"predecessor-version":[{"id":2562,"href":"https:\/\/mapapartnerstva.gov.sk\/index.php?rest_route=\/wp\/v2\/pages\/2556\/revisions\/2562"}],"wp:attachment":[{"href":"https:\/\/mapapartnerstva.gov.sk\/index.php?rest_route=%2Fwp%2Fv2%2Fmedia&parent=2556"}],"curies":[{"name":"wp","href":"https:\/\/api.w.org\/{rel}","templated":true}]}}