{"id":1598,"date":"2025-05-27T06:09:58","date_gmt":"2025-05-27T06:09:58","guid":{"rendered":"https:\/\/mapapartnerstva.gov.sk\/?page_id=1598"},"modified":"2026-04-13T15:36:08","modified_gmt":"2026-04-13T15:36:08","slug":"archiv","status":"publish","type":"page","link":"https:\/\/mapapartnerstva.gov.sk\/?page_id=1598","title":{"rendered":"Arch\u00edv"},"content":{"rendered":"<p><a href=\"https:\/\/mapapartnerstva.gov.sk\/wp-content\/uploads\/2026\/04\/260331_Stav_IUI.pdf\">Stav IUI k 31.03.2026<\/a><\/p>\n<p><a href=\"https:\/\/mapapartnerstva.gov.sk\/wp-content\/uploads\/2026\/03\/260327_Stav_IUI.pdf\">Stav IUI k 27.03.2026<\/a><\/p>\n<p><a href=\"https:\/\/mapapartnerstva.gov.sk\/wp-content\/uploads\/2026\/03\/260320_Stav_IUI.pdf\">Stav IUI k 20.03.2026<\/a><\/p>\n<p><a href=\"https:\/\/mapapartnerstva.gov.sk\/wp-content\/uploads\/2026\/03\/260313_Stav_IUI.pdf\">Stav IUI k 13.03.2026<\/a><\/p>\n<p><a href=\"https:\/\/mapapartnerstva.gov.sk\/wp-content\/uploads\/2026\/03\/260306_Stav_IUI.pdf\">Stav IUI k 06.03.2026<\/a><\/p>\n<p><a href=\"https:\/\/mapapartnerstva.gov.sk\/wp-content\/uploads\/2026\/03\/260228_Stav_IUI.pdf\">Stav IUI k 28.02.2026<\/a><\/p>\n<p><a href=\"https:\/\/mapapartnerstva.gov.sk\/wp-content\/uploads\/2026\/02\/260220_Stav_IUI.pdf\">Stav IUI k 20.02.2026<\/a><\/p>\n<p><a href=\"https:\/\/mapapartnerstva.gov.sk\/wp-content\/uploads\/2026\/02\/260213_Stav_IUI.pdf\">Stav IUI k 13.02.2026<\/a><\/p>\n<p><a href=\"https:\/\/mapapartnerstva.gov.sk\/wp-content\/uploads\/2026\/02\/260206_Stav_IUI.pdf\">Stav IUI k 06.02.2026<\/a><\/p>\n<p><a href=\"https:\/\/mapapartnerstva.gov.sk\/wp-content\/uploads\/2026\/02\/260131_Stav_IUI.pdf\">Stav IUI k 31.01.2026<\/a><\/p>\n<p><a href=\"https:\/\/mapapartnerstva.gov.sk\/wp-content\/uploads\/2026\/01\/260123_Stav_IUI.pdf\">Stav IUI k 23.01.2026<\/a><\/p>\n<p><a href=\"https:\/\/mapapartnerstva.gov.sk\/wp-content\/uploads\/2026\/01\/260116_Stav_IUI.pdf\">Stav IUI k 16.01.2026<\/a><\/p>\n<p><a href=\"https:\/\/mapapartnerstva.gov.sk\/wp-content\/uploads\/2026\/01\/251231_Stav_IUI.pdf\">Stav IUI k 31.12.2025<\/a><\/p>\n<p><a href=\"https:\/\/mapapartnerstva.gov.sk\/wp-content\/uploads\/2025\/12\/251219_Stav_IUI.pdf\">Stav IUI k 19.12.2025<\/a><\/p>\n<p><a href=\"https:\/\/mapapartnerstva.gov.sk\/wp-content\/uploads\/2025\/12\/251212_Stav_IUI.pdf\">Stav IUI k 12.12.2025<\/a><\/p>\n<p><a href=\"https:\/\/mapapartnerstva.gov.sk\/wp-content\/uploads\/2025\/12\/251205_Stav_IUI.pdf\">Stav IUI k 05.12.2025<\/a><\/p>\n<p><a href=\"https:\/\/mapapartnerstva.gov.sk\/wp-content\/uploads\/2025\/12\/251130_Stav_IUI.pdf\">Stav IUI k 30.11.2025<\/a><\/p>\n<p><a href=\"https:\/\/mapapartnerstva.gov.sk\/wp-content\/uploads\/2025\/11\/251121_Stav_IUI.pdf\">Stav IUI k 21.11.2025<\/a><\/p>\n<p><a href=\"https:\/\/mapapartnerstva.gov.sk\/wp-content\/uploads\/2025\/11\/251114_Stav_IUI.pdf\">Stav IUI k 14.11.2025<\/a><\/p>\n<p><a href=\"https:\/\/mapapartnerstva.gov.sk\/wp-content\/uploads\/2025\/11\/251107_Stav_IUI.pdf\">Stav IUI k 07.11.2025<\/a><\/p>\n<p><a href=\"https:\/\/mapapartnerstva.gov.sk\/wp-content\/uploads\/2025\/11\/251031_Stav_IUI-1.pdf\">Stav IUI k 31.10.2025<\/a><\/p>\n<p><a href=\"https:\/\/mapapartnerstva.gov.sk\/wp-content\/uploads\/2025\/10\/251024_Stav_IUI.pdf\">Stav IUI k 24.10.2025<\/a><\/p>\n<p><a href=\"https:\/\/mapapartnerstva.gov.sk\/wp-content\/uploads\/2025\/10\/251017_Stav_IUI.pdf\">Stav IUI k 17.10.2025<\/a><\/p>\n<p><a href=\"https:\/\/mapapartnerstva.gov.sk\/wp-content\/uploads\/2025\/10\/251010_Stav_IUI.pdf\">Stav IUI k 10.10.2025<\/a><\/p>\n<p><a href=\"https:\/\/mapapartnerstva.gov.sk\/wp-content\/uploads\/2025\/10\/251003_Stav_IUI.pdf\">Stav IUI k 03.10.2025<\/a><\/p>\n<p><a href=\"https:\/\/mapapartnerstva.gov.sk\/wp-content\/uploads\/2025\/10\/250930_Stav_IUI.pdf\">Stav IUI k 30.09.2025<\/a><\/p>\n<p><a href=\"https:\/\/mapapartnerstva.gov.sk\/wp-content\/uploads\/2025\/09\/250926_Stav_IUI.pdf\">Stav IUI k 26.09.2025<\/a><\/p>\n<p><a href=\"https:\/\/mapapartnerstva.gov.sk\/wp-content\/uploads\/2025\/09\/250919_Stav_IUI.pdf\">Stav IUI k 19.09.2025<\/a><\/p>\n<p><a href=\"https:\/\/mapapartnerstva.gov.sk\/wp-content\/uploads\/2025\/09\/250912_Stav_IUI.pdf\">Stav IUI k 12.09.2025<\/a><\/p>\n<p><a href=\"https:\/\/mapapartnerstva.gov.sk\/wp-content\/uploads\/2025\/09\/250905_Stav_IUI.pdf\">Stav IUI k 05.09.2025<\/a><\/p>\n<p><a href=\"https:\/\/mapapartnerstva.gov.sk\/wp-content\/uploads\/2025\/09\/250831_Stav_IUI.pdf\">Stav IUI k 31.08.2025<\/a><\/p>\n<p><a href=\"https:\/\/mapapartnerstva.gov.sk\/wp-content\/uploads\/2025\/08\/250822_Stav_IUI.pdf\">Stav IUI k 22.08.2025<\/a><\/p>\n<p><a href=\"https:\/\/mapapartnerstva.gov.sk\/wp-content\/uploads\/2025\/08\/250815_Stav_IUI.pdf\">Stav IUI k 15.08.2025<\/a><\/p>\n<p><a href=\"https:\/\/mapapartnerstva.gov.sk\/wp-content\/uploads\/2025\/08\/250808_Stav_IUI.pdf\">Stav IUI k 08.08.2025<\/a><\/p>\n<p><a href=\"https:\/\/mapapartnerstva.gov.sk\/wp-content\/uploads\/2025\/08\/250731_Stav-IUI.pdf\">Stav IUI k 31.07.2025<\/a><\/p>\n<p><a href=\"https:\/\/mapapartnerstva.gov.sk\/wp-content\/uploads\/2025\/07\/250725_Stav-IUI.pdf\">Stav IUI k 25.07.2025<\/a><\/p>\n<p><a href=\"https:\/\/mapapartnerstva.gov.sk\/wp-content\/uploads\/2025\/07\/250718_Stav-IUI.pdf\">Stav IUI k 18.07.2025<\/a><\/p>\n<p><a href=\"https:\/\/mapapartnerstva.gov.sk\/wp-content\/uploads\/2025\/07\/250711_Stav-IUI.pdf\">Stav IUI k 11.07.2025<\/a><\/p>\n<p><a href=\"https:\/\/mapapartnerstva.gov.sk\/wp-content\/uploads\/2025\/07\/250704_Stav-IUI_oprava.pdf\">Stav IUI k 04.07.2025<\/a><\/p>\n<p><a href=\"https:\/\/mapapartnerstva.gov.sk\/wp-content\/uploads\/2025\/07\/250630_Stav-IUI.pdf\">Stav IUI k 30.06.2025<\/a><\/p>\n<p><a href=\"https:\/\/mapapartnerstva.gov.sk\/wp-content\/uploads\/2025\/06\/250620_Stav-IUI.pdf\">Stav IUI k 20.06.2025<\/a><\/p>\n<p><a href=\"https:\/\/mapapartnerstva.gov.sk\/wp-content\/uploads\/2025\/06\/250613_Stav-IUI.pdf\">Stav IUI k 13.06.2025<\/a><\/p>\n<p><a href=\"https:\/\/mapapartnerstva.gov.sk\/wp-content\/uploads\/2025\/06\/250606_Stav-IUI.pdf\">Stav IUI k 06.06.2025<\/a><\/p>\n<p><a href=\"https:\/\/mapapartnerstva.gov.sk\/wp-content\/uploads\/2025\/06\/250531_Stav-IUI.pdf\">Stav IUI k 31.05.2025<\/a><\/p>\n<p><a href=\"https:\/\/mapapartnerstva.gov.sk\/wp-content\/uploads\/2025\/05\/250526_Stav-IUI.pdf\">Stav IUI k 26.05.2025<\/a><\/p>\n<p style=\"text-align: right;\">\n","protected":false},"excerpt":{"rendered":"<p>Stav IUI k 31.03.2026 Stav IUI k 27.03.2026 Stav IUI k 20.03.2026 Stav IUI k 13.03.2026 Stav IUI k 06.03.2026 Stav IUI k 28.02.2026 Stav IUI k 20.02.2026 Stav IUI k 13.02.2026 Stav IUI k 06.02.2026 Stav IUI k 31.01.2026 Stav IUI k 23.01.2026 Stav IUI k 16.01.2026 Stav IUI k 31.12.2025 Stav IUI k&#8230;<\/p>\n","protected":false},"author":2,"featured_media":0,"parent":0,"menu_order":0,"comment_status":"closed","ping_status":"closed","template":"","meta":{"_acf_changed":false,"footnotes":""},"class_list":["post-1598","page","type-page","status-publish","hentry"],"acf":[],"yoast_head":"<!-- This site is optimized with the Yoast SEO plugin v27.0 - https:\/\/yoast.com\/product\/yoast-seo-wordpress\/ -->\n<title>Arch\u00edv - Mapa partnerstva<\/title>\n<meta name=\"robots\" content=\"index, follow, max-snippet:-1, max-image-preview:large, max-video-preview:-1\" \/>\n<link rel=\"canonical\" href=\"https:\/\/mapapartnerstva.gov.sk\/?page_id=1598\" \/>\n<meta property=\"og:locale\" content=\"sk_SK\" \/>\n<meta property=\"og:type\" content=\"article\" \/>\n<meta property=\"og:title\" content=\"Arch\u00edv - Mapa partnerstva\" \/>\n<meta property=\"og:description\" content=\"Stav IUI k 31.03.2026 Stav IUI k 27.03.2026 Stav IUI k 20.03.2026 Stav IUI k 13.03.2026 Stav IUI k 06.03.2026 Stav IUI k 28.02.2026 Stav IUI k 20.02.2026 Stav IUI k 13.02.2026 Stav IUI k 06.02.2026 Stav IUI k 31.01.2026 Stav IUI k 23.01.2026 Stav IUI k 16.01.2026 Stav IUI k 31.12.2025 Stav IUI k...\" \/>\n<meta property=\"og:url\" content=\"https:\/\/mapapartnerstva.gov.sk\/?page_id=1598\" \/>\n<meta property=\"og:site_name\" content=\"Mapa partnerstva\" \/>\n<meta property=\"article:modified_time\" content=\"2026-04-13T15:36:08+00:00\" \/>\n<meta name=\"twitter:card\" content=\"summary_large_image\" \/>\n<meta name=\"twitter:label1\" content=\"Predpokladan\u00fd \u010das \u010d\u00edtania\" \/>\n\t<meta name=\"twitter:data1\" content=\"1 min\u00fata\" \/>\n<script type=\"application\/ld+json\" class=\"yoast-schema-graph\">{\"@context\":\"https:\/\/schema.org\",\"@graph\":[{\"@type\":\"WebPage\",\"@id\":\"https:\/\/mapapartnerstva.gov.sk\/?page_id=1598\",\"url\":\"https:\/\/mapapartnerstva.gov.sk\/?page_id=1598\",\"name\":\"Arch\u00edv - Mapa partnerstva\",\"isPartOf\":{\"@id\":\"https:\/\/mapapartnerstva.gov.sk\/#website\"},\"datePublished\":\"2025-05-27T06:09:58+00:00\",\"dateModified\":\"2026-04-13T15:36:08+00:00\",\"breadcrumb\":{\"@id\":\"https:\/\/mapapartnerstva.gov.sk\/?page_id=1598#breadcrumb\"},\"inLanguage\":\"sk-SK\",\"potentialAction\":[{\"@type\":\"ReadAction\",\"target\":[\"https:\/\/mapapartnerstva.gov.sk\/?page_id=1598\"]}]},{\"@type\":\"BreadcrumbList\",\"@id\":\"https:\/\/mapapartnerstva.gov.sk\/?page_id=1598#breadcrumb\",\"itemListElement\":[{\"@type\":\"ListItem\",\"position\":1,\"name\":\"Domovsk\u00e1 str\u00e1nka\",\"item\":\"https:\/\/mapapartnerstva.gov.sk\/\"},{\"@type\":\"ListItem\",\"position\":2,\"name\":\"Arch\u00edv\"}]},{\"@type\":\"WebSite\",\"@id\":\"https:\/\/mapapartnerstva.gov.sk\/#website\",\"url\":\"https:\/\/mapapartnerstva.gov.sk\/\",\"name\":\"Mapa partnerstva\",\"description\":\"Ministerstvo invest\u00edci\u00ed, region\u00e1lneho rozvoja a informatiz\u00e1cie Slovenskej republiky\",\"potentialAction\":[{\"@type\":\"SearchAction\",\"target\":{\"@type\":\"EntryPoint\",\"urlTemplate\":\"https:\/\/mapapartnerstva.gov.sk\/?s={search_term_string}\"},\"query-input\":{\"@type\":\"PropertyValueSpecification\",\"valueRequired\":true,\"valueName\":\"search_term_string\"}}],\"inLanguage\":\"sk-SK\"}]}<\/script>\n<!-- \/ Yoast SEO plugin. -->","yoast_head_json":{"title":"Arch\u00edv - Mapa partnerstva","robots":{"index":"index","follow":"follow","max-snippet":"max-snippet:-1","max-image-preview":"max-image-preview:large","max-video-preview":"max-video-preview:-1"},"canonical":"https:\/\/mapapartnerstva.gov.sk\/?page_id=1598","og_locale":"sk_SK","og_type":"article","og_title":"Arch\u00edv - Mapa partnerstva","og_description":"Stav IUI k 31.03.2026 Stav IUI k 27.03.2026 Stav IUI k 20.03.2026 Stav IUI k 13.03.2026 Stav IUI k 06.03.2026 Stav IUI k 28.02.2026 Stav IUI k 20.02.2026 Stav IUI k 13.02.2026 Stav IUI k 06.02.2026 Stav IUI k 31.01.2026 Stav IUI k 23.01.2026 Stav IUI k 16.01.2026 Stav IUI k 31.12.2025 Stav IUI k...","og_url":"https:\/\/mapapartnerstva.gov.sk\/?page_id=1598","og_site_name":"Mapa partnerstva","article_modified_time":"2026-04-13T15:36:08+00:00","twitter_card":"summary_large_image","twitter_misc":{"Predpokladan\u00fd \u010das \u010d\u00edtania":"1 min\u00fata"},"schema":{"@context":"https:\/\/schema.org","@graph":[{"@type":"WebPage","@id":"https:\/\/mapapartnerstva.gov.sk\/?page_id=1598","url":"https:\/\/mapapartnerstva.gov.sk\/?page_id=1598","name":"Arch\u00edv - Mapa partnerstva","isPartOf":{"@id":"https:\/\/mapapartnerstva.gov.sk\/#website"},"datePublished":"2025-05-27T06:09:58+00:00","dateModified":"2026-04-13T15:36:08+00:00","breadcrumb":{"@id":"https:\/\/mapapartnerstva.gov.sk\/?page_id=1598#breadcrumb"},"inLanguage":"sk-SK","potentialAction":[{"@type":"ReadAction","target":["https:\/\/mapapartnerstva.gov.sk\/?page_id=1598"]}]},{"@type":"BreadcrumbList","@id":"https:\/\/mapapartnerstva.gov.sk\/?page_id=1598#breadcrumb","itemListElement":[{"@type":"ListItem","position":1,"name":"Domovsk\u00e1 str\u00e1nka","item":"https:\/\/mapapartnerstva.gov.sk\/"},{"@type":"ListItem","position":2,"name":"Arch\u00edv"}]},{"@type":"WebSite","@id":"https:\/\/mapapartnerstva.gov.sk\/#website","url":"https:\/\/mapapartnerstva.gov.sk\/","name":"Mapa partnerstva","description":"Ministerstvo invest\u00edci\u00ed, region\u00e1lneho rozvoja a informatiz\u00e1cie Slovenskej republiky","potentialAction":[{"@type":"SearchAction","target":{"@type":"EntryPoint","urlTemplate":"https:\/\/mapapartnerstva.gov.sk\/?s={search_term_string}"},"query-input":{"@type":"PropertyValueSpecification","valueRequired":true,"valueName":"search_term_string"}}],"inLanguage":"sk-SK"}]}},"_links":{"self":[{"href":"https:\/\/mapapartnerstva.gov.sk\/index.php?rest_route=\/wp\/v2\/pages\/1598","targetHints":{"allow":["GET"]}}],"collection":[{"href":"https:\/\/mapapartnerstva.gov.sk\/index.php?rest_route=\/wp\/v2\/pages"}],"about":[{"href":"https:\/\/mapapartnerstva.gov.sk\/index.php?rest_route=\/wp\/v2\/types\/page"}],"author":[{"embeddable":true,"href":"https:\/\/mapapartnerstva.gov.sk\/index.php?rest_route=\/wp\/v2\/users\/2"}],"replies":[{"embeddable":true,"href":"https:\/\/mapapartnerstva.gov.sk\/index.php?rest_route=%2Fwp%2Fv2%2Fcomments&post=1598"}],"version-history":[{"count":73,"href":"https:\/\/mapapartnerstva.gov.sk\/index.php?rest_route=\/wp\/v2\/pages\/1598\/revisions"}],"predecessor-version":[{"id":2912,"href":"https:\/\/mapapartnerstva.gov.sk\/index.php?rest_route=\/wp\/v2\/pages\/1598\/revisions\/2912"}],"wp:attachment":[{"href":"https:\/\/mapapartnerstva.gov.sk\/index.php?rest_route=%2Fwp%2Fv2%2Fmedia&parent=1598"}],"curies":[{"name":"wp","href":"https:\/\/api.w.org\/{rel}","templated":true}]}}