{"id":1011,"date":"2024-11-27T10:28:31","date_gmt":"2024-11-27T10:28:31","guid":{"rendered":"https:\/\/mapapartnerstva.gov.sk\/?page_id=1011"},"modified":"2025-06-12T11:34:22","modified_gmt":"2025-06-12T11:34:22","slug":"co-je-mapa-partnerstva","status":"publish","type":"page","link":"https:\/\/mapapartnerstva.gov.sk\/?page_id=1011","title":{"rendered":"\u010co je Mapa partnerstva?"},"content":{"rendered":"<p><strong>Mapa partnerstva<\/strong> predstavuje jednotn\u00e9 miesto pre vyh\u013ead\u00e1vanie inform\u00e1ci\u00ed o aktu\u00e1lne zverejnen\u00fdch v\u00fdzvach a m\u00e1 napom\u00f4c\u0165 zorientova\u0165 sa najm\u00e4 akt\u00e9rom v regi\u00f3noch vo v\u00fdzvach Programu Slovensko, Pl\u00e1nu obnovy a odolnosti, Programu rybn\u00e9 hospod\u00e1rstvo Slovenskej republiky 2021 \u2013 2027, programov INTERREG, Fondov pre oblas\u0165 vn\u00fatorn\u00fdch z\u00e1le\u017eitost\u00ed 2021-2027, Eur\u00f3pskeho po\u013enohospod\u00e1rskeho fondu pre rozvoj vidieka, Environment\u00e1lneho fondu, Moderniza\u010dn\u00e9ho fondu, Grantov EHP, N\u00f3rska a Programu \u0161vaj\u010diarsko-slovenskej spolupr\u00e1ce, resp. \u010fal\u0161\u00edch n\u00e1strojov finan\u010dnej podpory.<\/p>\n<p>Z\u00e1rove\u0148 napom\u00e1ha zefekt\u00edvni\u0165 a ur\u00fdchli\u0165 proces \u010derpania finan\u010dn\u00fdch prostriedkov.<\/p>\n<p>V\u00a0r\u00e1mci Mapy partnerstva s\u00fa v\u00fdzvy zaraden\u00e9 do obsahov\u00fdch kateg\u00f3ri\u00ed tak, aby umo\u017enili potenci\u00e1lnym \u017eiadate\u013eom lep\u0161ie identifikova\u0165 v\u00fdzvy o\u00a0ktor\u00e9 by mali z\u00e1ujem.<\/p>\n<p>Mapa partnerstva n\u00e1sledne umo\u017e\u0148uje priamym linkom na v\u00fdzvu zisti\u0165 presnej\u0161ie inform\u00e1cie o v\u00fdzve, kde \u017eiadate\u013e z\u00edska podrobnej\u0161ie inform\u00e1cie o podmienkach opr\u00e1vnenosti, term\u00ednoch podania \u017eiadost\u00ed, podmienkach predkladania, popise cie\u013eov v\u00fdzvy a merate\u013en\u00fdch ukazovate\u013eov.<\/p>\n","protected":false},"excerpt":{"rendered":"<p>Mapa partnerstva predstavuje jednotn\u00e9 miesto pre vyh\u013ead\u00e1vanie inform\u00e1ci\u00ed o aktu\u00e1lne zverejnen\u00fdch v\u00fdzvach a m\u00e1 napom\u00f4c\u0165 zorientova\u0165 sa najm\u00e4 akt\u00e9rom v regi\u00f3noch vo v\u00fdzvach Programu Slovensko, Pl\u00e1nu obnovy a odolnosti, Programu rybn\u00e9 hospod\u00e1rstvo Slovenskej republiky 2021 \u2013 2027, programov INTERREG, Fondov pre oblas\u0165 vn\u00fatorn\u00fdch z\u00e1le\u017eitost\u00ed 2021-2027, Eur\u00f3pskeho po\u013enohospod\u00e1rskeho fondu pre rozvoj vidieka, Environment\u00e1lneho fondu, Moderniza\u010dn\u00e9ho fondu,&#8230;<\/p>\n","protected":false},"author":2,"featured_media":0,"parent":0,"menu_order":0,"comment_status":"closed","ping_status":"closed","template":"","meta":{"_acf_changed":false,"footnotes":""},"class_list":["post-1011","page","type-page","status-publish","hentry"],"acf":[],"yoast_head":"<!-- This site is optimized with the Yoast SEO plugin v27.0 - https:\/\/yoast.com\/product\/yoast-seo-wordpress\/ -->\n<title>\u010co je Mapa partnerstva? - Mapa partnerstva<\/title>\n<meta name=\"robots\" content=\"index, follow, max-snippet:-1, max-image-preview:large, max-video-preview:-1\" \/>\n<link rel=\"canonical\" href=\"https:\/\/mapapartnerstva.gov.sk\/?page_id=1011\" \/>\n<meta property=\"og:locale\" content=\"sk_SK\" \/>\n<meta property=\"og:type\" content=\"article\" \/>\n<meta property=\"og:title\" content=\"\u010co je Mapa partnerstva? - Mapa partnerstva\" \/>\n<meta property=\"og:description\" content=\"Mapa partnerstva predstavuje jednotn\u00e9 miesto pre vyh\u013ead\u00e1vanie inform\u00e1ci\u00ed o aktu\u00e1lne zverejnen\u00fdch v\u00fdzvach a m\u00e1 napom\u00f4c\u0165 zorientova\u0165 sa najm\u00e4 akt\u00e9rom v regi\u00f3noch vo v\u00fdzvach Programu Slovensko, Pl\u00e1nu obnovy a odolnosti, Programu rybn\u00e9 hospod\u00e1rstvo Slovenskej republiky 2021 \u2013 2027, programov INTERREG, Fondov pre oblas\u0165 vn\u00fatorn\u00fdch z\u00e1le\u017eitost\u00ed 2021-2027, Eur\u00f3pskeho po\u013enohospod\u00e1rskeho fondu pre rozvoj vidieka, Environment\u00e1lneho fondu, Moderniza\u010dn\u00e9ho fondu,...\" \/>\n<meta property=\"og:url\" content=\"https:\/\/mapapartnerstva.gov.sk\/?page_id=1011\" \/>\n<meta property=\"og:site_name\" content=\"Mapa partnerstva\" \/>\n<meta property=\"article:modified_time\" content=\"2025-06-12T11:34:22+00:00\" \/>\n<meta name=\"twitter:card\" content=\"summary_large_image\" \/>\n<meta name=\"twitter:label1\" content=\"Predpokladan\u00fd \u010das \u010d\u00edtania\" \/>\n\t<meta name=\"twitter:data1\" content=\"1 min\u00fata\" \/>\n<script type=\"application\/ld+json\" class=\"yoast-schema-graph\">{\"@context\":\"https:\/\/schema.org\",\"@graph\":[{\"@type\":\"WebPage\",\"@id\":\"https:\/\/mapapartnerstva.gov.sk\/?page_id=1011\",\"url\":\"https:\/\/mapapartnerstva.gov.sk\/?page_id=1011\",\"name\":\"\u010co je Mapa partnerstva? - Mapa partnerstva\",\"isPartOf\":{\"@id\":\"https:\/\/mapapartnerstva.gov.sk\/#website\"},\"datePublished\":\"2024-11-27T10:28:31+00:00\",\"dateModified\":\"2025-06-12T11:34:22+00:00\",\"breadcrumb\":{\"@id\":\"https:\/\/mapapartnerstva.gov.sk\/?page_id=1011#breadcrumb\"},\"inLanguage\":\"sk-SK\",\"potentialAction\":[{\"@type\":\"ReadAction\",\"target\":[\"https:\/\/mapapartnerstva.gov.sk\/?page_id=1011\"]}]},{\"@type\":\"BreadcrumbList\",\"@id\":\"https:\/\/mapapartnerstva.gov.sk\/?page_id=1011#breadcrumb\",\"itemListElement\":[{\"@type\":\"ListItem\",\"position\":1,\"name\":\"Domovsk\u00e1 str\u00e1nka\",\"item\":\"https:\/\/mapapartnerstva.gov.sk\/\"},{\"@type\":\"ListItem\",\"position\":2,\"name\":\"\u010co je Mapa partnerstva?\"}]},{\"@type\":\"WebSite\",\"@id\":\"https:\/\/mapapartnerstva.gov.sk\/#website\",\"url\":\"https:\/\/mapapartnerstva.gov.sk\/\",\"name\":\"Mapa partnerstva\",\"description\":\"Ministerstvo invest\u00edci\u00ed, region\u00e1lneho rozvoja a informatiz\u00e1cie Slovenskej republiky\",\"potentialAction\":[{\"@type\":\"SearchAction\",\"target\":{\"@type\":\"EntryPoint\",\"urlTemplate\":\"https:\/\/mapapartnerstva.gov.sk\/?s={search_term_string}\"},\"query-input\":{\"@type\":\"PropertyValueSpecification\",\"valueRequired\":true,\"valueName\":\"search_term_string\"}}],\"inLanguage\":\"sk-SK\"}]}<\/script>\n<!-- \/ Yoast SEO plugin. -->","yoast_head_json":{"title":"\u010co je Mapa partnerstva? - Mapa partnerstva","robots":{"index":"index","follow":"follow","max-snippet":"max-snippet:-1","max-image-preview":"max-image-preview:large","max-video-preview":"max-video-preview:-1"},"canonical":"https:\/\/mapapartnerstva.gov.sk\/?page_id=1011","og_locale":"sk_SK","og_type":"article","og_title":"\u010co je Mapa partnerstva? - Mapa partnerstva","og_description":"Mapa partnerstva predstavuje jednotn\u00e9 miesto pre vyh\u013ead\u00e1vanie inform\u00e1ci\u00ed o aktu\u00e1lne zverejnen\u00fdch v\u00fdzvach a m\u00e1 napom\u00f4c\u0165 zorientova\u0165 sa najm\u00e4 akt\u00e9rom v regi\u00f3noch vo v\u00fdzvach Programu Slovensko, Pl\u00e1nu obnovy a odolnosti, Programu rybn\u00e9 hospod\u00e1rstvo Slovenskej republiky 2021 \u2013 2027, programov INTERREG, Fondov pre oblas\u0165 vn\u00fatorn\u00fdch z\u00e1le\u017eitost\u00ed 2021-2027, Eur\u00f3pskeho po\u013enohospod\u00e1rskeho fondu pre rozvoj vidieka, Environment\u00e1lneho fondu, Moderniza\u010dn\u00e9ho fondu,...","og_url":"https:\/\/mapapartnerstva.gov.sk\/?page_id=1011","og_site_name":"Mapa partnerstva","article_modified_time":"2025-06-12T11:34:22+00:00","twitter_card":"summary_large_image","twitter_misc":{"Predpokladan\u00fd \u010das \u010d\u00edtania":"1 min\u00fata"},"schema":{"@context":"https:\/\/schema.org","@graph":[{"@type":"WebPage","@id":"https:\/\/mapapartnerstva.gov.sk\/?page_id=1011","url":"https:\/\/mapapartnerstva.gov.sk\/?page_id=1011","name":"\u010co je Mapa partnerstva? - Mapa partnerstva","isPartOf":{"@id":"https:\/\/mapapartnerstva.gov.sk\/#website"},"datePublished":"2024-11-27T10:28:31+00:00","dateModified":"2025-06-12T11:34:22+00:00","breadcrumb":{"@id":"https:\/\/mapapartnerstva.gov.sk\/?page_id=1011#breadcrumb"},"inLanguage":"sk-SK","potentialAction":[{"@type":"ReadAction","target":["https:\/\/mapapartnerstva.gov.sk\/?page_id=1011"]}]},{"@type":"BreadcrumbList","@id":"https:\/\/mapapartnerstva.gov.sk\/?page_id=1011#breadcrumb","itemListElement":[{"@type":"ListItem","position":1,"name":"Domovsk\u00e1 str\u00e1nka","item":"https:\/\/mapapartnerstva.gov.sk\/"},{"@type":"ListItem","position":2,"name":"\u010co je Mapa partnerstva?"}]},{"@type":"WebSite","@id":"https:\/\/mapapartnerstva.gov.sk\/#website","url":"https:\/\/mapapartnerstva.gov.sk\/","name":"Mapa partnerstva","description":"Ministerstvo invest\u00edci\u00ed, region\u00e1lneho rozvoja a informatiz\u00e1cie Slovenskej republiky","potentialAction":[{"@type":"SearchAction","target":{"@type":"EntryPoint","urlTemplate":"https:\/\/mapapartnerstva.gov.sk\/?s={search_term_string}"},"query-input":{"@type":"PropertyValueSpecification","valueRequired":true,"valueName":"search_term_string"}}],"inLanguage":"sk-SK"}]}},"_links":{"self":[{"href":"https:\/\/mapapartnerstva.gov.sk\/index.php?rest_route=\/wp\/v2\/pages\/1011","targetHints":{"allow":["GET"]}}],"collection":[{"href":"https:\/\/mapapartnerstva.gov.sk\/index.php?rest_route=\/wp\/v2\/pages"}],"about":[{"href":"https:\/\/mapapartnerstva.gov.sk\/index.php?rest_route=\/wp\/v2\/types\/page"}],"author":[{"embeddable":true,"href":"https:\/\/mapapartnerstva.gov.sk\/index.php?rest_route=\/wp\/v2\/users\/2"}],"replies":[{"embeddable":true,"href":"https:\/\/mapapartnerstva.gov.sk\/index.php?rest_route=%2Fwp%2Fv2%2Fcomments&post=1011"}],"version-history":[{"count":12,"href":"https:\/\/mapapartnerstva.gov.sk\/index.php?rest_route=\/wp\/v2\/pages\/1011\/revisions"}],"predecessor-version":[{"id":1720,"href":"https:\/\/mapapartnerstva.gov.sk\/index.php?rest_route=\/wp\/v2\/pages\/1011\/revisions\/1720"}],"wp:attachment":[{"href":"https:\/\/mapapartnerstva.gov.sk\/index.php?rest_route=%2Fwp%2Fv2%2Fmedia&parent=1011"}],"curies":[{"name":"wp","href":"https:\/\/api.w.org\/{rel}","templated":true}]}}